{"id":109,"date":"2012-10-29T14:24:25","date_gmt":"2012-10-29T13:24:25","guid":{"rendered":"http:\/\/directadmin.info.pl\/?page_id=109"},"modified":"2012-12-21T10:55:23","modified_gmt":"2012-12-21T09:55:23","slug":"uslugi_sponsora_lir","status":"publish","type":"page","link":"https:\/\/www.horyzont.net\/de\/oferta\/uslugi_sponsora_lir\/","title":{"rendered":"Dienstleistungen des LIR-Sponsor"},"content":{"rendered":"<p><\/p>\n<p>Fa. \u201eHoryzont Technologie Internetowe\u201d hat einen LIR-Status (Local Internet Registry, zu Dt.: Lokale Internet-Registrierung). Auf diesem Grund bieten wir den interessierten Kunden das Erlangen und Beibehalten von Nummer-Ressourcen an, die durch RIR (Regional Internet-Registrierung) verleiht werden. F\u00fcr den europ\u00e4ischen Raum ist daf\u00fcr die Organisation RIPE mit Sitz in Amsterdam zust\u00e4ndig.<\/p>\n<p>Unsere Firma ist eine der ersten polnischen Internetanbieter, der einen LIR-Status hat \u2013 wir haben ihn schon 2001 erlangen.<\/p>\n<p>Im Rahmen des Vertrages mit RIPE bieten wir das Erlangen und Beibehalten von Nummer-Ressourcen an, wie Nummer der autonomen Systeme (ASN), Adressklassen vom Typ provider independent, sowohl f\u00fcr IPv4-Protokoll, als auch f\u00fcr neuen Standard IPv6.<\/p>\n<p>Interessenten empfehlen wir sich unseren Mustervertrag \u00fcber diese Dienstleistungen anzuschauen<\/p>\n<p><\/p>","protected":false},"excerpt":{"rendered":"<p>Fa. \u201eHoryzont Technologie Internetowe\u201d hat einen LIR-Status (Local Internet Registry, zu Dt.: Lokale Internet-Registrierung). Auf diesem Grund bieten wir den interessierten Kunden das Erlangen und Beibehalten von Nummer-Ressourcen an, die durch RIR (Regional Internet-Registrierung) verleiht werden. F\u00fcr den europ\u00e4ischen Raum ist daf\u00fcr die Organisation RIPE mit Sitz in Amsterdam zust\u00e4ndig. Unsere Firma ist eine der&hellip; <a class=\"continue\" href=\"https:\/\/www.horyzont.net\/de\/oferta\/uslugi_sponsora_lir\/\">Wi\u0119cej<span> Dienstleistungen des LIR-Sponsor<\/span><\/a><\/p>\n","protected":false},"author":6,"featured_media":0,"parent":281,"menu_order":0,"comment_status":"closed","ping_status":"open","template":"","meta":{"footnotes":""},"class_list":["post-109","page","type-page","status-publish","hentry"],"aioseo_notices":[],"_links":{"self":[{"href":"https:\/\/www.horyzont.net\/de\/wp-json\/wp\/v2\/pages\/109","targetHints":{"allow":["GET"]}}],"collection":[{"href":"https:\/\/www.horyzont.net\/de\/wp-json\/wp\/v2\/pages"}],"about":[{"href":"https:\/\/www.horyzont.net\/de\/wp-json\/wp\/v2\/types\/page"}],"author":[{"embeddable":true,"href":"https:\/\/www.horyzont.net\/de\/wp-json\/wp\/v2\/users\/6"}],"replies":[{"embeddable":true,"href":"https:\/\/www.horyzont.net\/de\/wp-json\/wp\/v2\/comments?post=109"}],"version-history":[{"count":14,"href":"https:\/\/www.horyzont.net\/de\/wp-json\/wp\/v2\/pages\/109\/revisions"}],"predecessor-version":[{"id":1089,"href":"https:\/\/www.horyzont.net\/de\/wp-json\/wp\/v2\/pages\/109\/revisions\/1089"}],"up":[{"embeddable":true,"href":"https:\/\/www.horyzont.net\/de\/wp-json\/wp\/v2\/pages\/281"}],"wp:attachment":[{"href":"https:\/\/www.horyzont.net\/de\/wp-json\/wp\/v2\/media?parent=109"}],"curies":[{"name":"wp","href":"https:\/\/api.w.org\/{rel}","templated":true}]}}