{"id":112,"date":"2012-10-29T14:24:47","date_gmt":"2012-10-29T13:24:47","guid":{"rendered":"http:\/\/directadmin.info.pl\/?page_id=112"},"modified":"2016-06-30T13:20:04","modified_gmt":"2016-06-30T11:20:04","slug":"rejestracja_domen","status":"publish","type":"page","link":"https:\/\/www.horyzont.net\/de\/oferta\/rejestracja_domen\/","title":{"rendered":"Registrieren von Domains"},"content":{"rendered":"<p><\/p>\n<p>Eine Internetdomain ist die Adresse eines Inhaltes, die bedienungsfreundlich dargestellt wird (wie z. B. www.horyzont.net), anstatt die Adresse in Form einer IP-Adresse (wie z. B. 217.168.140.1), die die Internetserver nutzen.<\/p>\n<p>Fa. \u201eHoryzont Technologie Internetowe\u201d bietet die Vermittlung bei Registrierung beliebiger Domains sowohl in Polen als auch im Ausland. Wir sind der Geb\u00fchrenzahler, aber der Inhaber einer Domain bleibt immer unser Kunde.<\/p>\n<p><strong>Preisliste f\u00fcr Domainregistrierung<\/strong><\/p>\n<table width=\"547\" border=\"0\" cellspacing=\"3\" cellpadding=\"0\">\n<tbody>\n<tr>\n<td width=\"224\"><strong>Domain-Name<\/strong><\/td>\n<td width=\"151\"><strong>Preis (o. MwSt)<\/strong><\/td>\n<td width=\"162\"><strong>Preis (m. MwSt)<\/strong><\/td>\n<\/tr>\n<tr>\n<td width=\"224\">.com.pl .org.pl net.pl<\/td>\n<td width=\"151\">70 PLN \/ Jahr<\/td>\n<td width=\"162\">85,4 PLN \/ Jahr<\/td>\n<\/tr>\n<tr>\n<td width=\"224\">.pl<\/td>\n<td width=\"151\">90 PLN \/ Jahr<\/td>\n<td width=\"162\">109,8 PLN\/ Jahr<\/td>\n<\/tr>\n<tr>\n<td width=\"224\">.poznan.pl<\/td>\n<td width=\"151\">50 PLN \/ Jahr<\/td>\n<td width=\"162\">61 PLN \/ Jahr<\/td>\n<\/tr>\n<tr>\n<td width=\"224\">.com .net .org<\/td>\n<td width=\"151\">50 PLN \/ Jahr<\/td>\n<td width=\"162\">61 PLN \/ Jahr<\/td>\n<\/tr>\n<tr>\n<td width=\"224\">.eu<\/td>\n<td width=\"151\">50 PLN \/ Jahr<\/td>\n<td width=\"162\">61 PLN \/ Jahr<\/td>\n<\/tr>\n<\/tbody>\n<\/table>\n<p><strong>\u00a0<\/strong><\/p>\n<p><strong>Transfer vorhandener Domains<\/strong><\/p>\n<p>F\u00fcr Firmen o. Institutionen, die Unterhaltung eigener Domain an uns \u00fcbertragen wollen, bieten wir kostenlose Beihilfe. Sie beinhaltet s\u00e4mtliche Prozedur, beginnend mit Kontaktaufnahme mit bisherigem Anbieter, \u00fcber Einreichung notwendiger Unterlagen bis zur Konfiguration der DNS-Server.<\/p>\n<p><strong>Ungenutzte Domain parken<\/strong><\/p>\n<p>Sollte eine Domain auf den Inhaber registriert, aber nicht genutzt werden, so schlagen wir vor eine Parken-Dienstleistung anzukaufen, was das Beibehalten von Domain-Delegation (Registrierung) am DNS-Server bedeutet, bei keinen Aktivit\u00e4ten an dieser Domain.<\/p>\n<p><\/p>","protected":false},"excerpt":{"rendered":"<p>Eine Internetdomain ist die Adresse eines Inhaltes, die bedienungsfreundlich dargestellt wird (wie z. B. www.horyzont.net), anstatt die Adresse in Form einer IP-Adresse (wie z. B. 217.168.140.1), die die Internetserver nutzen. Fa. \u201eHoryzont Technologie Internetowe\u201d bietet die Vermittlung bei Registrierung beliebiger Domains sowohl in Polen als auch im Ausland. Wir sind der Geb\u00fchrenzahler, aber der Inhaber&hellip; <a class=\"continue\" href=\"https:\/\/www.horyzont.net\/de\/oferta\/rejestracja_domen\/\">Wi\u0119cej<span> Registrieren von Domains<\/span><\/a><\/p>\n","protected":false},"author":6,"featured_media":0,"parent":281,"menu_order":0,"comment_status":"closed","ping_status":"closed","template":"","meta":{"footnotes":""},"class_list":["post-112","page","type-page","status-publish","hentry"],"aioseo_notices":[],"_links":{"self":[{"href":"https:\/\/www.horyzont.net\/de\/wp-json\/wp\/v2\/pages\/112","targetHints":{"allow":["GET"]}}],"collection":[{"href":"https:\/\/www.horyzont.net\/de\/wp-json\/wp\/v2\/pages"}],"about":[{"href":"https:\/\/www.horyzont.net\/de\/wp-json\/wp\/v2\/types\/page"}],"author":[{"embeddable":true,"href":"https:\/\/www.horyzont.net\/de\/wp-json\/wp\/v2\/users\/6"}],"replies":[{"embeddable":true,"href":"https:\/\/www.horyzont.net\/de\/wp-json\/wp\/v2\/comments?post=112"}],"version-history":[{"count":25,"href":"https:\/\/www.horyzont.net\/de\/wp-json\/wp\/v2\/pages\/112\/revisions"}],"predecessor-version":[{"id":1843,"href":"https:\/\/www.horyzont.net\/de\/wp-json\/wp\/v2\/pages\/112\/revisions\/1843"}],"up":[{"embeddable":true,"href":"https:\/\/www.horyzont.net\/de\/wp-json\/wp\/v2\/pages\/281"}],"wp:attachment":[{"href":"https:\/\/www.horyzont.net\/de\/wp-json\/wp\/v2\/media?parent=112"}],"curies":[{"name":"wp","href":"https:\/\/api.w.org\/{rel}","templated":true}]}}