{"id":115,"date":"2012-10-29T14:25:05","date_gmt":"2012-10-29T13:25:05","guid":{"rendered":"http:\/\/directadmin.info.pl\/?page_id=115"},"modified":"2012-12-21T10:53:57","modified_gmt":"2012-12-21T09:53:57","slug":"uslugi_integracji_it","status":"publish","type":"page","link":"https:\/\/www.horyzont.net\/de\/oferta\/uslugi_integracji_it\/","title":{"rendered":"Integrationsdienstleistungen im IT-Bereich"},"content":{"rendered":"<p><\/p>\n<p>Parallel zu geleisteten L\u00f6sungen im Internetbereich, bieten wir unseren Kunden die Integration derer Teleinformatik-Systeme.<\/p>\n<p>Diese Dienstleistungen werden in der Regel zusammen mit Hosting- bzw. Telekommunikationsdiensten angeboten.<\/p>\n<p>Auf unserer Seite liegt u. a.:<\/p>\n<p>&#8211;\u00a0\u00a0\u00a0\u00a0\u00a0\u00a0 Entwurf, Aufbau und Instandhaltung von fernen und lokalen Netzwerke,<\/p>\n<p>&#8211;\u00a0\u00a0\u00a0\u00a0\u00a0\u00a0 Lieferung von Serverl\u00f6sungen und Datenablagen in Zusammenarbeit mit unserem Technologie-Partner Fa. Sun Microsystems,<\/p>\n<p>&#8211;\u00a0\u00a0\u00a0\u00a0\u00a0\u00a0 Entwurf und Einf\u00fchrung von L\u00f6sungen f\u00fcr sichere Kommunikation in Anlehnung an den VPN-L\u00f6sungen der Fa. Cisco Systems,<\/p>\n<p>&#8211;\u00a0\u00a0\u00a0\u00a0\u00a0\u00a0 Technische Unterst\u00fctzung vorhandenen fernen und lokalen Netzwerke<\/p>\n<p>&#8211;\u00a0\u00a0\u00a0\u00a0\u00a0\u00a0 Einf\u00fchrung der Serverl\u00f6sungen in Systemen wie GNU von Linux (vorz\u00fcglich Debian-Distribution), FreeBSD, Solaris, Microsoft Windows sowie im Programmumfeld f\u00fcr Virtualisierung von VMware und Xen<\/p>\n<p><\/p>","protected":false},"excerpt":{"rendered":"<p>Parallel zu geleisteten L\u00f6sungen im Internetbereich, bieten wir unseren Kunden die Integration derer Teleinformatik-Systeme. Diese Dienstleistungen werden in der Regel zusammen mit Hosting- bzw. Telekommunikationsdiensten angeboten. Auf unserer Seite liegt u. a.: &#8211;\u00a0\u00a0\u00a0\u00a0\u00a0\u00a0 Entwurf, Aufbau und Instandhaltung von fernen und lokalen Netzwerke, &#8211;\u00a0\u00a0\u00a0\u00a0\u00a0\u00a0 Lieferung von Serverl\u00f6sungen und Datenablagen in Zusammenarbeit mit unserem Technologie-Partner Fa. Sun&hellip; <a class=\"continue\" href=\"https:\/\/www.horyzont.net\/de\/oferta\/uslugi_integracji_it\/\">Wi\u0119cej<span> Integrationsdienstleistungen im IT-Bereich<\/span><\/a><\/p>\n","protected":false},"author":6,"featured_media":0,"parent":281,"menu_order":0,"comment_status":"closed","ping_status":"closed","template":"","meta":{"footnotes":""},"class_list":["post-115","page","type-page","status-publish","hentry"],"aioseo_notices":[],"_links":{"self":[{"href":"https:\/\/www.horyzont.net\/de\/wp-json\/wp\/v2\/pages\/115","targetHints":{"allow":["GET"]}}],"collection":[{"href":"https:\/\/www.horyzont.net\/de\/wp-json\/wp\/v2\/pages"}],"about":[{"href":"https:\/\/www.horyzont.net\/de\/wp-json\/wp\/v2\/types\/page"}],"author":[{"embeddable":true,"href":"https:\/\/www.horyzont.net\/de\/wp-json\/wp\/v2\/users\/6"}],"replies":[{"embeddable":true,"href":"https:\/\/www.horyzont.net\/de\/wp-json\/wp\/v2\/comments?post=115"}],"version-history":[{"count":17,"href":"https:\/\/www.horyzont.net\/de\/wp-json\/wp\/v2\/pages\/115\/revisions"}],"predecessor-version":[{"id":1088,"href":"https:\/\/www.horyzont.net\/de\/wp-json\/wp\/v2\/pages\/115\/revisions\/1088"}],"up":[{"embeddable":true,"href":"https:\/\/www.horyzont.net\/de\/wp-json\/wp\/v2\/pages\/281"}],"wp:attachment":[{"href":"https:\/\/www.horyzont.net\/de\/wp-json\/wp\/v2\/media?parent=115"}],"curies":[{"name":"wp","href":"https:\/\/api.w.org\/{rel}","templated":true}]}}