{"id":125,"date":"2012-10-29T14:28:19","date_gmt":"2012-10-29T13:28:19","guid":{"rendered":"http:\/\/directadmin.info.pl\/?page_id=125"},"modified":"2017-10-23T10:22:28","modified_gmt":"2017-10-23T08:22:28","slug":"konfiguracja_poczty","status":"publish","type":"page","link":"https:\/\/www.horyzont.net\/de\/pomoc\/konfiguracja_poczty\/","title":{"rendered":"Konfiguracja poczty"},"content":{"rendered":"<p>System poczty elektronicznej naszej firmy oferuje obs\u0142ug\u0119 nast\u0119puj\u0105cych protoko\u0142\u00f3w sieciowych: SMTP (z szyfrowaniem transmisji STARTTLS), POP3 (z szyfrowaniem STARTTLS), IMAP (r\u00f3wnie\u017c w wersji ze STARTTLS).Adres serwera pocztowego dla wszystkich protoko\u0142\u00f3w to:<\/p>\n<p><span style=\"color: #339966;\"><strong>poczta.hti.pl<\/strong><\/span><\/p>\n<p><strong>Wa\u017cne!<\/strong><br \/>\nNazwa konta pocztowego jest <strong>identyczna<\/strong> z pe\u0142nym adresem e-mail. Tak wi\u0119c konfiguruj\u0105c konto pocztowe w programie do obs\u0142ugi poczty nale\u017cy przy podawaniu nazwy konta wpisa\u0107 pe\u0142ny adres email.<br \/>\nNa kolejnych stronach przedstawiamy krok po kroku instrukcje rekonfiguracji najpopularniejszych program\u00f3w do obs\u0142ugi poczty elektronicznej z szyfrowaniem.<\/p>\n<p><a href=\"https:\/\/www.horyzont.net\/pomoc\/konfiguracja_poczty\/android-pop3smtp\/\">&#8211; <\/a><a href=\"https:\/\/www.horyzont.net\/pomoc\/konfiguracja_poczty\/microsoft-outlook-2003-imapsmtp\/\">Microsoft Outlook 2003 IMAP + SMTP<\/a><a href=\"https:\/\/www.horyzont.net\/pomoc\/konfiguracja_poczty\/android-pop3smtp\/\"><br \/>\n&#8211; <\/a><a href=\"https:\/\/www.horyzont.net\/pomoc\/konfiguracja_poczty\/microsoft-outlook-2003-pop3smtp\/\">Microsoft Outlook 2003 POP3 + SMTP<\/a><a href=\"https:\/\/www.horyzont.net\/pomoc\/konfiguracja_poczty\/android-pop3smtp\/\"><br \/>\n&#8211; <\/a><a href=\"https:\/\/www.horyzont.net\/pomoc\/konfiguracja_poczty\/microsoft-outlook-2007-imapsmtp\/\">Microsoft Outlook 2007 IMAP + SMTP<\/a><a href=\"https:\/\/www.horyzont.net\/pomoc\/konfiguracja_poczty\/android-pop3smtp\/\"><br \/>\n&#8211; <\/a><a href=\"https:\/\/www.horyzont.net\/pomoc\/konfiguracja_poczty\/microsoft-outlook-2007-pop3smtp\/\">Microsoft Outlook 2007 POP3 + SMTP<\/a><a href=\"https:\/\/www.horyzont.net\/pomoc\/konfiguracja_poczty\/android-pop3smtp\/\"><br \/>\n&#8211; <\/a><a href=\"https:\/\/www.horyzont.net\/pomoc\/konfiguracja_poczty\/microsoft-outlook-201020132016-imapsmtp\/\">Microsoft Outlook 2010,2013,2016 IMAP + SMTP<\/a><a href=\"https:\/\/www.horyzont.net\/pomoc\/konfiguracja_poczty\/android-pop3smtp\/\"><br \/>\n&#8211; <\/a><a href=\"https:\/\/www.horyzont.net\/pomoc\/konfiguracja_poczty\/microsoft-outlook-201020132016-pop3smtp\/\">Microsoft Outlook 2010,2013,2016 POP3 + SMTP<\/a><a href=\"https:\/\/www.horyzont.net\/pomoc\/konfiguracja_poczty\/android-pop3smtp\/\"><br \/>\n&#8211; <\/a><a href=\"https:\/\/www.horyzont.net\/pomoc\/konfiguracja_poczty\/windows-live-mail-imapsmtp\/\">Windows Live Mail IMAP + SMTP<\/a><a href=\"https:\/\/www.horyzont.net\/pomoc\/konfiguracja_poczty\/android-pop3smtp\/\"><br \/>\n&#8211; <\/a><a href=\"https:\/\/www.horyzont.net\/pomoc\/konfiguracja_poczty\/windows-live-mail-pop3smtp\/\">Windows Live Mail POP3 + SMTP<\/a><a href=\"https:\/\/www.horyzont.net\/pomoc\/konfiguracja_poczty\/android-pop3smtp\/\"><br \/>\n&#8211; <\/a><a href=\"https:\/\/www.horyzont.net\/pomoc\/konfiguracja_poczty\/mozilla-thunderbird-imapsmtp\/\">Mozilla Thunderbird IMAP + SMTP<\/a><a href=\"https:\/\/www.horyzont.net\/pomoc\/konfiguracja_poczty\/android-pop3smtp\/\"><br \/>\n&#8211; <\/a><a href=\"https:\/\/www.horyzont.net\/pomoc\/konfiguracja_poczty\/mozilla-thunderbird-pop3smtp\/\">Mozilla Thunderbird POP3 + SMTP<\/a><a href=\"https:\/\/www.horyzont.net\/pomoc\/konfiguracja_poczty\/android-pop3smtp\/\"><br \/>\n&#8211; <\/a><a href=\"https:\/\/www.horyzont.net\/pomoc\/konfiguracja_poczty\/mail-macos-imapsmtp\/\">Mail (MacOS) IMAP + SMTP<\/a><a href=\"https:\/\/www.horyzont.net\/pomoc\/konfiguracja_poczty\/android-pop3smtp\/\"><br \/>\n&#8211; <\/a><a href=\"https:\/\/www.horyzont.net\/pomoc\/konfiguracja_poczty\/mail-macos-pop3smtp\/\">Mail (MacOS) POP3 + SMTP<\/a><a href=\"https:\/\/www.horyzont.net\/pomoc\/konfiguracja_poczty\/android-pop3smtp\/\"><br \/>\n&#8211; <\/a><a href=\"https:\/\/www.horyzont.net\/pomoc\/konfiguracja_poczty\/outlook-2016-for-macos-imap-smtp\/\">Outlook 2016 for MacOS IMAP + SMTP<\/a><a href=\"https:\/\/www.horyzont.net\/pomoc\/konfiguracja_poczty\/android-pop3smtp\/\"><br \/>\n&#8211; <\/a><a href=\"https:\/\/www.horyzont.net\/pomoc\/konfiguracja_poczty\/outlook-2016-for-macos-pop3-smtp\/\">Outlook 2016 for MacOS POP3 + SMTP<\/a><a href=\"https:\/\/www.horyzont.net\/pomoc\/konfiguracja_poczty\/android-pop3smtp\/\"><br \/>\n&#8211; <\/a><a href=\"https:\/\/www.horyzont.net\/pomoc\/konfiguracja_poczty\/mail-iphone-imapsmtp\/\">Mail (iPhone) IMAP + SMTP<\/a><a href=\"https:\/\/www.horyzont.net\/pomoc\/konfiguracja_poczty\/android-pop3smtp\/\"><br \/>\n&#8211; <\/a><a href=\"https:\/\/www.horyzont.net\/pomoc\/konfiguracja_poczty\/mail-iphone-pop3smtp\/\">Mail (iPhone) POP3 + SMTP<\/a><a href=\"https:\/\/www.horyzont.net\/pomoc\/konfiguracja_poczty\/android-pop3smtp\/\"><br \/>\n&#8211; <\/a><a href=\"https:\/\/www.horyzont.net\/pomoc\/konfiguracja_poczty\/android-pop3smtp\/\">Android IMAP + SMTP<\/a><a href=\"https:\/\/www.horyzont.net\/pomoc\/konfiguracja_poczty\/android-pop3smtp\/\"><br \/>\n&#8211; <\/a><a href=\"https:\/\/www.horyzont.net\/pomoc\/konfiguracja_poczty\/android-pop3smtp\/\">Android POP3 + SMTP<\/a><a href=\"https:\/\/www.horyzont.net\/pomoc\/konfiguracja_poczty\/android-pop3smtp\/\"><\/a><\/p>","protected":false},"excerpt":{"rendered":"<p>System poczty elektronicznej naszej firmy oferuje obs\u0142ug\u0119 nast\u0119puj\u0105cych protoko\u0142\u00f3w sieciowych: SMTP (z szyfrowaniem transmisji STARTTLS), POP3 (z szyfrowaniem STARTTLS), IMAP (r\u00f3wnie\u017c w wersji ze STARTTLS).Adres serwera pocztowego dla wszystkich protoko\u0142\u00f3w to: poczta.hti.pl Wa\u017cne! Nazwa konta pocztowego jest identyczna z pe\u0142nym adresem e-mail. Tak wi\u0119c konfiguruj\u0105c konto pocztowe w programie do obs\u0142ugi poczty nale\u017cy przy podawaniu&hellip; <a class=\"continue\" href=\"https:\/\/www.horyzont.net\/de\/pomoc\/konfiguracja_poczty\/\">Wi\u0119cej<span> Konfiguracja poczty<\/span><\/a><\/p>\n","protected":false},"author":6,"featured_media":0,"parent":367,"menu_order":0,"comment_status":"closed","ping_status":"closed","template":"","meta":{"footnotes":""},"class_list":["post-125","page","type-page","status-publish","hentry"],"aioseo_notices":[],"_links":{"self":[{"href":"https:\/\/www.horyzont.net\/de\/wp-json\/wp\/v2\/pages\/125","targetHints":{"allow":["GET"]}}],"collection":[{"href":"https:\/\/www.horyzont.net\/de\/wp-json\/wp\/v2\/pages"}],"about":[{"href":"https:\/\/www.horyzont.net\/de\/wp-json\/wp\/v2\/types\/page"}],"author":[{"embeddable":true,"href":"https:\/\/www.horyzont.net\/de\/wp-json\/wp\/v2\/users\/6"}],"replies":[{"embeddable":true,"href":"https:\/\/www.horyzont.net\/de\/wp-json\/wp\/v2\/comments?post=125"}],"version-history":[{"count":55,"href":"https:\/\/www.horyzont.net\/de\/wp-json\/wp\/v2\/pages\/125\/revisions"}],"predecessor-version":[{"id":2132,"href":"https:\/\/www.horyzont.net\/de\/wp-json\/wp\/v2\/pages\/125\/revisions\/2132"}],"up":[{"embeddable":true,"href":"https:\/\/www.horyzont.net\/de\/wp-json\/wp\/v2\/pages\/367"}],"wp:attachment":[{"href":"https:\/\/www.horyzont.net\/de\/wp-json\/wp\/v2\/media?parent=125"}],"curies":[{"name":"wp","href":"https:\/\/api.w.org\/{rel}","templated":true}]}}