{"id":132,"date":"2012-10-29T14:34:11","date_gmt":"2012-10-29T13:34:11","guid":{"rendered":"http:\/\/directadmin.info.pl\/?page_id=132"},"modified":"2016-06-30T13:34:10","modified_gmt":"2016-06-30T11:34:10","slug":"opis_funkcji_serwerow","status":"publish","type":"page","link":"https:\/\/www.horyzont.net\/de\/pomoc\/opis_funkcji_serwerow\/","title":{"rendered":"Beschreibung der Serverfunktionen"},"content":{"rendered":"<p><\/p>\n<p><strong>Autorisierung des Postausgangsservers<\/strong><\/p>\n<p>Diese Funktion besteht darin, dass vor Absenden der Post ein Login und Passwort eingegeben werden muss (im Gegensatz zu Standardkonfiguration des SMTP-Postservers, wo keine Autorisierung notwendig ist). Zweck der Autorisierung ist die Einschr\u00e4nkung der M\u00f6glichkeit von Massenpostsendungen von unberechtigten Internetbenutzer und das Blockieren der Server und Netzwerk.<\/p>\n<p><strong>Automatische Beantwortung des Postservers<\/strong><\/p>\n<p>Nach Posteingang versendet der Server dem Absender eine R\u00fcckantwort. In der Regel wird diese Funktion in Urlaubszeit genutzt, um \u00fcber Abwesenheit des Kontoinhaber zu informieren. Inhalt dieser R\u00fcckantwort bestimmt der Kontoinhaber selbst.<\/p>\n<p><strong>Verschl\u00fcsselter Zugriff auf die Webseiten<\/strong><\/p>\n<p>Diese Funktion erlaubt zu bestimmen, welche Dateien und Ordner des Web-Services allgemein, und welche nur mit Passwort zug\u00e4nglich sein sollen. Das Passwort wird durch den Benutzer festgelegt.<\/p>\n<p><strong>Postweiterleitung<\/strong><\/p>\n<p>Nach Posteingang leitet der Postserver die E-Mail an vorher eingegebene Adresse weiter (optional kann Weiterleitung einer Kopie der Nachricht angeordnet werden). Meistens wird die Benachrichtigung \u00fcber neu eingegangener Post an Mobiltelefone bzw. Pager weitergeleitet.<\/p>\n<p><strong>\u00a0<\/strong><\/p>\n<p><strong>Zugriff auf die Webseite des Benutzers mithilfe des FTP-Protokolls<\/strong><\/p>\n<p>Diese Funktion erlaubt dem Benutzer den Inhalt seiner Webseiten zu modifizieren, indem er die Dateien, die den Web-Service bilden, mithilfe einer speziellen Software \u00fcbersendet.<\/p>\n<p><strong>\u00a0<\/strong><\/p>\n<p><strong>G\u00e4stebuchskript<\/strong><\/p>\n<p>Dieses Skript ist ein Mechanismus, das den Besuchern einer Webseite einen Eintrag mit eigenem Kommentar zum Seiteninhalt, eine Begr\u00fc\u00dfung o.\u00e4. erlaubt.<\/p>\n<p><strong>\u00a0<\/strong><\/p>\n<p><strong>Besucherz\u00e4hler<\/strong><\/p>\n<p>Dies ist ein Skript, welches dem Inhaber zu erfahren erlaubt, wie viele G\u00e4ste seine Webseiten besucht haben. Das Skript auf unserem Server f\u00fchrt eine intelligente Analyse der Besuchen durch, d.h. es ber\u00fccksichtigt die Serienbesuche nicht, die nur die Anhebung des Z\u00e4hlerstandes bezwecken.<\/p>\n<p><strong>\u00a0<\/strong><\/p>\n<p><strong>Unterst\u00fctzung der E-Mail durch den Webbrowser<\/strong><\/p>\n<p>Diese Funktion erm\u00f6glicht einen einfachen Zugriff auf das E-Mail-Konto vom jeden Computer aus, der an Internet angeschlossen ist. Dabei ist es nicht notwendig die Konfiguration des E-Mail-Software zu \u00e4ndern. Einzig n\u00f6tig ist die E-Mail-Adresse und Zugangskennung zu merken. Dies ist eine ideale L\u00f6sung f\u00fcr Vielreisende, die verschiedene Computer benutzen. Das System erm\u00f6glicht auch die Nachrichten direkt am Server zu l\u00f6schen, bevor sie am lokalen Computer heruntergeladen werden.<\/p>\n<p><strong>\u00a0<\/strong><\/p>\n<p><strong>Detaillierte Statistiken der Webserverbesuche<\/strong><\/p>\n<p>Diese Statistik ist ein Mechanismus, das eine pr\u00e4zise Analyse des Verkehrs erlaubt, der am gegebenen Server generiert wird. Die alle 24 Stunden erzeugte Zusammenstellung bringt die Angaben \u00fcber Aufgliederung der h\u00f6chsten Verkehrsdichte, \u00fcber L\u00e4nder aus welchen die Verbindungen get\u00e4tigt wurden, Anzahl der heruntergeladenen Dateien, Arten der genutzten Webbrowser und vieles mehr.<\/p>\n<p><strong>Sichere Daten\u00fcbertragung mittels SSL-Protokoll<\/strong><\/p>\n<p>Diese Funktion erlaubt das Verschl\u00fcsseln der \u00dcbertragung, die \u00fcber einen Webserver als Codiert str\u00f6mt. Es ist besonders f\u00fcr diese Services empfohlen, wo ein Austausch von wichtigen Daten (Personaldaten, Bankkonten, Nummer von Kreditkarten usw.) stattfindet. Standardm\u00e4\u00dfig bieten wir nichtqualifizierte Zertifikate an. Wir arbeiten auch zusammen mit Fa. Thawte Consulting \u2013 einem Herausgeber der qualifizierten Zertifikaten SSL. Der eigentliche Unterschied zwischen qualifiziertem und nichtqualifiziertem Zertifikat besteht darin, dass bei Internetservice, das mit nichtqualifiziertem Zertifikat gesch\u00fctzt wird zeigt der Browser eine Warnung \u00fcber das Fehlen von qualifiziertem Zertifikat an \u2013 die \u00dcbertragung selbst wird aber nach wie vor codiert.<\/p>\n<p><\/p>","protected":false},"excerpt":{"rendered":"<p>Autorisierung des Postausgangsservers Diese Funktion besteht darin, dass vor Absenden der Post ein Login und Passwort eingegeben werden muss (im Gegensatz zu Standardkonfiguration des SMTP-Postservers, wo keine Autorisierung notwendig ist). Zweck der Autorisierung ist die Einschr\u00e4nkung der M\u00f6glichkeit von Massenpostsendungen von unberechtigten Internetbenutzer und das Blockieren der Server und Netzwerk. Automatische Beantwortung des Postservers Nach&hellip; <a class=\"continue\" href=\"https:\/\/www.horyzont.net\/de\/pomoc\/opis_funkcji_serwerow\/\">Wi\u0119cej<span> Beschreibung der Serverfunktionen<\/span><\/a><\/p>\n","protected":false},"author":6,"featured_media":0,"parent":367,"menu_order":0,"comment_status":"closed","ping_status":"closed","template":"","meta":{"footnotes":""},"class_list":["post-132","page","type-page","status-publish","hentry"],"aioseo_notices":[],"_links":{"self":[{"href":"https:\/\/www.horyzont.net\/de\/wp-json\/wp\/v2\/pages\/132","targetHints":{"allow":["GET"]}}],"collection":[{"href":"https:\/\/www.horyzont.net\/de\/wp-json\/wp\/v2\/pages"}],"about":[{"href":"https:\/\/www.horyzont.net\/de\/wp-json\/wp\/v2\/types\/page"}],"author":[{"embeddable":true,"href":"https:\/\/www.horyzont.net\/de\/wp-json\/wp\/v2\/users\/6"}],"replies":[{"embeddable":true,"href":"https:\/\/www.horyzont.net\/de\/wp-json\/wp\/v2\/comments?post=132"}],"version-history":[{"count":31,"href":"https:\/\/www.horyzont.net\/de\/wp-json\/wp\/v2\/pages\/132\/revisions"}],"predecessor-version":[{"id":1844,"href":"https:\/\/www.horyzont.net\/de\/wp-json\/wp\/v2\/pages\/132\/revisions\/1844"}],"up":[{"embeddable":true,"href":"https:\/\/www.horyzont.net\/de\/wp-json\/wp\/v2\/pages\/367"}],"wp:attachment":[{"href":"https:\/\/www.horyzont.net\/de\/wp-json\/wp\/v2\/media?parent=132"}],"curies":[{"name":"wp","href":"https:\/\/api.w.org\/{rel}","templated":true}]}}