{"id":147,"date":"2012-10-29T14:36:52","date_gmt":"2012-10-29T13:36:52","guid":{"rendered":"http:\/\/directadmin.info.pl\/?page_id=147"},"modified":"2017-11-03T08:55:40","modified_gmt":"2017-11-03T07:55:40","slug":"nasza_infrastruktura","status":"publish","type":"page","link":"https:\/\/www.horyzont.net\/de\/o_firmie\/nasza_infrastruktura\/","title":{"rendered":"Unsere Infrastruktur"},"content":{"rendered":"<p>Firma Horyzont Technologie Internetowe besitzt eine weit ausgebaute Server- und Netzwerkinfrastruktur, die die h\u00f6chsten Anspr\u00fcchen unseren Kunden und deren Anwendungen erf\u00fcllt.<\/p>\n<p><strong>Unsere Infrastruktur besteht aus:<\/strong><\/p>\n<p>&#8211;\u00a0\u00a0\u00a0\u00a0\u00a0\u00a0 ca. 400 Km Lichtfaserleitungen, die ein st\u00e4dtisches Netzwerk <a href=\"http:\/\/en.wikipedia.org\/wiki\/Metro_Ethernet\" target=\"_blank\">Metro Ethernet<\/a> bilden, mit Durchlassf\u00e4higkeit von\u00a0 10Gbps, die leicht bis auf Nx10Gbps auszubauen ist.<\/p>\n<p>&#8211;\u00a0\u00a0\u00a0\u00a0\u00a0\u00a0 12 Knotenpunkte des \u00dcbertragungsnetzwerkes, die einen st\u00e4dtischen optischen Ring bilden und einen Ersatzweg (protection) in der 2. und 3. Netzebenen gew\u00e4hrleisten, mit Umschaltzeit von<\/p>\n<p>&#8211;\u00a0\u00a0\u00a0\u00a0\u00a0\u00a0 Core Switch der Firmen Cisco und Huawei,<\/p>\n<p>&#8211;\u00a0\u00a0\u00a0\u00a0\u00a0\u00a0 Border Router der Fa. Juniper Networks, Access Router von Cisco und MikroTik<\/p>\n<p>&#8211;\u00a0\u00a0\u00a0\u00a0\u00a0\u00a0 Zugriffsysteme DSL der Firmen Lucent Technologies und Schmid Telecom<\/p>\n<p>&#8211;\u00a0\u00a0\u00a0\u00a0\u00a0\u00a0 Systeme f\u00fcr Funkzugangsnetz in der freigestellten Frequenz von 5 GHz der Firmen Ubiquiti Networks, MikroTik und OsBridge,<\/p>\n<p>&#8211;\u00a0\u00a0\u00a0\u00a0\u00a0\u00a0 Systeme f\u00fcr Funkzugangsnetz in den lizenzierten Frequenzen von 13, 23, 32 GHz der Firmen Ericsson, Ceragon und Sagem<\/p>\n<p>&#8211;\u00a0\u00a0\u00a0\u00a0\u00a0\u00a0 Systeme f\u00fcr Konversion der \u00dcbertragungsmedien der Firmen CTC Union, Microsens und EtherWan,<\/p>\n<p>&#8211;\u00a0\u00a0\u00a0\u00a0\u00a0\u00a0 Systeme der Strom Notversorgung der Firmen APC, Eta und FidletronikKnotenpunkte unseres Netzwerkes befinden sich in B\u00fcrogeb\u00e4uden und Knotenstellen der Anbieter, mit welchen wir zusammenarbeiten, in verschiedenen Standorten in Poznan.<\/p>\n<p>Jeder Knotenpunkt hat eigene Strom Notversorgung. Das gesamte Netzwerk wird durch unser Fachpersonal rund um die Uhr inkl. Feiertage \u00fcberwacht.Das Web-Netzwerk der Fa. \u201eHoryzont Technologie Internetowe\u201c ist ein autonomes System unter Nummer ASN 20552 mit eingef\u00fchrtem Border-Routing nach BGP4-Protokoll und mit Internal -Routing OSPF.Das Netzwerk unterst\u00fctzt die IP-Protokolle sowohl der vierten (IPv4), als auch der sechsten (IPv6) Generation.<\/p>\n<p>Zurzeit verf\u00fcgen wir \u00fcber Lichtfaserschnittstellen zwischen den folgenden Landesanbietern:<\/p>\n<p>&#8211;\u00a0\u00a0\u00a0\u00a0\u00a0\u00a0 ATM<\/p>\n<p>&#8211;\u00a0\u00a0\u00a0\u00a0\u00a0\u00a0 Crowley<\/p>\n<p>&#8211;\u00a0\u00a0\u00a0\u00a0\u00a0\u00a0 Exatel<\/p>\n<p>&#8211;\u00a0\u00a0\u00a0\u00a0\u00a0\u00a0 GTS<\/p>\n<p>&#8211;\u00a0\u00a0\u00a0\u00a0\u00a0\u00a0 Hawe\/Fone<\/p>\n<p>&#8211;\u00a0\u00a0\u00a0\u00a0\u00a0\u00a0 Inea<\/p>\n<p>&#8211;\u00a0\u00a0\u00a0\u00a0\u00a0\u00a0 PCSS\/Pionier<\/p>\n<p>&#8211;\u00a0\u00a0\u00a0\u00a0\u00a0\u00a0 Polkomtel<\/p>\n<p>&#8211;\u00a0\u00a0\u00a0\u00a0\u00a0\u00a0 Sferia<\/p>\n<p>&#8211;\u00a0\u00a0\u00a0\u00a0\u00a0\u00a0 Telekomunikacja Kolejowa<\/p>\n<p>&#8211;\u00a0\u00a0\u00a0\u00a0\u00a0\u00a0 Telekomunikacja Polska<\/p>\n<p>&#8211;\u00a0\u00a0\u00a0\u00a0\u00a0\u00a0 T-Mobile<\/p>\n<p>&#8211;\u00a0\u00a0\u00a0\u00a0\u00a0\u00a0 Nask<\/p>\n<p>&#8211;\u00a0\u00a0\u00a0\u00a0\u00a0\u00a0 Netia<\/p>\n<p>und mit Internationalen Anbietern:<\/p>\n<p>&#8211;\u00a0\u00a0\u00a0\u00a0\u00a0\u00a0 Level3 Communications<\/p>\n<p>&#8211;\u00a0\u00a0\u00a0\u00a0\u00a0\u00a0 Cogent Communications<\/p>\n<p>Diese Schnittstellen befinden sich in verschiedenen Posener Standorten in den Geb\u00e4uden mit gro\u00dfem Potential an Telekommunikation:<\/p>\n<p>&#8211;\u00a0\u00a0\u00a0\u00a0\u00a0\u00a0 Akademia Ekonomiczna &#8211; antresola 19 pi\u0119tro<\/p>\n<p>&#8211;\u00a0\u00a0\u00a0\u00a0\u00a0\u00a0 Datacenter Beyond Stary Browar\u2013 P\u00f3\u0142wiejska<\/p>\n<p>&#8211;\u00a0\u00a0\u00a0\u00a0\u00a0\u00a0 Telekomunikacja Kolejowa \u2013 Taczaka<\/p>\n<p>&#8211;\u00a0\u00a0\u00a0\u00a0\u00a0\u00a0 Telekomunikacja Polska &#8211; 23 Lutego<\/p>\n<p>&#8211;\u00a0\u00a0\u00a0\u00a0\u00a0\u00a0 PCSS \u2013 Wieniawskiego-\u00a0\u00a0\u00a0\u00a0\u00a0\u00a0 PGK \u2013 Marceli\u0144ska<\/p>\n<p>&#8211;\u00a0\u00a0\u00a0\u00a0\u00a0\u00a0 BZWBK\/NBP \u2013 Kozia-\u00a0\u00a0\u00a0\u00a0\u00a0\u00a0 Exatel \u2013 Marceli\u0144ska<\/p>\n<p>&#8211;\u00a0\u00a0\u00a0\u00a0\u00a0\u00a0 Talex &#8211; Karpia<strong>\u00a0<\/strong><\/p>\n<p><strong>Austauschpunkte f\u00fcr den Datenverkehr<\/strong>Unser Netzwerk ist an das weltweite Internet \u00fcber einige Lichtfaserleitungen mit hoher Durchlassf\u00e4higkeit verbunden. Momentan sind das folgende Anbieter:<\/p>\n<p>&#8211;\u00a0\u00a0\u00a0\u00a0\u00a0\u00a0 Level 3 Communications \u2013 zwei unabh\u00e4ngige Netzabschl\u00fcsse in Berlin (Hauptabschluss) und in Warschau (Reserveabschluss) f\u00fcr Unterst\u00fctzung des internationalen Internetverkehrs,<\/p>\n<p>&#8211;\u00a0\u00a0\u00a0\u00a0\u00a0\u00a0 Cogent Communications \u2013 Unterst\u00fctzung des internationalen Internetverkehrs,<\/p>\n<p>&#8211;\u00a0\u00a0\u00a0\u00a0\u00a0\u00a0 Posener Punkt des Datenverkehrsaustauschs\/Landesnetzwerk Pionier \u2013 Unterst\u00fctzung des Binnenverkehrs,<\/p>\n<p>&#8211;\u00a0\u00a0\u00a0\u00a0\u00a0\u00a0 Telekomunikacja Polska S.A. \u2013 Datenverkehrsaustausch mit TPNET-Netzwerk<\/p>\n<p>&#8211;\u00a0\u00a0\u00a0\u00a0\u00a0\u00a0 VirtuaOperator &#8211; Unterst\u00fctzung des Binnenverkehrs-\u00a0\u00a0\u00a0\u00a0\u00a0\u00a0 <a href=\"http:\/\/www.horyzont.net\/oferta\/wymiana_ruchu_ip_pix\">Pozna\u0144ski Punkt Wymiany Ruchu IP &#8211; PIX<\/a> \u2013 Austausch des IP-Verkehrs zwischen Netzwerken der IP-Anbietern die PIX-Teilnehmer sind.<\/p>\n<p><strong>Die Server-Infrastruktur besteht aus:<\/strong><\/p>\n<p>&#8211;\u00a0\u00a0\u00a0\u00a0\u00a0\u00a0 Server von Sun Microsystems Sun Blade 6000 mit Prozessoren Intel Xeon,<\/p>\n<p>&#8211;\u00a0\u00a0\u00a0\u00a0\u00a0\u00a0 Server von Sun Microsystems Sun Fire X4100 mit Prozessoren AMD Opteron,<\/p>\n<p>&#8211;\u00a0\u00a0\u00a0\u00a0\u00a0\u00a0 Server von Sun Microsystems Sun Netra mit Prozessoren Sun UltraSparc,<\/p>\n<p>&#8211;\u00a0\u00a0\u00a0\u00a0\u00a0\u00a0 Server von Intel mit Prozessoren Intel Xeon<\/p>\n<p>&#8211;\u00a0\u00a0\u00a0\u00a0\u00a0\u00a0 Festplatten-Matrizen von Sun Storagetek und Infortrend, die im Netzwerk von SAN Fibre Channel 8Gbs auf Basis von FC-Switches\u00a0 der Fa. Brocade arbeiten,<\/p>\n<p>&#8211;\u00a0\u00a0\u00a0\u00a0\u00a0\u00a0 Festplatten-Matrizen der Fa. 3Ware,<\/p>\n<p>&#8211;\u00a0\u00a0\u00a0\u00a0\u00a0\u00a0 Firewalls der Fa. Cisco Systems,<\/p>\n<p>&#8211;<br \/>\nAntispam- und Antiviren-Firewall der Fa. Barracuda Networks,<\/p>\n<p>&#8211;\u00a0\u00a0\u00a0\u00a0\u00a0\u00a0 IPKVM-Switch f\u00fcr die Server-Fernwartung der Fa. APC<\/p>\n<p>&#8211;\u00a0\u00a0\u00a0\u00a0\u00a0\u00a0 Fernsteuerungskonsole der Stromversorgung der Fa. APCF\u00fcr effiziente Zug\u00e4nglichkeit an diese Infrastruktur wurde das Geb\u00e4ude mit mehreren Systemen ausgestattet.<\/p>\n<p>Die gesicherte Stromversorgung \u2013 in das Geb\u00e4ude wurden Einspeisungslinien aus zwei st\u00e4dtischen Hauptversorgungspunkte eingef\u00fchrt, an die die UPS-Netzger\u00e4te der Fa. MGE angeschlossen sind.<\/p>\n<p>Jede Einspeisungslinie wurde zus\u00e4tzlich mit das System der selbstst\u00e4ndigen Zuschaltung von 2 Hochleistungs-Notstromaggregaten der Fa. Horus Energia ausgestattet.<\/p>\n<p>Der Serverraum wurde mit einer industriellen Klimaanlage der Fa. Stulz und mit einem K\u00fchlwasseraggregat der Fa. MAS-SP ausgestattet.Im Serverraum wurde eine hochempfindliche VESDA-Rauchmeldeanlage der Fa. Schrack installiert.<\/p>\n<p>Das Feuerl\u00f6schsystem HiFOG der Fa. Mariof l\u00f6st ein Wasserl\u00f6schnebel von sehr hohen Dichte aus, was sehr schnelles Feuerl\u00f6schen sichert, ohne irgendwelche negative Auswirkung auf arbeitende Elektronikanlagen zu verursachen.<\/p>\n<p>Der Inhalt von unserseits betriebenen Server wird regelm\u00e4\u00dfig alle 24 Std. kopiert und \u00fcber einen privaten \u00dcbertragungskanal mit Durchlassf\u00e4higkeit von 10Gbps nach das au\u00dfenstehende, etwa 2 km\u00a0 entfernte Serverraum gesendet.<\/p>\n<p>Alle 7 Tage werden die Daten abgelegt und auf zus\u00e4tzlichen Au\u00dfendatentr\u00e4ger gespeichert.<\/p>","protected":false},"excerpt":{"rendered":"<p>Firma Horyzont Technologie Internetowe besitzt eine weit ausgebaute Server- und Netzwerkinfrastruktur, die die h\u00f6chsten Anspr\u00fcchen unseren Kunden und deren Anwendungen erf\u00fcllt. Unsere Infrastruktur besteht aus: &#8211;\u00a0\u00a0\u00a0\u00a0\u00a0\u00a0 ca. 400 Km Lichtfaserleitungen, die ein st\u00e4dtisches Netzwerk Metro Ethernet bilden, mit Durchlassf\u00e4higkeit von\u00a0 10Gbps, die leicht bis auf Nx10Gbps auszubauen ist. &#8211;\u00a0\u00a0\u00a0\u00a0\u00a0\u00a0 12 Knotenpunkte des \u00dcbertragungsnetzwerkes, die einen&hellip; <a class=\"continue\" href=\"https:\/\/www.horyzont.net\/de\/o_firmie\/nasza_infrastruktura\/\">Wi\u0119cej<span> Unsere Infrastruktur<\/span><\/a><\/p>\n","protected":false},"author":6,"featured_media":0,"parent":261,"menu_order":0,"comment_status":"closed","ping_status":"closed","template":"","meta":{"footnotes":""},"class_list":["post-147","page","type-page","status-publish","hentry"],"aioseo_notices":[],"_links":{"self":[{"href":"https:\/\/www.horyzont.net\/de\/wp-json\/wp\/v2\/pages\/147","targetHints":{"allow":["GET"]}}],"collection":[{"href":"https:\/\/www.horyzont.net\/de\/wp-json\/wp\/v2\/pages"}],"about":[{"href":"https:\/\/www.horyzont.net\/de\/wp-json\/wp\/v2\/types\/page"}],"author":[{"embeddable":true,"href":"https:\/\/www.horyzont.net\/de\/wp-json\/wp\/v2\/users\/6"}],"replies":[{"embeddable":true,"href":"https:\/\/www.horyzont.net\/de\/wp-json\/wp\/v2\/comments?post=147"}],"version-history":[{"count":64,"href":"https:\/\/www.horyzont.net\/de\/wp-json\/wp\/v2\/pages\/147\/revisions"}],"predecessor-version":[{"id":2135,"href":"https:\/\/www.horyzont.net\/de\/wp-json\/wp\/v2\/pages\/147\/revisions\/2135"}],"up":[{"embeddable":true,"href":"https:\/\/www.horyzont.net\/de\/wp-json\/wp\/v2\/pages\/261"}],"wp:attachment":[{"href":"https:\/\/www.horyzont.net\/de\/wp-json\/wp\/v2\/media?parent=147"}],"curies":[{"name":"wp","href":"https:\/\/api.w.org\/{rel}","templated":true}]}}