{"id":153,"date":"2012-10-29T14:37:31","date_gmt":"2012-10-29T13:37:31","guid":{"rendered":"http:\/\/directadmin.info.pl\/?page_id=153"},"modified":"2014-07-16T23:38:56","modified_gmt":"2014-07-16T21:38:56","slug":"pro_publico_bono","status":"publish","type":"page","link":"https:\/\/www.horyzont.net\/de\/o_firmie\/pro_publico_bono\/","title":{"rendered":"Pro Bono"},"content":{"rendered":"<p>Firma \u201eHoryzont Technologie Internetowe\u201d betreut die Webservices von Personen und Organisationen unterst\u00fctzen, die nicht kommerziell agieren. Dies sind u.a.:<\/p>\n<p><span style=\"color: #666699;\"><em><strong><a href=\"http:\/\/www.jezyce.poznan.pl\/\" target=\"_blank\"><span style=\"color: #666699;\">Rada Osiedla Pozna\u0144 Je\u017cyce. &#8211; Rat der Einwohner des Posener Stadtteils Jezyce<\/span><\/a><\/strong><\/em><\/span><\/p>\n<p><span style=\"color: #666699;\"><em><strong><a href=\"http:\/\/www.stacjamuranow.art.pl\" target=\"_blank\"><span style=\"color: #666699;\">Stacja Muran\u00f3w &#8211; Haltestelle Muranow \u2013 Webservice gewidmet der Architektur und Geschichte des Warschauer Wohnviertels Muranow<\/span><\/a><\/strong><\/em><\/span><\/p>\n<p><span style=\"color: #666699;\"><em><strong><a title=\"Flaga RP w obiektywie\" href=\"http:\/\/www.flagarp.pl\" target=\"_blank\"><span style=\"color: #666699;\">&#8220; Flaga Rzeczypospolitej Polskiej w obiektywie&#8220; &#8211; Foto-Wettbewerb &#8211; &#8222;Polnishe Flagge&#8220;<\/span><\/a><\/strong><\/em><\/span><\/p>\n<p><a href=\"http:\/\/www.tzmpolska.org\/\" target=\"_blank\"><span style=\"color: #666699;\"><span style=\"color: #666699;\">\u00a0<\/span><em><strong><span style=\"color: #666699;\">Zeitgeist Movement Polska<\/span><\/strong><\/em><\/span><\/a><\/p>\n<p><a href=\"http:\/\/www.panorama.poznan.pl\" target=\"_blank\"><span style=\"color: #666699;\"><em><strong><span style=\"color: #666699;\">Panorama Poznan<\/span><\/strong><\/em><\/span><\/a><\/p>\n<p>Die Personen oder Organisationen die mit unserer Pro Bono Unterst\u00fctzung im Bereich des Webservices interessiert sind werden gebeten unser B\u00fcro zu kontaktieren.<\/p>","protected":false},"excerpt":{"rendered":"<p>Firma \u201eHoryzont Technologie Internetowe\u201d betreut die Webservices von Personen und Organisationen unterst\u00fctzen, die nicht kommerziell agieren. Dies sind u.a.: Rada Osiedla Pozna\u0144 Je\u017cyce. &#8211; Rat der Einwohner des Posener Stadtteils Jezyce Stacja Muran\u00f3w &#8211; Haltestelle Muranow \u2013 Webservice gewidmet der Architektur und Geschichte des Warschauer Wohnviertels Muranow &#8220; Flaga Rzeczypospolitej Polskiej w obiektywie&#8220; &#8211; Foto-Wettbewerb&hellip; <a class=\"continue\" href=\"https:\/\/www.horyzont.net\/de\/o_firmie\/pro_publico_bono\/\">Wi\u0119cej<span> Pro Bono<\/span><\/a><\/p>\n","protected":false},"author":6,"featured_media":0,"parent":261,"menu_order":0,"comment_status":"closed","ping_status":"closed","template":"","meta":{"footnotes":""},"class_list":["post-153","page","type-page","status-publish","hentry"],"aioseo_notices":[],"_links":{"self":[{"href":"https:\/\/www.horyzont.net\/de\/wp-json\/wp\/v2\/pages\/153","targetHints":{"allow":["GET"]}}],"collection":[{"href":"https:\/\/www.horyzont.net\/de\/wp-json\/wp\/v2\/pages"}],"about":[{"href":"https:\/\/www.horyzont.net\/de\/wp-json\/wp\/v2\/types\/page"}],"author":[{"embeddable":true,"href":"https:\/\/www.horyzont.net\/de\/wp-json\/wp\/v2\/users\/6"}],"replies":[{"embeddable":true,"href":"https:\/\/www.horyzont.net\/de\/wp-json\/wp\/v2\/comments?post=153"}],"version-history":[{"count":37,"href":"https:\/\/www.horyzont.net\/de\/wp-json\/wp\/v2\/pages\/153\/revisions"}],"predecessor-version":[{"id":1492,"href":"https:\/\/www.horyzont.net\/de\/wp-json\/wp\/v2\/pages\/153\/revisions\/1492"}],"up":[{"embeddable":true,"href":"https:\/\/www.horyzont.net\/de\/wp-json\/wp\/v2\/pages\/261"}],"wp:attachment":[{"href":"https:\/\/www.horyzont.net\/de\/wp-json\/wp\/v2\/media?parent=153"}],"curies":[{"name":"wp","href":"https:\/\/api.w.org\/{rel}","templated":true}]}}