{"id":159,"date":"2012-10-29T14:39:30","date_gmt":"2012-10-29T13:39:30","guid":{"rendered":"http:\/\/directadmin.info.pl\/?page_id=159"},"modified":"2025-10-10T23:26:23","modified_gmt":"2025-10-10T21:26:23","slug":"dane_rejestrowe","status":"publish","type":"page","link":"https:\/\/www.horyzont.net\/de\/kontakt\/dane_rejestrowe\/","title":{"rendered":"Firmen Registerdaten"},"content":{"rendered":"<p><strong>Firmenname:<\/strong><\/p>\n<p>Horyzont Technologie Internetowe GMbH.<\/p>\n<p><strong>Firmensitz:<\/strong><\/p>\n<p>ul. Bu\u0142garska 17<\/p>\n<p>60-320 Pozna\u0144<\/p>\n<p><strong>Stammkapital:<\/strong><\/p>\n<p>245 000 z\u0142otych<\/p>\n<p><strong>Vorstand<\/strong>:<\/p>\n<p>Vorstandsmitglied &#8211; Tomasz \u0141ukia\u0144czyk<\/p>\n<p>Vorstandsmitglied &#8211; Szymon Piotr Zieziula<\/p>\n<p><strong>Die Registernummer:<\/strong><\/p>\n<p>Handelsregister (KRS): 0000404163<\/p>\n<p>Steuernummer (NIP): 9720799332<\/p>\n<p>Statistiknummer (REGON): 631001896<\/p>\n<p>Register der Telekommunikationsunternehmer 5980<\/p>\n<p><strong>Bankkonto:<\/strong><\/p>\n<p>Pekao SA<\/p>\n<p>97 1240 6292 1111 0011 0231 8590<\/p>","protected":false},"excerpt":{"rendered":"<p>Firmenname: Horyzont Technologie Internetowe GMbH. Firmensitz: ul. Bu\u0142garska 17 60-320 Pozna\u0144 Stammkapital: 245 000 z\u0142otych Vorstand: Vorstandsmitglied &#8211; Tomasz \u0141ukia\u0144czyk Vorstandsmitglied &#8211; Szymon Piotr Zieziula Die Registernummer: Handelsregister (KRS): 0000404163 Steuernummer (NIP): 9720799332 Statistiknummer (REGON): 631001896 Register der Telekommunikationsunternehmer 5980 Bankkonto: Pekao SA 97 1240 6292 1111 0011 0231 8590<\/p>\n","protected":false},"author":6,"featured_media":0,"parent":252,"menu_order":0,"comment_status":"closed","ping_status":"closed","template":"","meta":{"footnotes":""},"class_list":["post-159","page","type-page","status-publish","hentry"],"aioseo_notices":[],"_links":{"self":[{"href":"https:\/\/www.horyzont.net\/de\/wp-json\/wp\/v2\/pages\/159","targetHints":{"allow":["GET"]}}],"collection":[{"href":"https:\/\/www.horyzont.net\/de\/wp-json\/wp\/v2\/pages"}],"about":[{"href":"https:\/\/www.horyzont.net\/de\/wp-json\/wp\/v2\/types\/page"}],"author":[{"embeddable":true,"href":"https:\/\/www.horyzont.net\/de\/wp-json\/wp\/v2\/users\/6"}],"replies":[{"embeddable":true,"href":"https:\/\/www.horyzont.net\/de\/wp-json\/wp\/v2\/comments?post=159"}],"version-history":[{"count":25,"href":"https:\/\/www.horyzont.net\/de\/wp-json\/wp\/v2\/pages\/159\/revisions"}],"predecessor-version":[{"id":2417,"href":"https:\/\/www.horyzont.net\/de\/wp-json\/wp\/v2\/pages\/159\/revisions\/2417"}],"up":[{"embeddable":true,"href":"https:\/\/www.horyzont.net\/de\/wp-json\/wp\/v2\/pages\/252"}],"wp:attachment":[{"href":"https:\/\/www.horyzont.net\/de\/wp-json\/wp\/v2\/media?parent=159"}],"curies":[{"name":"wp","href":"https:\/\/api.w.org\/{rel}","templated":true}]}}