{"id":20,"date":"2012-10-29T13:51:52","date_gmt":"2012-10-29T12:51:52","guid":{"rendered":"http:\/\/directadmin.info.pl\/?page_id=20"},"modified":"2012-12-20T13:11:05","modified_gmt":"2012-12-20T12:11:05","slug":"dostep_do_internetu","status":"publish","type":"page","link":"https:\/\/www.horyzont.net\/de\/oferta\/dostep_do_internetu\/","title":{"rendered":"Internetzugang"},"content":{"rendered":"<p><\/p>\n<p>Die Firma \u201eHoryzont Technologie Internetowe\u201d ist ein Internetanbieter, der den Internetzugang und die Daten\u00fcbertragung f\u00fcr die Gesch\u00e4ftskunden sowie Institutionen im Raum Poznan und Umgebung anbietet.<\/p>\n<p>Empf\u00e4nger unserer Dienstleistungen sind auch \u00f6rtliche Internetanbieter z. B. Wohnviertelnetzwerke, Wohngemeinschaften, B\u00fcrohausverwalter usw.<\/p>\n<p>Unser Netzwerk ist mittels der Anlagen von Juniper Networks, Huawei und Cisco Systems auf Basis von eigenen bzw. angemieteten Lichtfaserleitungen und Richtfunkstrecken aufgebaut.<\/p>\n<p>Die Knotenpunkte unseres Netzwerkes wurden mittels der Technologie von 10 Gigabit Ethernet als Ring-Topologie mit Ersatzwegen f\u00fcr Internetverkehr verbunden und zwar f\u00fcr den Fall, wenn eine Lichtfaserleitung oder ein ganzer Knotenpunkt ausfallen sollte.<\/p>\n<p>Der Internetzugang, den unsere Firma anbietet, sichert Ihnen folgendes zu:<\/p>\n<p>&#8211;\u00a0\u00a0\u00a0\u00a0\u00a0\u00a0 Anschlussgeschwindigkeit von 2 Mbps bis 10 Gbps,<\/p>\n<p>&#8211;\u00a0\u00a0\u00a0\u00a0\u00a0\u00a0 die Durchlassf\u00e4higkeit des Anschlusses garantiert 100% im Raum des Netzwerkes \u201eHoryzont\u201c sowie der angekoppelten Netzwerke,<\/p>\n<p>&#8211;\u00a0\u00a0\u00a0\u00a0\u00a0\u00a0 herk\u00f6mmlicher Abschluss der Leitung als optischer, bzw. elektrischer (Kupfer) Steckverbinder im Gigabit Ethernet Standard,<\/p>\n<p>&#8211;\u00a0\u00a0\u00a0\u00a0\u00a0\u00a0 Adressierung mit beliebiger Anzahl von festen \u00f6ffentlichen IP-Adressen, die aus unserem autonomischen System AS20552 vergeben werden,<\/p>\n<p>&#8211;\u00a0\u00a0\u00a0\u00a0\u00a0\u00a0 m\u00f6gliches Routing von PI -Klassen des Kunden oder Transit seines autonomen Systems,<\/p>\n<p>&#8211;\u00a0\u00a0\u00a0\u00a0\u00a0\u00a0 optionale Reserveverbindung, die eine alternative \u00dcbertragungsstrecke oder -Technologie des Kundenanschlusses darstellt und bei Ausfall der Hauptverbindung eine dynamische Umschaltung des Verkehrs erm\u00f6glicht,<\/p>\n<p>&#8211;\u00a0\u00a0\u00a0\u00a0\u00a0\u00a0 Unterst\u00fctzung des Internetverkehrs mittels der f\u00fcnf unabh\u00e4ngigen Schnittstellen zwischen Netzwerkebetreiber:<\/p>\n<ul>\n<li>Level3 Communications (Hauptverbindung via Berlin und Reserveverbindung via Warschau) 2 x 10Gbps<\/li>\n<li>Cogent Communications 1 Gbps<\/li>\n<li>Telekomunikacja Polska 1 Gbps<\/li>\n<li>Hochschulnetzwerk Pionier 1 Gbps<\/li>\n<li>Poznan Internet eXchange 10 Gbps<\/li>\n<\/ul>\n<p>Alle Schnittstellen funktionieren im dynamischen Routing BGP4<\/p>\n<p>&#8211;\u00a0\u00a0\u00a0\u00a0\u00a0\u00a0 sichere Server f\u00fcr DNS-Leistungen, die auf dJBDNS-Software basieren,<\/p>\n<p>&#8211;\u00a0\u00a0\u00a0\u00a0\u00a0\u00a0 Onlinezugriff f\u00fcr den Kunden an Leitungsgebrauchsstatistik mittels Web-Browser,<\/p>\n<p>&#8211;\u00a0\u00a0\u00a0\u00a0\u00a0\u00a0 st\u00e4ndige \u00dcberwachung der Dienstleistungen inkl. Kundenbenachrichtigung per SMS- bzw. E-Mail \u00fcber \u00dcberschreitung der kritischen Parameter<\/p>\n<p>&#8211;\u00a0\u00a0\u00a0\u00a0\u00a0\u00a0 technische und verwaltungsm\u00e4\u00dfige Betreuung rund um die Uhr inkl. Feiertage<\/p>\n<p><\/p>","protected":false},"excerpt":{"rendered":"<p>Die Firma \u201eHoryzont Technologie Internetowe\u201d ist ein Internetanbieter, der den Internetzugang und die Daten\u00fcbertragung f\u00fcr die Gesch\u00e4ftskunden sowie Institutionen im Raum Poznan und Umgebung anbietet. Empf\u00e4nger unserer Dienstleistungen sind auch \u00f6rtliche Internetanbieter z. B. Wohnviertelnetzwerke, Wohngemeinschaften, B\u00fcrohausverwalter usw. Unser Netzwerk ist mittels der Anlagen von Juniper Networks, Huawei und Cisco Systems auf Basis von eigenen&hellip; <a class=\"continue\" href=\"https:\/\/www.horyzont.net\/de\/oferta\/dostep_do_internetu\/\">Wi\u0119cej<span> Internetzugang<\/span><\/a><\/p>\n","protected":false},"author":6,"featured_media":0,"parent":281,"menu_order":0,"comment_status":"closed","ping_status":"closed","template":"","meta":{"footnotes":""},"class_list":["post-20","page","type-page","status-publish","hentry"],"aioseo_notices":[],"_links":{"self":[{"href":"https:\/\/www.horyzont.net\/de\/wp-json\/wp\/v2\/pages\/20","targetHints":{"allow":["GET"]}}],"collection":[{"href":"https:\/\/www.horyzont.net\/de\/wp-json\/wp\/v2\/pages"}],"about":[{"href":"https:\/\/www.horyzont.net\/de\/wp-json\/wp\/v2\/types\/page"}],"author":[{"embeddable":true,"href":"https:\/\/www.horyzont.net\/de\/wp-json\/wp\/v2\/users\/6"}],"replies":[{"embeddable":true,"href":"https:\/\/www.horyzont.net\/de\/wp-json\/wp\/v2\/comments?post=20"}],"version-history":[{"count":21,"href":"https:\/\/www.horyzont.net\/de\/wp-json\/wp\/v2\/pages\/20\/revisions"}],"predecessor-version":[{"id":23,"href":"https:\/\/www.horyzont.net\/de\/wp-json\/wp\/v2\/pages\/20\/revisions\/23"}],"up":[{"embeddable":true,"href":"https:\/\/www.horyzont.net\/de\/wp-json\/wp\/v2\/pages\/281"}],"wp:attachment":[{"href":"https:\/\/www.horyzont.net\/de\/wp-json\/wp\/v2\/media?parent=20"}],"curies":[{"name":"wp","href":"https:\/\/api.w.org\/{rel}","templated":true}]}}