{"id":205,"date":"2012-11-05T14:37:52","date_gmt":"2012-11-05T13:37:52","guid":{"rendered":"http:\/\/directadmin.info.pl\/?page_id=205"},"modified":"2016-10-18T12:41:06","modified_gmt":"2016-10-18T10:41:06","slug":"poczta","status":"publish","type":"page","link":"https:\/\/www.horyzont.net\/de\/poczta\/","title":{"rendered":"Logowanie do poczty"},"content":{"rendered":"<p>Za po\u015brednictwem systemu obs\u0142ugi poczty przez przegl\u0105dark\u0119 www mo\u017cliwe jest odbieranie i wysy\u0142anie wiadomo\u015bci bezpo\u015brednio na serwerze pocztowym, bez konieczno\u015bci konfigurowania programu pocztowego.<\/p>","protected":false},"excerpt":{"rendered":"<p>Za po\u015brednictwem systemu obs\u0142ugi poczty przez przegl\u0105dark\u0119 www mo\u017cliwe jest odbieranie i wysy\u0142anie wiadomo\u015bci bezpo\u015brednio na serwerze pocztowym, bez konieczno\u015bci konfigurowania programu pocztowego.<\/p>\n","protected":false},"author":6,"featured_media":0,"parent":0,"menu_order":0,"comment_status":"closed","ping_status":"open","template":"mail.php","meta":{"footnotes":""},"class_list":["post-205","page","type-page","status-publish","hentry"],"aioseo_notices":[],"_links":{"self":[{"href":"https:\/\/www.horyzont.net\/de\/wp-json\/wp\/v2\/pages\/205","targetHints":{"allow":["GET"]}}],"collection":[{"href":"https:\/\/www.horyzont.net\/de\/wp-json\/wp\/v2\/pages"}],"about":[{"href":"https:\/\/www.horyzont.net\/de\/wp-json\/wp\/v2\/types\/page"}],"author":[{"embeddable":true,"href":"https:\/\/www.horyzont.net\/de\/wp-json\/wp\/v2\/users\/6"}],"replies":[{"embeddable":true,"href":"https:\/\/www.horyzont.net\/de\/wp-json\/wp\/v2\/comments?post=205"}],"version-history":[{"count":25,"href":"https:\/\/www.horyzont.net\/de\/wp-json\/wp\/v2\/pages\/205\/revisions"}],"predecessor-version":[{"id":1866,"href":"https:\/\/www.horyzont.net\/de\/wp-json\/wp\/v2\/pages\/205\/revisions\/1866"}],"wp:attachment":[{"href":"https:\/\/www.horyzont.net\/de\/wp-json\/wp\/v2\/media?parent=205"}],"curies":[{"name":"wp","href":"https:\/\/api.w.org\/{rel}","templated":true}]}}