{"id":2150,"date":"2018-05-18T17:31:33","date_gmt":"2018-05-18T15:31:33","guid":{"rendered":"https:\/\/www.horyzont.net\/?page_id=2150"},"modified":"2024-11-08T17:33:52","modified_gmt":"2024-11-08T16:33:52","slug":"rodo","status":"publish","type":"page","link":"https:\/\/www.horyzont.net\/de\/rodo\/","title":{"rendered":"(Polski) Ochrona danych osobowych"},"content":{"rendered":"\n<p>INFORMACJE DOTYCZ\u0104CE PRZETWARZANIA DANYCH OSOBOWYCH PRZEZ HORYZONT TECHNOLOGIE INTERNETOWE SP. Z O.O.\u2028\u00a0\u2028<\/p>\n\n\n\n<p class=\"has-text-align-left\">Informacje zawarte w niniejszym dokumencie dotycz\u0105 przetwarzania przez Horyzont Technologie Internetowe sp. z o.o. \u00a0z siedzib\u0105 w Poznaniu, ul. Bu\u0142garska 17 (zwana dalej Dostawc\u0105 Us\u0142ug lub Horyzont) danych osobowych Abonent\u00f3w w zwi\u0105zku z\u00a0zawieranymi umowami na \u015bwiadczenie us\u0142ug oraz us\u0142ug dodatkowych. Przekazywane informacje s\u0105 zgodne z unijnymi przepisami dotycz\u0105cymi przetwarzania danych osobowych (Rozporz\u0105dzenie Parlamentu\u00a0Europejskiego i Rady (UE) 2016\/679 \u2013 tzw. RODO).\u2028\u00a0\u2028<\/p>\n\n\n\n<p>Niezale\u017cnie od obowi\u0105zuj\u0105cych przepis\u00f3w prawa przetwarzanie danych osobowych wed\u0142ug najwy\u017cszych standard\u00f3w, poszanowanie i ochrona prywatno\u015bci Abonent\u00f3w s\u0105 dla Horyzontu jednymi z\u00a0najwy\u017cszych priorytet\u00f3w.\u2028\u00a0\u2028<\/p>\n\n\n\n<p><strong>Administrator danych i dane kontaktowe\u2028<\/strong><\/p>\n\n\n\n<p>Administratorem danych jest Horyzont.\u2028<\/p>\n\n\n\n<p>Dane kontaktowe do Horyzontu:\u00a0biuro@horyzont.net\u2028<\/p>\n\n\n\n<p>Dane kontaktowe inspektora ochrony danych: Maciej Such, iod@horyzont.net\u2028\u00a0\u2028<\/p>\n\n\n\n<p><strong>Cele przetwarzania danych osobowych<\/strong><\/p>\n\n\n\n<p>\u2028Dane osobowe Abonent\u00f3w s\u0105 przetwarzane w celach: wykonania umowy lub podj\u0119cia dzia\u0142a\u0144 przed zawarciem umowy (np. przyjmowanie zam\u00f3wie\u0144, \u015bwiadczenia us\u0142ug, obs\u0142ugi zlece\u0144 i wniosk\u00f3w, rozpatrywania reklamacji), wype\u0142nienia prawnych obowi\u0105zk\u00f3w ci\u0105\u017c\u0105cych na administratorze danych oraz realizacji zada\u0144 w interesie publicznym (np. wykonywanie zada\u0144 zwi\u0105zanych z bezpiecze\u0144stwem i obronno\u015bci\u0105, przechowywanie dokumentacji podatkowej), wynikaj\u0105cych z prawnie uzasadnionych interes\u00f3w realizowanych przez Dostawc\u0119 Us\u0142ug (np. marketing bezpo\u015bredni w\u0142asnych produkt\u00f3w, zabezpieczenie i dochodzenie roszcze\u0144, zabezpieczenie i ochrona przed roszczeniami Abonenta lub os\u00f3b trzecich), marketingowych, nie wynikaj\u0105cych z prawnie usprawiedliwionych interes\u00f3w realizowanych przez Dostawc\u0119 Us\u0142ug (np. marketing us\u0142ug i produkt\u00f3w podmiot\u00f3w trzecich, marketing bezpo\u015bredni za pomoc\u0105 telekomunikacyjnych urz\u0105dze\u0144 ko\u0144cowych).<\/p>\n\n\n\n<p><br>\u2028<strong>Podstawy prawne przetwarzania danych osobowych<\/strong><\/p>\n\n\n\n<p>\u2028Podstawami prawnymi przetwarzania danych s\u0105: Rozporz\u0105dzenie Parlamentu Europejskiego i Rady (UE) 2016\/679 z dnia 27 kwietnia 2016 r. w sprawie ochrony os\u00f3b fizycznych w zwi\u0105zku z przetwarzaniem danych osobowych i w sprawie swobodnego przep\u0142ywu takich danych oraz uchylenia dyrektywy 95\/46\/WE (og\u00f3lne rozporz\u0105dzenie o ochronie danych), w szczeg\u00f3lno\u015bci art. 6 tego rozporz\u0105dzenia ustanawiaj\u0105cy og\u00f3lne zasady zgodno\u015bci przetwarzania danych; ustawa prawo komunikacji elektronicznej \u2013 w szczeg\u00f3lno\u015bci dzia\u0142 VII rozdzia\u0142 5 tej ustawy traktuj\u0105cy o tajemnicy komunikacji elektronicznej i ochronie danych u\u017cytkownik\u00f3w ko\u0144cowych; zgoda \u2013 w sytuacjach gdy Dostawca Us\u0142ug jest uprawniony lub zobowi\u0105zany do przetwarzania danych na podstawie wyra\u017anej zgody i wynika to z wcze\u015bniej powo\u0142anych akt\u00f3w prawnych.\u2028\u00a0\u2028<\/p>\n\n\n\n<p><strong>Prawnie usprawiedliwione interesy\u2028<\/strong><\/p>\n\n\n\n<p>W przypadku przetwarzania danych na podstawie art. 6 ust. 1 lit f) og\u00f3lnego rozporz\u0105dzenia o ochronie danych (gdy przetwarzanie jest niezb\u0119dne do cel\u00f3w wynikaj\u0105cych z prawnie uzasadnionych interes\u00f3w\u00a0realizowanych przez Dostawc\u0119 Us\u0142ug lub przez stron\u0119 trzeci\u0105), Dostawca Us\u0142ug informuje, \u017ce prawnie uzasadnionymi interesami realizowanymi przez administratora s\u0105: marketing bezpo\u015bredni w\u0142asnych produkt\u00f3w;\u00a0zabezpieczenie i dochodzenie swoich roszcze\u0144 oraz zabezpieczenie si\u0119 i ochrona przed roszczeniami ze strony Abonenta.\u2028\u00a0\u2028<\/p>\n\n\n\n<p><strong>Odbiorcy danych<\/strong><\/p>\n\n\n\n<p>\u2028Zgodnie z definicj\u0105 \u201eodbiorcy\u201d, umieszczon\u0105 w og\u00f3lnym rozporz\u0105dzeniu o ochronie danych, wymienion\u0105 w art. 4 pkt 9, Dostawca Us\u0142ug informuje Abonenta, \u017ce jego dane osobowe w trakcie ich przetwarzania mog\u0105 by\u0107\u00a0ujawniane nast\u0119puj\u0105cym kategoriom odbiorc\u00f3w: Abonentowi oraz osobom upowa\u017cnionym przez Abonenta; upowa\u017cnionym przez Dostawc\u0119 Us\u0142ug osobom zatrudnionym u Dostawcy Us\u0142ug lub w sp\u00f3\u0142kach nale\u017c\u0105cych do\u00a0grupy kapita\u0142owej Vectra; podmiotom przetwarzaj\u0105cym dane na zlecenie i w imieniu Dostawcy Us\u0142ug oraz osobom upowa\u017cnionym, zatrudnionym w tych podmiotach (np. realizacja marketingu przez firmy zewn\u0119trzne,\u00a0windykacja nale\u017cno\u015bci i dochodzenie roszcze\u0144 w oparciu o us\u0142ugi firm zewn\u0119trznych); stronom trzecim \u2013 w przypadku zgody Abonenta na przekazanie danych (np. w razie przekazania danych w celach marketingowych,\u00a0w razie sprawdzenia wiarygodno\u015bci Abonenta przez \u00a0Biura Informacji Gospodarczej, w przypadku realizacji polecenia zap\u0142aty) lub w przypadku korzystania przez Dostawc\u0119 Us\u0142ug z przys\u0142uguj\u0105cych praw (np. w razie\u00a0cesji wierzytelno\u015bci wraz z przekazaniem danych osobowych zwi\u0105zanych z wierzytelno\u015bci\u0105); organom publicznym, kt\u00f3re mog\u0105 otrzymywa\u0107 dane w przypadkach innych ni\u017c w ramach konkretnego post\u0119powania\u00a0prowadzonego zgodnie z prawem Unii lub prawem polskim.\u2028\u00a0\u2028<\/p>\n\n\n\n<p><strong>Przetwarzanie danych w pa\u0144stwach trzecich\u2028<\/strong><\/p>\n\n\n\n<p>\u00a0\u2028Dostawca Us\u0142ug nie przekazuje danych osobowych do pa\u0144stw trzecich (poza Uni\u0119 Europejsk\u0105) lub organizacji mi\u0119dzynarodowych. W przypadku gdyby taki zamiar powsta\u0142 Dostawca Us\u0142ug b\u0119dzie czyni\u0142 starania aby w\u00a0razie konieczno\u015bci przekazania danych do pa\u0144stwa trzeciego lub organizacji mi\u0119dzynarodowej by\u0142o to pa\u0144stwo lub organizacja, wobec kt\u00f3rych Komisja Europejska (zgodnie z og\u00f3lnym rozporz\u0105dzeniem o ochronie\u00a0danych) stwierdzi\u0142a odpowiedni stopie\u0144 ochrony. W innym przypadku Dostawca Us\u0142ug b\u0119dzie m\u00f3g\u0142 przekaza\u0107 dane osobowe do pa\u0144stwa trzeciego lub organizacji mi\u0119dzynarodowej wy\u0142\u0105cznie pod warunkiem\u00a0zapewnienia odpowiednich zabezpiecze\u0144 i pod warunkiem obowi\u0105zywania egzekwowalnych praw os\u00f3b, kt\u00f3rych dane dotycz\u0105 i skutecznych \u015brodk\u00f3w ochrony prawnej, o kt\u00f3rych mowa w og\u00f3lnym rozporz\u0105dzeniu o\u00a0ochronie danych oraz z uwzgl\u0119dnieniem przekazania Abonentowi informacji o mo\u017cliwo\u015bciach uzyskania kopii danych lub o miejscu udost\u0119pnienia danych.\u2028\u00a0\u2028<\/p>\n\n\n\n<p><strong>Okresy przechowywania danych<\/strong><\/p>\n\n\n\n<p>\u2028\u00a0\u2028Dane osobowe s\u0105 przechowywane:<\/p>\n\n\n\n<p><\/p>\n\n\n\n<ul class=\"wp-block-list\">\n<li>w przypadku gromadzenia danych osobowych na potrzeby realizacji zam\u00f3wienia lub zawarcia Umowy (podstawa prawna: art. 6 ust. 1 lit. b RODO): od momentu zebrania danych przed zawarciem umowy w celu jej\u00a0zawarcia lub od momentu zebrania tych danych w trakcie zawierania Umowy lub od momentu zebrania tych danych w trakcie trwania umowy (w razie uzupe\u0142nienia lub aktualizacji danych w trakcie trwania Umowy)\u00a0do czasu rozwi\u0105zania umowy lub realizacji umowy po momencie jej rozwi\u0105zania (np. rozpatrywanie reklamacji);<\/li>\n\n\n\n<li>w przypadku gromadzenia danych osobowych w celu wype\u0142niania obowi\u0105zk\u00f3w wynikaj\u0105cych z przepis\u00f3w prawa lub w zwi\u0105zku z realizacj\u0105 zada\u0144 w interesie publicznym (podstawa prawna: art. 6 ust. 1 lit. c i e) przez\u00a0okres realizacji obowi\u0105zk\u00f3w i zada\u0144 wynikaj\u0105cych z poszczeg\u00f3lnych przepis\u00f3w prawa;<\/li>\n\n\n\n<li>w przypadku przetwarzania danych osobowych w celach wynikaj\u0105cych z prawnie uzasadnionych interes\u00f3w Dostawcy Us\u0142ug (podstawa prawna: art. 6 ust. 1 lit. f) dane b\u0119d\u0105 przechowywane nie d\u0142u\u017cej ni\u017c w okresie\u00a0sze\u015bciu lat od momentu rozwi\u0105zania umowy lub do momentu wniesienia uzasadnionego sprzeciwu wobec przetwarzania w takim celu;<\/li>\n\n\n\n<li>w przypadku gromadzenia danych osobowych na podstawie zgody (podstawa prawna: art. 6 ust. 1 lit. a lub f RODO): od momentu wyra\u017cenia zgody na przetwarzanie danych ni\u0105 obj\u0119tych (r\u00f3wnie\u017c w trakcie realizacji\u00a0umowy) do momentu realizacji wniosku o wycofanie tej zgody, w przypadku jej wycofania, lub do momentu odnotowania sprzeciwu;<\/li>\n\n\n\n<li>poza sytuacjami wymienionymi powy\u017cej dane b\u0119d\u0105 mog\u0142y by\u0107 przechowywane w okresie ograniczenia przetwarzania tych danych ustanowionego na wniosek Abonenta, wniosek organu nadzorczego \u2013 w sytuacjach\u00a0przewidzianych przez RODO w art. 18 oraz art. 58.<br><\/li>\n<\/ul>\n\n\n\n<p>W ka\u017cdym momencie przetwarzania danych osobowych Dostawca Us\u0142ug kieruje si\u0119 zasadami ograniczenia celu, minimalizacji danych i ograniczonych okres\u00f3w przetwarzania.\u2028\u00a0\u2028<\/p>\n\n\n\n<p><strong>Prawa Abonenta zwi\u0105zane z przetwarzaniem danych osobowych\u2028<\/strong><\/p>\n\n\n\n<p>\u00a0\u2028Abonentowi przys\u0142uguje prawo \u017c\u0105dania dost\u0119pu do tre\u015bci jego danych osobowych, ich sprostowania, usuni\u0119cia, ograniczenia przetwarzania. Dodatkowo Abonent posiada prawo wniesienia sprzeciwu wobec\u00a0przetwarzania danych oraz prawo do przenoszenia danych. Realizacja wymienionych w niniejszym akapicie praw odbywa si\u0119 zgodnie z przepisami og\u00f3lnego rozporz\u0105dzenia o ochronie danych (RODO) \u2013 w oparciu o\u00a0definicje i mechanizmy opisane w tym rozporz\u0105dzeniu.\u2028\u00a0\u2028W przypadku gdy Dostawca Us\u0142ug przetwarza dane osobowe na podstawie zgody Abonenta, Abonent ma prawo do cofni\u0119cia zgody w dowolnym momencie, bez wp\u0142ywu na zgodno\u015b\u0107 z prawem przetwarzania, kt\u00f3rego\u00a0dokonano na podstawie zgody przed jej cofni\u0119ciem.\u2028\u00a0\u2028Abonent ma prawo wniesienia skargi do organu nadzorczego na zasadach okre\u015blonych przez og\u00f3lne rozporz\u0105dzenie o ochronie danych, a w szczeg\u00f3lno\u015bci na podstawie art. 77 tego rozporz\u0105dzenia. W Polsce Organem\u00a0nadzorczym od 25 maja 2018 r. jest Urz\u0105d Ochrony Danych Osobowych.\u2028\u00a0<\/p>\n\n\n\n<p>\u2028<strong>Kategorie danych. Wym\u00f3g podania danych. Konsekwencje braku podania danych.\u2028\u00a0\u2028<\/strong><\/p>\n\n\n\n<p>Dostawca Us\u0142ug informuje, \u017ce podanie nast\u0119puj\u0105cych danych jest wymogiem umownym i jednocze\u015bnie warunkiem zawarcia Umowy: imi\u0119, nazwisko, rodzaj i numer dowodu to\u017csamo\u015bci, PESEL, miejsce zamieszkania,\u00a0miejsce \u015bwiadczenia us\u0142ug, adres korespondencyjny. Podanie innych danych, takich jak: numery telefon\u00f3w kontaktowych, adresu poczty elektronicznej jest wymogiem umownym, ale nie jest warunkiem zawarcia lub\u00a0realizacji Umowy. Podanie wszystkich danych jest dobrowolne. Konsekwencj\u0105 braku podania danych, kt\u00f3re s\u0105 warunkiem zawarcia umowy jest brak mo\u017cliwo\u015bci zawarcia z Dostawc\u0105 Us\u0142ug Umowy. Konsekwencj\u0105 braku\u00a0podania danych, kt\u00f3re nie s\u0105 warunkiem zawarcia umowy jest brak mo\u017cliwo\u015bci wykorzystania tych danych dla cel\u00f3w zwi\u0105zanych z ich zebraniem (tj. np. kontaktowanie si\u0119 z Abonentem za pomoc\u0105 tych danych w celu\u00a0realizacji umowy, mo\u017cliwo\u015b\u0107 przedstawienia ofert marketingowych).\u2028\u00a0\u2028<\/p>\n\n\n\n<p><strong>Pozosta\u0142e informacje\/o\u015bwiadczenia\u2028\u00a0<\/strong><\/p>\n\n\n\n<p>Dostawca Us\u0142ug informuje Abonenta, i\u017c dla cel\u00f3w naliczania op\u0142at za Us\u0142ugi, dla cel\u00f3w rozlicze\u0144 mi\u0119dzyoperatorskich, jak r\u00f3wnie\u017c, na zasadach okre\u015blonych w obowi\u0105zuj\u0105cych przepisach prawa, dla cel\u00f3w marketingu us\u0142ug komunikacji elektronicznej lub \u015bwiadczenia us\u0142ug o warto\u015bci wzbogaconej przetwarza dane transmisyjne obejmuj\u0105ce w szczeg\u00f3lno\u015bci dane o numerze u\u017cytkownika wywo\u0142ywanego i wywo\u0142uj\u0105cego, rodzaj i czas po\u0142\u0105czenia, dane o jako\u015bci po\u0142\u0105czenia, dane o wysoko\u015bci rachunku oraz dane wskazuj\u0105ce po\u0142o\u017cenie geograficzne urz\u0105dzenia ko\u0144cowego. Powy\u017csze dane s\u0105 przetwarzane w okresie obowi\u0105zywania Umowy lub zgody, a po jej zako\u0144czeniu w okresie dochodzenia roszcze\u0144, nie p\u00f3\u017aniej ni\u017c do czasu ich przedawnienia lub wykonywania zada\u0144 lub obowi\u0105zk\u00f3w przewidzianych w przepisach prawa. W przypadku danych transmisyjnych przetwarzanych do cel\u00f3w marketingu us\u0142ug komunikacji elektronicznej lub \u015bwiadczenia us\u0142ug o warto\u015bci wzbogaconej Abonent mo\u017ce w dowolnym momencie wycofa\u0107 zgod\u0119 na ich przetwarzanie w tym celu. Dane te b\u0119d\u0105 przez Dostawc\u0119 Us\u0142ug przetwarzane do czasu skutecznego wycofania zgody, bez wp\u0142ywu na zgodno\u015b\u0107 z prawem przetwarzania, kt\u00f3rego dokonano na podstawie zgody przed jej cofni\u0119ciem.<\/p>\n\n\n\n<p><strong>Informacje ko\u0144cowe\u2028\u00a0\u2028<\/strong><\/p>\n\n\n\n<p>Zasady opisane w dokumencie maj\u0105 zastosowanie od 25 maja 2018 r. \u2013 tj. od dnia rozpocz\u0119cia stosowania RODO. Przy formu\u0142owaniu powy\u017cszych informacji kierowali\u015bmy si\u0119 tym, aby by\u0142y one w jak najwi\u0119kszym stopniu konkretne i precyzyjne (w tym zgodne ze \u015bcis\u0142ymi poj\u0119ciami i definicjami ustanowionymi przez RODO), a zarazem, proste, jasne i zrozumia\u0142e. W celu sta\u0142ego zapewnienia tego oraz w zwi\u0105zku ze zmieniaj\u0105cymi si\u0119 cz\u0119sto przepisami prawa zastrzegamy sobie prawo do ci\u0105g\u0142ego poprawiania i udoskonalania formy i tre\u015bci tych informacji. Zdajemy sobie spraw\u0119, \u017ce niniejszy materia\u0142 jest obszerny, dlatego w razie jakichkolwiek uwag, pyta\u0144 czy w\u0105tpliwo\u015bci (w szczeg\u00f3lno\u015bci zwi\u0105zanych z przetwarzaniem przez nas danych osobowych w konkretnych celach i sytuacji) prosimy o kontakt z inspektorem ochrony danych Horyzontu: iod@horyzont.net. Pe\u0142ny tekst og\u00f3lnego europejskiego rozporz\u0105dzenia o ochronie danych (RODO) znajdziecie Pa\u0144stwo na stronie: https:\/\/uodo.gov.pl\/pl\/131\/224<br><\/p>\n\n\n\n<p>Horyzont Technologie Internetowe Sp\u00f3\u0142ka z ograniczon\u0105 odpowiedzialno\u015bci\u0105 z siedzib\u0105 w Poznaniu przy ul. Bu\u0142garskiej 17 (60-320 Pozna\u0144), wykonuj\u0105c obowi\u0105zek, o kt\u00f3rym mowa w art. 14 RODO w zwi\u0105zku z art. 26 ust. 6 ustawy z dnia 28 lipca 2023 r. o zwalczaniu nadu\u017cy\u0107 w komunikacji elektronicznej (\u201edalej: \u201eUstawa\u201d), informuje, \u017ce przetwarza, na podstawie przepis\u00f3w prawa (art. 6 ust. 1 lit. c RODO) dane zwi\u0105zane z obowi\u0105zkiem przeciwdzia\u0142ania nadu\u017cyciom, w szczeg\u00f3lno\u015bci dane o po\u0142\u0105czeniach oraz numery MSISDN. Przedmiotowe dane s\u0105 lub mog\u0105 by\u0107 pozyskiwane od innych operator\u00f3w telekomunikacyjnych obj\u0119tych niniejszym obowi\u0105zkiem w celach zwi\u0105zanych z realizacj\u0105 przepis\u00f3w Ustawy. Dane te b\u0119d\u0105 przetwarzane przez okres niezb\u0119dny do realizacji celu wskazanego w Ustawie. Informujemy o prawie do \u017c\u0105dania sprostowania danych, ograniczenia przetwarzania oraz wniesienia sprzeciwu i ich usuni\u0119cia oraz wniesienia skargi do Prezesa Urz\u0119du Ochrony Danych Osobowych. Pytania dotycz\u0105ce ochrony danych osobowych mo\u017cna kierowa\u0107 do wyznaczonego Inspektora Ochrony Danych na adres: iod@horyzont.net.<br><\/p>\n\n\n\n<p>Ostatnia aktualizacja z dnia 8.11.2024 w zwi\u0105zku z wej\u015bciem w \u017cycie w dniu 10 listopada 2024 r. ustawy z dnia 12 lipca 2024 r. Prawo komunikacji elektronicznej.\u2028<\/p>\n","protected":false},"excerpt":{"rendered":"<p>INFORMACJE DOTYCZ\u0104CE PRZETWARZANIA DANYCH OSOBOWYCH PRZEZ HORYZONT TECHNOLOGIE INTERNETOWE SP. Z O.O.\u2028\u00a0\u2028 Informacje zawarte w niniejszym dokumencie dotycz\u0105 przetwarzania przez Horyzont Technologie Internetowe sp. z o.o. \u00a0z siedzib\u0105 w Poznaniu, ul. Bu\u0142garska 17 (zwana dalej Dostawc\u0105 Us\u0142ug lub Horyzont) danych osobowych Abonent\u00f3w w zwi\u0105zku z\u00a0zawieranymi umowami na \u015bwiadczenie us\u0142ug oraz us\u0142ug dodatkowych. Przekazywane informacje s\u0105&hellip; <a class=\"continue\" href=\"https:\/\/www.horyzont.net\/de\/rodo\/\">Wi\u0119cej<span> (Polski) Ochrona danych osobowych<\/span><\/a><\/p>\n","protected":false},"author":6,"featured_media":0,"parent":0,"menu_order":0,"comment_status":"closed","ping_status":"closed","template":"","meta":{"footnotes":""},"class_list":["post-2150","page","type-page","status-publish","hentry"],"aioseo_notices":[],"_links":{"self":[{"href":"https:\/\/www.horyzont.net\/de\/wp-json\/wp\/v2\/pages\/2150","targetHints":{"allow":["GET"]}}],"collection":[{"href":"https:\/\/www.horyzont.net\/de\/wp-json\/wp\/v2\/pages"}],"about":[{"href":"https:\/\/www.horyzont.net\/de\/wp-json\/wp\/v2\/types\/page"}],"author":[{"embeddable":true,"href":"https:\/\/www.horyzont.net\/de\/wp-json\/wp\/v2\/users\/6"}],"replies":[{"embeddable":true,"href":"https:\/\/www.horyzont.net\/de\/wp-json\/wp\/v2\/comments?post=2150"}],"version-history":[{"count":18,"href":"https:\/\/www.horyzont.net\/de\/wp-json\/wp\/v2\/pages\/2150\/revisions"}],"predecessor-version":[{"id":2372,"href":"https:\/\/www.horyzont.net\/de\/wp-json\/wp\/v2\/pages\/2150\/revisions\/2372"}],"wp:attachment":[{"href":"https:\/\/www.horyzont.net\/de\/wp-json\/wp\/v2\/media?parent=2150"}],"curies":[{"name":"wp","href":"https:\/\/api.w.org\/{rel}","templated":true}]}}