{"id":2395,"date":"2025-09-12T10:00:00","date_gmt":"2025-09-12T08:00:00","guid":{"rendered":"https:\/\/www.horyzont.net\/?page_id=2395"},"modified":"2026-01-30T22:48:02","modified_gmt":"2026-01-30T21:48:02","slug":"dataact","status":"publish","type":"page","link":"https:\/\/www.horyzont.net\/de\/dataact\/","title":{"rendered":"Dost\u0119p i wykorzystanie danych"},"content":{"rendered":"\n<p><strong>Definicje<\/strong><\/p>\n\n\n\n<p>DATA ACT (Akt w sprawie danych) \u2013 Rozporz\u0105dzenie Parlamentu Europejskiego i Rady (UE) 2023\/2854 z dnia 13 grudnia 2023 r. w sprawie zharmonizowanych przepis\u00f3w dotycz\u0105cych sprawiedliwego dost\u0119pu do danych i ich wykorzystywania oraz w sprawie zmiany rozporz\u0105dzenia (UE) 2017\/2394 i dyrektywy (UE) 2020\/1828.<\/p>\n\n\n\n<p>RODO &#8211; Rozporz\u0105dzenie Parlamentu Europejskiego i Rady<strong> (<\/strong>UE) 2016\/679 z dnia 27 kwietnia 2016 r. w sprawie ochrony os\u00f3b fizycznych w zwi\u0105zku z przetwarzaniem danych osobowych i w sprawie swobodnego przep\u0142ywu takich danych oraz uchylenia dyrektywy 95\/46\/WE (og\u00f3lne rozporz\u0105dzenie o ochronie danych).<\/p>\n\n\n\n<p>DANE OSOBOWE &#8211; informacje o zidentyfikowanej lub mo\u017cliwej do zidentyfikowania osobie fizycznej (osobie, kt\u00f3rej dane dotycz\u0105); mo\u017cliwa do zidentyfikowania osoba fizyczna to osoba, kt\u00f3r\u0105 mo\u017cna bezpo\u015brednio lub po\u015brednio zidentyfikowa\u0107, w szczeg\u00f3lno\u015bci na podstawie identyfikatora takiego jak imi\u0119 i nazwisko, numer identyfikacyjny, dane o lokalizacji, identyfikator internetowy lub jeden b\u0105d\u017a kilka szczeg\u00f3lnych czynnik\u00f3w okre\u015blaj\u0105cych fizyczn\u0105, fizjologiczn\u0105, genetyczn\u0105, psychiczn\u0105, ekonomiczn\u0105, kulturow\u0105 lub spo\u0142eczn\u0105 to\u017csamo\u015b\u0107 osoby fizycznej.<\/p>\n\n\n\n<p>DANE NIEOSOBOWE &#8211; dane inne ni\u017c dane osobowe.<\/p>\n\n\n\n<p>PRODUKT SKOMUNIKOWANY &#8211; rzecz, kt\u00f3ra pozyskuje, generuje lub zbiera dost\u0119pne dane dotycz\u0105ce jej wykorzystywania lub jej otoczenia i kt\u00f3ra jest w stanie komunikowa\u0107 dane z produktu skomunikowanego za pomoc\u0105 us\u0142ugi \u0142\u0105czno\u015bci elektronicznej, \u0142\u0105cza fizycznego lub dost\u0119pu na urz\u0105dzeniu i kt\u00f3rej podstawow\u0105 funkcj\u0105 nie jest przechowywanie, przetwarzanie ani przesy\u0142anie danych w imieniu strony innej ni\u017c u\u017cytkownik.<\/p>\n\n\n\n<p>US\u0141UGA DATA ACT &#8211; us\u0142uga powi\u0105zana w rozumieniu Data Act tj. us\u0142uga cyfrowa, w tym oprogramowanie, ale z wy\u0142\u0105czeniem us\u0142ug \u0142\u0105czno\u015bci elektronicznej, kt\u00f3ra podczas zakupu, najmu, dzier\u017cawy lub leasingu jest skomunikowana z Produktem Skomunikowanym w taki spos\u00f3b, \u017ce jej brak uniemo\u017cliwi\u0142by Produktowi Skomunikowanemu wykonywanie co najmniej jednej z jego funkcji, lub kt\u00f3ra zostaje skomunikowana z Produktem Skomunikowanym przez producenta lub osob\u0119 trzeci\u0105 p\u00f3\u017aniej, aby doda\u0107, uaktualni\u0107 lub zmodyfikowa\u0107 funkcje Produktu Skomunikowanego.<\/p>\n\n\n\n<p>POSIADACZ DANYCH &#8211; osoba fizyczna lub prawna, w tym Dostawca Us\u0142ug, kt\u00f3ra ma prawo lub obowi\u0105zek wynikaj\u0105cy z przepis\u00f3w prawa wykorzystywa\u0107 i udost\u0119pnia\u0107 dane, w tym o ile zosta\u0142o to przewidziane umow\u0105, dane z Produktu Skomunikowanego lub dane z Us\u0142ugi Data Act pobrane lub wygenerowane przez Dostawc\u0119 Us\u0142ug podczas \u015bwiadczenia Us\u0142ugi Data Act.<\/p>\n\n\n\n<p>DANE \u0141ATWO DOST\u0118PNE &#8211; dane z Produktu Skomunikowanego lub dane z Us\u0142ugi Data Act, kt\u00f3re Posiadacz Danych zgodnie z prawem pozyskuje lub mo\u017ce zgodnie z prawem pozyska\u0107 z Produktu Skomunikowanego lub z Us\u0142ugi Data Act bez nieproporcjonalnie du\u017cego wysi\u0142ku wykraczaj\u0105cego poza prost\u0105 czynno\u015b\u0107.<\/p>\n\n\n\n<p>U\u017bYTKOWNIK &#8211; osoba fizyczna lub prawna, w tym Abonent lub Dostawca Us\u0142ug, kt\u00f3ra jest w\u0142a\u015bcicielem Produktu Skomunikowanego lub kt\u00f3rej na podstawie umowy przekazane zosta\u0142y tymczasowe prawa do korzystania z tego Produktu Skomunikowanego, lub kt\u00f3ra korzysta z Us\u0142ug Data Act.<\/p>\n\n\n\n<p>ODBIORCA DANYCH &#8211; osoba fizyczna lub prawna, w tym Dostawca Us\u0142ug, dzia\u0142aj\u0105ca w celach zwi\u0105zanych z jej dzia\u0142alno\u015bci\u0105 handlow\u0105, gospodarcz\u0105, rzemie\u015blnicz\u0105 lub zawodow\u0105, inna ni\u017c U\u017cytkownik Produktu Skomunikowanego lub Us\u0142ugi Data Act, kt\u00f3rej to osobie Posiadacz Danych udost\u0119pnia dane, w tym osoba trzecia na wniosek U\u017cytkownika skierowany do Posiadacza danych lub zgodnie z obowi\u0105zuj\u0105cym porz\u0105dkiem prawnym.<\/p>\n\n\n\n<p><strong>Klauzula informacyjna Data Act<\/strong><\/p>\n\n\n\n<p>Od 12.09.2025 roku Dostawca Us\u0142ug stosuje Data Act (Akt w sprawie danych). Celem tego aktu prawnego jest zapewnienie sprawiedliwego dost\u0119pu, pobierania, udost\u0119pniania i wykorzystywania danych (w tym Danych Osobowych i Danych Nieosobowych) pochodz\u0105cych z Produkt\u00f3w Skomunikowanych lub Us\u0142ug Data Act.<\/p>\n\n\n\n<p>Niniejszym Dostawca Us\u0142ug przekazuje Pa\u0144stwu informacje o:<\/p>\n\n\n\n<ol class=\"wp-block-list\">\n<li>danych, kt\u00f3re s\u0105 generowane i wykorzystywane przez Produkty Skomunikowane udost\u0119pniane przez Dostawc\u0119 Us\u0142ug lub przez Us\u0142ugi Data Act \u015bwiadczone przez Dostawc\u0119 Us\u0142ug;<\/li>\n\n\n\n<li>uprawnieniach przyznanych U\u017cytkownikom na mocy Data Act;<\/li>\n\n\n\n<li>sposobach realizacji uprawnie\u0144 wynikaj\u0105cych z Data Act.<\/li>\n<\/ol>\n\n\n\n<p><strong>Produkty skomunikowane<\/strong><\/p>\n\n\n\n<p>Dostawca Us\u0142ug zobowi\u0105zany jest do przekazania Pa\u0144stwu informacji o Produkcie Skomunikowanym.<\/p>\n\n\n\n<p>Realizuj\u0105c obowi\u0105zki informacyjne, Dostawca Us\u0142ug przekazuje jasne informacje, o ile s\u0105 jemu dost\u0119pne, o:<\/p>\n\n\n\n<ul class=\"wp-block-list\">\n<li>rodzaju, formacie, szacunkowej ilo\u015bci danych, kt\u00f3re Produkt Skomunikowany jest w stanie wygenerowa\u0107,<\/li>\n\n\n\n<li>generowaniu danych w trybie ci\u0105g\u0142ym i w czasie rzeczywistym,<\/li>\n\n\n\n<li>sposobie przechowywania danych, tj. na urz\u0105dzeniu lub na zdalnym serwerze,<\/li>\n\n\n\n<li>okresie przechowywania danych,<\/li>\n\n\n\n<li>sposobie uzyskiwania dost\u0119pu do danych,<\/li>\n\n\n\n<li>sposobie pobierania lub usuwania danych,<\/li>\n\n\n\n<li>\u015brodkach technicznych dotycz\u0105cych uzyskiwania dost\u0119pu, pobierania lub usuwania danych,<\/li>\n\n\n\n<li>warunkach wykorzystywania w\/w \u015brodk\u00f3w technicznych oraz jako\u015bci us\u0142ug z tym zwi\u0105zanych.<\/li>\n<\/ul>\n\n\n\n<p>W zakresie us\u0142ugi dost\u0119pu do Internetu produktem skomunikowanym jest <strong>MODEM<\/strong>.<\/p>\n\n\n\n<p>Wymagane informacje w odniesieniu do poszczeg\u00f3lnych typ\u00f3w modem\u00f3w znajduj\u0105 si\u0119 <strong><a href=\"https:\/\/www.horyzont.net\/kartyinformacyjne-modemy\/\" title=\"\">tutaj<\/a><\/strong>.<\/p>\n\n\n\n<p><strong>Dostawca Us\u0142ug pozyskuje z Produktu Skomunikowanego jedynie dane niezb\u0119dne do \u015bwiadczenia i zapewnienia nale\u017cytej jako\u015bci us\u0142ug komunikacji elektronicznej lub us\u0142ug cyfrowych.<\/strong><\/p>\n\n\n\n<p>Informacje o tych danych Dostawca Us\u0142ug udost\u0119pnia:<\/p>\n\n\n\n<ol class=\"wp-block-list\">\n<li>w karcie informacyjnej Produktu Skomunikowanego za\u0142\u0105czonej do produktu,<\/li>\n\n\n\n<li>na niniejszej <strong><a href=\"https:\/\/www.horyzont.net\/kartyinformacyjne-modemy\/\" title=\"\">stronie<\/a><\/strong>,<\/li>\n<\/ol>\n\n\n\n<p>Informacji o danych innych ni\u017c wykorzystywane przez Dostawc\u0119 Us\u0142ug, kt\u00f3re mog\u0105 by\u0107 generowane przez Produkt Skomunikowany, nale\u017cy szuka\u0107 na stronie internetowej producenta danego Produktu Skomunikowanego.<\/p>\n\n\n\n<p><strong>Us\u0142ugi Data Act<\/strong><\/p>\n\n\n\n<p>Dostawca Us\u0142ug informuje, i\u017c:<\/p>\n\n\n\n<ul class=\"wp-block-list\">\n<li>us\u0142ugi \u0142\u0105czno\u015bci elektronicznej nie stanowi\u0105 Us\u0142ug Data Act,<\/li>\n\n\n\n<li>na dzie\u0144 sporz\u0105dzenia niniejszej dokumentacji nie \u015bwiadczy Us\u0142ug Data Act.<\/li>\n<\/ul>\n\n\n\n<p><strong>Uprawnienia wynikaj\u0105ce z Data Act<\/strong><\/p>\n\n\n\n<p>Niezale\u017cnie od uprawnie\u0144 wynikaj\u0105cych z RODO, U\u017cytkownicy, w tym Abonenci s\u0105 uprawnieni do:<\/p>\n\n\n\n<ul class=\"wp-block-list\">\n<li>dost\u0119pu do Danych \u0141atwo Dost\u0119pnych wraz z odpowiednimi metadanymi niezb\u0119dnymi do interpretacji i wykorzystania danych;<\/li>\n\n\n\n<li>dzielenia si\u0119 Danymi \u0141atwo Dost\u0119pnymi z osobami trzecimi wraz z odpowiednimi metadanymi niezb\u0119dnymi do interpretacji i wykorzystania danych, w tym z\u0142o\u017cenia wniosku o przekazanie Danych \u0141atwo Dost\u0119pnych osobom trzecim przez Dostawc\u0119 Us\u0142ug;<\/li>\n\n\n\n<li>wnoszenia skarg do w\u0142a\u015bciwego organu;<\/li>\n\n\n\n<li>uzgodnienia z Dostawc\u0105 Us\u0142ug wniesienia sprawy do organu rozstrzygania spor\u00f3w.<\/li>\n<\/ul>\n\n\n\n<p><strong>Spos\u00f3b realizacji uprawnie\u0144 wynikaj\u0105cych z Data Act<\/strong><\/p>\n\n\n\n<p>Informacje o danych generowanych przez Produkt skomunikowany, udost\u0119pnione w karcie informacyjnej Produktu Skomunikowanego za\u0142\u0105czonej do produktu, na Stronie www Dostawcy Us\u0142ug w zak\u0142adce <em><u><a href=\"https:\/\/www.horyzont.net\/dataact\" title=\"\">Dost\u0119p i wykorzystanie danych<\/a><\/u><\/em> lub w Strefie Klienta, w zak\u0142adce \u201eUrz\u0105dzenia\u201d, okre\u015blaj\u0105 czy i w jakim zakresie dane te s\u0105 przechowywane na urz\u0105dzeniu lub na zdalnym serwerze, a tak\u017ce czy mo\u017cliwe s\u0105 do uzyskania samodzielnie przez U\u017cytkownika. W przypadku, gdy U\u017cytkownik, w tym Abonent nie mo\u017ce uzyska\u0107 bezpo\u015bredniego dost\u0119pu do danych z Produktu Skomunikowanego, Dostawca Us\u0142ug na wniosek U\u017cytkownika, w tym Abonenta, bez zb\u0119dnej zw\u0142oki, w spos\u00f3b \u0142atwy i bezpieczny, nieodp\u0142atnie udost\u0119pnia Dane \u0141atwo Dost\u0119pne wraz z odpowiednimi metadanymi niezb\u0119dnymi do interpretacji i wykorzystania tych danych. Obowi\u0105zek ten nie obejmuje danych innych ni\u017c Dane \u0141atwo Dost\u0119pne.<\/p>\n\n\n\n<p>Wnioski dotycz\u0105ce realizacji uprawnie\u0144 wynikaj\u0105cych z Data Act nale\u017cy kierowa\u0107 do Dostawcy Us\u0142ug:<\/p>\n\n\n\n<ul class=\"wp-block-list\">\n<li>na adresy poczty elektronicznej, kt\u00f3rych dane wskazano <strong><a href=\"https:\/\/www.horyzont.net\/kontakt\/adresy_i_telefony\/\" title=\"\">tutaj<\/a><\/strong>;<\/li>\n<\/ul>\n\n\n\n<p>O ile nic innego nie wynika z informacji dotycz\u0105cych konkretnego Produktu skomunikowanego:<\/p>\n\n\n\n<ul class=\"wp-block-list\">\n<li>Dostawca Us\u0142ug nie udost\u0119pnia interfejs\u00f3w, dedykowanego oprogramowania lub innych zautomatyzowanych sposob\u00f3w udost\u0119pniania danych;<\/li>\n\n\n\n<li>specyfika Produkt\u00f3w skomunikowanych dostarczanych przez Dostawc\u0119 Us\u0142ug powoduje, \u017ce co do zasady nie jest mo\u017cliwe usuni\u0119cie danych generowanych w produkcie na \u017c\u0105danie U\u017cytkownika, w tym Abonenta. Urz\u0105dzenia te gromadz\u0105 bowiem dane konieczne do ich prawid\u0142owego funkcjonowania oraz \u015bwiadczenia us\u0142ug przez Dostawc\u0119 Us\u0142ug. W zakresie w jakim gromadzenie danych nie jest konieczne dla prawid\u0142owego funkcjonowania Produktu skomunikowanego i odbioru us\u0142ug, Produkt skomunikowany mo\u017ce umo\u017cliwia\u0107 decydowanie o gromadzeniu lub zaprzestania gromadzenia okre\u015blonych danych za pomoc\u0105 ustawie\u0144 dost\u0119pnych w urz\u0105dzeniu. W zakresie usuwania Danych osobowych, zastosowanie znajduj\u0105 przepisy o ochronie danych osobowych.<\/li>\n<\/ul>\n\n\n\n<p>Realizacja wniosku z\u0142o\u017conego przez U\u017cytkownika dotycz\u0105cego danych, kt\u00f3re go nie dotycz\u0105 mo\u017cliwa jest wy\u0142\u0105cznie w\u00f3wczas, gdy istnieje wa\u017cna podstawa prawna uzasadniaj\u0105ca przetwarzanie takich danych.<\/p>\n","protected":false},"excerpt":{"rendered":"<p>Definicje DATA ACT (Akt w sprawie danych) \u2013 Rozporz\u0105dzenie Parlamentu Europejskiego i Rady (UE) 2023\/2854 z dnia 13 grudnia 2023 r. w sprawie zharmonizowanych przepis\u00f3w dotycz\u0105cych sprawiedliwego dost\u0119pu do danych i ich wykorzystywania oraz w sprawie zmiany rozporz\u0105dzenia (UE) 2017\/2394 i dyrektywy (UE) 2020\/1828. RODO &#8211; Rozporz\u0105dzenie Parlamentu Europejskiego i Rady (UE) 2016\/679 z dnia&hellip; <a class=\"continue\" href=\"https:\/\/www.horyzont.net\/de\/dataact\/\">Wi\u0119cej<span> Dost\u0119p i wykorzystanie danych<\/span><\/a><\/p>\n","protected":false},"author":6,"featured_media":0,"parent":0,"menu_order":0,"comment_status":"closed","ping_status":"closed","template":"","meta":{"footnotes":""},"class_list":["post-2395","page","type-page","status-publish","hentry"],"aioseo_notices":[],"_links":{"self":[{"href":"https:\/\/www.horyzont.net\/de\/wp-json\/wp\/v2\/pages\/2395","targetHints":{"allow":["GET"]}}],"collection":[{"href":"https:\/\/www.horyzont.net\/de\/wp-json\/wp\/v2\/pages"}],"about":[{"href":"https:\/\/www.horyzont.net\/de\/wp-json\/wp\/v2\/types\/page"}],"author":[{"embeddable":true,"href":"https:\/\/www.horyzont.net\/de\/wp-json\/wp\/v2\/users\/6"}],"replies":[{"embeddable":true,"href":"https:\/\/www.horyzont.net\/de\/wp-json\/wp\/v2\/comments?post=2395"}],"version-history":[{"count":5,"href":"https:\/\/www.horyzont.net\/de\/wp-json\/wp\/v2\/pages\/2395\/revisions"}],"predecessor-version":[{"id":2405,"href":"https:\/\/www.horyzont.net\/de\/wp-json\/wp\/v2\/pages\/2395\/revisions\/2405"}],"wp:attachment":[{"href":"https:\/\/www.horyzont.net\/de\/wp-json\/wp\/v2\/media?parent=2395"}],"curies":[{"name":"wp","href":"https:\/\/api.w.org\/{rel}","templated":true}]}}