{"id":256,"date":"2012-11-07T11:54:12","date_gmt":"2012-11-07T10:54:12","guid":{"rendered":"http:\/\/directadmin.info.pl\/?page_id=256"},"modified":"2012-12-07T11:29:42","modified_gmt":"2012-12-07T10:29:42","slug":"program_partnerski","status":"publish","type":"page","link":"https:\/\/www.horyzont.net\/de\/o_firmie\/program_partnerski\/","title":{"rendered":"Program partnerski"},"content":{"rendered":"<p><\/p>\n<p>Firmom zajmuj\u0105cym si\u0119 szeroko rozumianym ICT proponujemy nawi\u0105zanie wsp\u00f3\u0142pracy partnerskiej w dziedzinie oferowanych przez nasz\u0105 firm\u0119 us\u0142ug internetowych. Ofert\u0119 wsp\u00f3\u0142pracy kierujemy w szczeg\u00f3lno\u015bci do:<\/p>\n<p>&#8211; reseller\u00f3w i enabler\u00f3w us\u0142ug telekomunikacyjnych,<\/p>\n<p>&#8211; integrator\u00f3w rozwi\u0105za\u0144 teleinformatycznych,<\/p>\n<p>&#8211; dostawc\u00f3w central telefonicznych i osprz\u0119tu telekomunikacyjnego,<\/p>\n<p>&#8211; firm zajmuj\u0105cych si\u0119 nowymi technologiami, w zastosowaniu kt\u00f3rych Internet ma kluczow\u0105 rol\u0119.<\/p>\n<p>Dzi\u0119ki posiadanej <a href=\"https:\/\/www.horyzont.net\/o_firmie\/nasza_infrastruktura\">infrastrukturze sieciowej i serwerowej<\/a> jeste\u015bmy w stanie zaoferowa\u0107 ka\u017cdy rodzaj us\u0142ugi internetowej, skonfigurowanej dok\u0142adnie wed\u0142ug potrzeb klienta.<\/p>\n<p>Zapewniamy przy tym sta\u0142y udzia\u0142 w przychodach z realizowanych dzi\u0119ki wsp\u00f3\u0142pracy kontrakt\u00f3w i ca\u0142kowit\u0105 przejrzysto\u015b\u0107 proces\u00f3w biznesowych zar\u00f3wno dla klient\u00f3w ko\u0144cowych jak i naszych partner\u00f3w.<\/p>\n<p>Naszym partnerom \u015bwiadczymy us\u0142ugi wsparcia przed i po sprzeda\u017cowego, dzi\u0119ki kt\u00f3remu poszerzaj\u0105 oni swoje kompetencje w zakresie nowoczesnych rozwi\u0105za\u0144 Internetowych.<\/p>\n<p><a href=\"mailto:office@horyzont.net?subject=Zapytanie%20w%20sprawie%20wsp%C3%B3%C5%82pracy%20partnerskiej&#038;body=Tutaj%20wpisz%20tre%C5%9B%C4%87%20zapytania\">Zapraszamy do wsp\u00f3\u0142pracy<\/a><\/p>\n<p><\/p>","protected":false},"excerpt":{"rendered":"<p>Firmom zajmuj\u0105cym si\u0119 szeroko rozumianym ICT proponujemy nawi\u0105zanie wsp\u00f3\u0142pracy partnerskiej w dziedzinie oferowanych przez nasz\u0105 firm\u0119 us\u0142ug internetowych. Ofert\u0119 wsp\u00f3\u0142pracy kierujemy w szczeg\u00f3lno\u015bci do: &#8211; reseller\u00f3w i enabler\u00f3w us\u0142ug telekomunikacyjnych, &#8211; integrator\u00f3w rozwi\u0105za\u0144 teleinformatycznych, &#8211; dostawc\u00f3w central telefonicznych i osprz\u0119tu telekomunikacyjnego, &#8211; firm zajmuj\u0105cych si\u0119 nowymi technologiami, w zastosowaniu kt\u00f3rych Internet ma kluczow\u0105 rol\u0119. Dzi\u0119ki&hellip; <a class=\"continue\" href=\"https:\/\/www.horyzont.net\/de\/o_firmie\/program_partnerski\/\">Wi\u0119cej<span> Program partnerski<\/span><\/a><\/p>\n","protected":false},"author":6,"featured_media":0,"parent":261,"menu_order":0,"comment_status":"closed","ping_status":"closed","template":"","meta":{"footnotes":""},"class_list":["post-256","page","type-page","status-publish","hentry"],"aioseo_notices":[],"_links":{"self":[{"href":"https:\/\/www.horyzont.net\/de\/wp-json\/wp\/v2\/pages\/256","targetHints":{"allow":["GET"]}}],"collection":[{"href":"https:\/\/www.horyzont.net\/de\/wp-json\/wp\/v2\/pages"}],"about":[{"href":"https:\/\/www.horyzont.net\/de\/wp-json\/wp\/v2\/types\/page"}],"author":[{"embeddable":true,"href":"https:\/\/www.horyzont.net\/de\/wp-json\/wp\/v2\/users\/6"}],"replies":[{"embeddable":true,"href":"https:\/\/www.horyzont.net\/de\/wp-json\/wp\/v2\/comments?post=256"}],"version-history":[{"count":6,"href":"https:\/\/www.horyzont.net\/de\/wp-json\/wp\/v2\/pages\/256\/revisions"}],"predecessor-version":[{"id":970,"href":"https:\/\/www.horyzont.net\/de\/wp-json\/wp\/v2\/pages\/256\/revisions\/970"}],"up":[{"embeddable":true,"href":"https:\/\/www.horyzont.net\/de\/wp-json\/wp\/v2\/pages\/261"}],"wp:attachment":[{"href":"https:\/\/www.horyzont.net\/de\/wp-json\/wp\/v2\/media?parent=256"}],"curies":[{"name":"wp","href":"https:\/\/api.w.org\/{rel}","templated":true}]}}