{"id":27,"date":"2012-10-29T13:58:02","date_gmt":"2012-10-29T12:58:02","guid":{"rendered":"http:\/\/directadmin.info.pl\/?page_id=27"},"modified":"2013-07-18T14:10:02","modified_gmt":"2013-07-18T12:10:02","slug":"transmisja_danych","status":"publish","type":"page","link":"https:\/\/www.horyzont.net\/de\/oferta\/transmisja_danych\/","title":{"rendered":"Daten\u00fcbertragung"},"content":{"rendered":"<p><\/p>\n<p>Die Daten\u00fcbertragung erm\u00f6glicht mittels dedizierten Kommunikationskan\u00e4len die gegenseitige Verbindung zwischen lokalen Computernetze den Firmen und Institutionen die in verschiedenen Standorten agieren.<\/p>\n<p>Unser Netzwerk ist mittels der Anlagen von Cisco Systems auf Basis von eigenen bzw. angemieteten Lichtfaserleitungen und Richtfunkstrecken aufgebaut.<\/p>\n<p>Die Knotenpunkte des Netzwerkes wurden mittels der Technologie von 1 Gigabit Ethernet verbunden, mit Ausbauf\u00e4higkeit bis auf 10Gbps.<\/p>\n<p>Die Daten\u00fcbertragung, die unsere Firma anbietet, sichert Ihnen folgendes zu:<\/p>\n<p>&#8211;\u00a0\u00a0\u00a0\u00a0\u00a0\u00a0 Anschlussgeschwindigkeit von 2 Mbps bis 1000 Mbps,<\/p>\n<p>&#8211;\u00a0\u00a0\u00a0\u00a0\u00a0\u00a0 garantierte 100%-Durchlassf\u00e4higkeit des Anschlusses,<\/p>\n<p>&#8211;\u00a0\u00a0\u00a0\u00a0\u00a0\u00a0 Leitungsabschluss als optischer, bzw. elektrischer (Kupfer) Steckverbinder im Gigabit Ethernet- oder ATM-Standard,<\/p>\n<p>&#8211;\u00a0\u00a0\u00a0\u00a0\u00a0\u00a0 \u00dcbertragungsf\u00e4higkeit beliebiger Protokolls der 2. Netzebene (z. B. Vlan trunking) und der 3. Netzebene (z. B. OSPF),<\/p>\n<p>&#8211;\u00a0\u00a0\u00a0\u00a0\u00a0\u00a0 optionale Reserveanbindung, die eine alternative \u00dcbertragungsstrecke oder -Technologie des Kundenanschlusses darstellt und bei Ausfall der Hauptverbindung eine dynamische Umschaltung des Verkehrs erm\u00f6glicht,<\/p>\n<p>&#8211;\u00a0\u00a0\u00a0\u00a0\u00a0\u00a0 Instandhaltung des Fern- und Internationalverkehrs mittels der sieben unabh\u00e4ngigen Daten\u00fcbertragungsprovider, die \u00fcber Lichtfaserleitungen mit Geschwindigkeiten von N x 1Gbps angebunden sind,<\/p>\n<p>&#8211;\u00a0\u00a0\u00a0\u00a0\u00a0\u00a0 Onlinezugriff f\u00fcr den Kunden an die Leitungsgebrauchsstatistik \u00fcber Web-Browser,<\/p>\n<p>&#8211;\u00a0\u00a0\u00a0\u00a0\u00a0\u00a0 st\u00e4ndige \u00dcberwachung der Dienstleistungen inkl. Kundenbenachrichtigung per SMS- bzw. E-Mail \u00fcber \u00dcberschreitung der kritischen Parameter<\/p>\n<p>&#8211;\u00a0\u00a0\u00a0\u00a0\u00a0\u00a0 technische und verwaltungsm\u00e4\u00dfige Betreuung rund um die Uhr inkl. Feiertage<\/p>\n<p><\/p>","protected":false},"excerpt":{"rendered":"<p>Die Daten\u00fcbertragung erm\u00f6glicht mittels dedizierten Kommunikationskan\u00e4len die gegenseitige Verbindung zwischen lokalen Computernetze den Firmen und Institutionen die in verschiedenen Standorten agieren. Unser Netzwerk ist mittels der Anlagen von Cisco Systems auf Basis von eigenen bzw. angemieteten Lichtfaserleitungen und Richtfunkstrecken aufgebaut. Die Knotenpunkte des Netzwerkes wurden mittels der Technologie von 1 Gigabit Ethernet verbunden, mit Ausbauf\u00e4higkeit&hellip; <a class=\"continue\" href=\"https:\/\/www.horyzont.net\/de\/oferta\/transmisja_danych\/\">Wi\u0119cej<span> Daten\u00fcbertragung<\/span><\/a><\/p>\n","protected":false},"author":6,"featured_media":0,"parent":281,"menu_order":0,"comment_status":"closed","ping_status":"closed","template":"","meta":{"footnotes":""},"class_list":["post-27","page","type-page","status-publish","hentry"],"aioseo_notices":[],"_links":{"self":[{"href":"https:\/\/www.horyzont.net\/de\/wp-json\/wp\/v2\/pages\/27","targetHints":{"allow":["GET"]}}],"collection":[{"href":"https:\/\/www.horyzont.net\/de\/wp-json\/wp\/v2\/pages"}],"about":[{"href":"https:\/\/www.horyzont.net\/de\/wp-json\/wp\/v2\/types\/page"}],"author":[{"embeddable":true,"href":"https:\/\/www.horyzont.net\/de\/wp-json\/wp\/v2\/users\/6"}],"replies":[{"embeddable":true,"href":"https:\/\/www.horyzont.net\/de\/wp-json\/wp\/v2\/comments?post=27"}],"version-history":[{"count":13,"href":"https:\/\/www.horyzont.net\/de\/wp-json\/wp\/v2\/pages\/27\/revisions"}],"predecessor-version":[{"id":384,"href":"https:\/\/www.horyzont.net\/de\/wp-json\/wp\/v2\/pages\/27\/revisions\/384"}],"up":[{"embeddable":true,"href":"https:\/\/www.horyzont.net\/de\/wp-json\/wp\/v2\/pages\/281"}],"wp:attachment":[{"href":"https:\/\/www.horyzont.net\/de\/wp-json\/wp\/v2\/media?parent=27"}],"curies":[{"name":"wp","href":"https:\/\/api.w.org\/{rel}","templated":true}]}}