{"id":30,"date":"2012-10-29T13:58:30","date_gmt":"2012-10-29T12:58:30","guid":{"rendered":"http:\/\/directadmin.info.pl\/?page_id=30"},"modified":"2017-03-16T15:00:12","modified_gmt":"2017-03-16T14:00:12","slug":"dzierzawa_wlokien_swiatlowodowych","status":"publish","type":"page","link":"https:\/\/www.horyzont.net\/de\/oferta\/dzierzawa_wlokien_swiatlowodowych\/","title":{"rendered":"Vermietung der Lichtfaserleitungen"},"content":{"rendered":"<p><\/p>\n<p>Vermietung der Lichtfaserleitungen erlaubt den Aufbau eines eigenen \u00dcbertragungsnetzes, ohne kostspielige Aufw\u00e4nde.<\/p>\n<p>Es k\u00f6nnen \u00dcbertragungsstrecken mit beliebiger Durchlassf\u00e4higkeit aufgebaut werden. Gew\u00f6hnlich ist es N x 1Gbps, l\u00e4sst sich aber durch Wechselrichter xWDM multiplizieren.<\/p>\n<p>Vermietet werden unsere eigenen Lichtfaserkabel, die in der bestehenden technischen Kan\u00e4len verlaufen.<\/p>\n<p>Typischer Abschluss besteht aus optischer Wand- oder Panelschalter 19 Zoll, die nach individuellen Kundenanforderungen ausgelegt sind.<\/p>\n<p>Firma Horyzont TI ist im Besitz von etwa 450 Km Lichtfaserleitungen, die in Poznan sowohl in der Stadtmitte, als auch am Stadtrand verlegt sind.<\/p>\n<p>Wir verf\u00fcgen derzeitig \u00fcber Lichtfaserschnittstellen zwischen folgenden Anbieter in Polen<\/p>\n<p>&#8211;\u00a0\u00a0\u00a0\u00a0\u00a0\u00a0 ATM S.A.<\/p>\n<p>&#8211;\u00a0\u00a0\u00a0\u00a0\u00a0\u00a0 Crowley<\/p>\n<p>&#8211;\u00a0\u00a0\u00a0\u00a0\u00a0\u00a0 Exatel<\/p>\n<p>&#8211;\u00a0\u00a0\u00a0\u00a0\u00a0\u00a0 GTS<\/p>\n<p>&#8211;\u00a0\u00a0\u00a0\u00a0\u00a0\u00a0 Hawe\/Fone<\/p>\n<p>&#8211;\u00a0\u00a0\u00a0\u00a0\u00a0\u00a0 PCSS\/Pionier<\/p>\n<p>&#8211;\u00a0\u00a0\u00a0\u00a0\u00a0\u00a0 Telekomunikacja Kolejowa<\/p>\n<p>&#8211;\u00a0\u00a0\u00a0\u00a0\u00a0\u00a0 Netia<\/p>\n<p>Diese Schnittstellen befinden sich in verschiedenen Posener Standorten in den Geb\u00e4uden mit gro\u00dfem Potential an Telekommunikation:<\/p>\n<p>&#8211;\u00a0\u00a0\u00a0\u00a0\u00a0\u00a0 Volkswirtschaftliche Universit\u00e4t \u2013 Zwischengeschoss 19. Stock<\/p>\n<p>&#8211;\u00a0\u00a0\u00a0\u00a0\u00a0\u00a0 Datacenter Beyond Stary Browar \u2013 P\u00f3\u0142wiejska-Str.<\/p>\n<p>&#8211;\u00a0\u00a0\u00a0\u00a0\u00a0\u00a0 Telekomunikacja Kolejowa \u2013 Taczaka-Str.<\/p>\n<p>&#8211;\u00a0\u00a0\u00a0\u00a0\u00a0\u00a0 PCSS \u2013 Piekary-Str.<\/p>\n<p>&#8211;\u00a0\u00a0\u00a0\u00a0\u00a0\u00a0 BZWBK\/NBP \u2013 Kozia-Str.<\/p>\n<p>&#8211;\u00a0\u00a0\u00a0\u00a0\u00a0\u00a0 Exatel \u2013 Marceli\u0144ska-Str.<\/p>\n<p align=\"left\">&#8211;\u00a0\u00a0\u00a0\u00a0\u00a0\u00a0 Talex \u2013 Karpia-Str.<\/p>\n<p><\/p>","protected":false},"excerpt":{"rendered":"<p>Vermietung der Lichtfaserleitungen erlaubt den Aufbau eines eigenen \u00dcbertragungsnetzes, ohne kostspielige Aufw\u00e4nde. Es k\u00f6nnen \u00dcbertragungsstrecken mit beliebiger Durchlassf\u00e4higkeit aufgebaut werden. Gew\u00f6hnlich ist es N x 1Gbps, l\u00e4sst sich aber durch Wechselrichter xWDM multiplizieren. Vermietet werden unsere eigenen Lichtfaserkabel, die in der bestehenden technischen Kan\u00e4len verlaufen. Typischer Abschluss besteht aus optischer Wand- oder Panelschalter 19 Zoll,&hellip; <a class=\"continue\" href=\"https:\/\/www.horyzont.net\/de\/oferta\/dzierzawa_wlokien_swiatlowodowych\/\">Wi\u0119cej<span> Vermietung der Lichtfaserleitungen<\/span><\/a><\/p>\n","protected":false},"author":6,"featured_media":0,"parent":281,"menu_order":0,"comment_status":"closed","ping_status":"closed","template":"","meta":{"footnotes":""},"class_list":["post-30","page","type-page","status-publish","hentry"],"aioseo_notices":[],"_links":{"self":[{"href":"https:\/\/www.horyzont.net\/de\/wp-json\/wp\/v2\/pages\/30","targetHints":{"allow":["GET"]}}],"collection":[{"href":"https:\/\/www.horyzont.net\/de\/wp-json\/wp\/v2\/pages"}],"about":[{"href":"https:\/\/www.horyzont.net\/de\/wp-json\/wp\/v2\/types\/page"}],"author":[{"embeddable":true,"href":"https:\/\/www.horyzont.net\/de\/wp-json\/wp\/v2\/users\/6"}],"replies":[{"embeddable":true,"href":"https:\/\/www.horyzont.net\/de\/wp-json\/wp\/v2\/comments?post=30"}],"version-history":[{"count":13,"href":"https:\/\/www.horyzont.net\/de\/wp-json\/wp\/v2\/pages\/30\/revisions"}],"predecessor-version":[{"id":1923,"href":"https:\/\/www.horyzont.net\/de\/wp-json\/wp\/v2\/pages\/30\/revisions\/1923"}],"up":[{"embeddable":true,"href":"https:\/\/www.horyzont.net\/de\/wp-json\/wp\/v2\/pages\/281"}],"wp:attachment":[{"href":"https:\/\/www.horyzont.net\/de\/wp-json\/wp\/v2\/media?parent=30"}],"curies":[{"name":"wp","href":"https:\/\/api.w.org\/{rel}","templated":true}]}}