{"id":307,"date":"2012-11-07T13:08:28","date_gmt":"2012-11-07T12:08:28","guid":{"rendered":"http:\/\/directadmin.info.pl\/?page_id=307"},"modified":"2012-12-20T12:37:34","modified_gmt":"2012-12-20T11:37:34","slug":"aplikacje_na_zamowienie","status":"publish","type":"page","link":"https:\/\/www.horyzont.net\/de\/oferta\/aplikacje_na_zamowienie\/","title":{"rendered":"Programme auf Bestellung"},"content":{"rendered":"<p><\/p>\n<p>F\u00fcr die Kunden, die individuelle Programml\u00f6sungen verlangen bereiten wir fortgeschrittene Programme vor, die eine EDV-Unterst\u00fctzung von komplizierten Gesch\u00e4ftsverfahren erm\u00f6glichen.<\/p>\n<p>Unsere \u00a0\u00a0\u00a0\u00a0\u00a0\u00a0\u00a0\u00a0\u00a0\u00a0\u00a0 Berater und Programmierer f\u00fchren die Kunden durch den gesamten Prozess der Vorbereitung einer EDV-L\u00f6sung:<\/p>\n<p>&#8211;\u00a0\u00a0\u00a0\u00a0\u00a0\u00a0 Vorgespr\u00e4chen, Er\u00f6rtern der funktionellen Bed\u00fcrfnisse und operativen Vorgaben des angeforderten Software,<\/p>\n<p>&#8211;\u00a0\u00a0\u00a0\u00a0\u00a0\u00a0 Aufstellung der funktionellen Spezifikation,<\/p>\n<p>&#8211;\u00a0\u00a0\u00a0\u00a0\u00a0\u00a0 Auswahl der optimalen Software- und Hardware-Plattform zur Einf\u00fchrung der Programml\u00f6sung,<\/p>\n<p>&#8211;\u00a0\u00a0\u00a0\u00a0\u00a0\u00a0 codieren und testen Programms nach Vorgaben der funktionellen Spezifikation,<\/p>\n<p>&#8211;\u00a0\u00a0\u00a0\u00a0\u00a0\u00a0 Einf\u00fchrung des gelieferten Programms bei Kunden und Einleitung des Personals,<\/p>\n<p>&#8211;\u00a0\u00a0\u00a0\u00a0\u00a0\u00a0 technische Unterst\u00fctzung nach Programmeinf\u00fchren und evtl. Erweiterungen oder Ver\u00e4nderungen der funktionellen Spezifikation.<\/p>\n<p>Wir bereiten die Programme in beliebigem Software-Modell. Die meist popul\u00e4re Software sind zurzeit Java und PHP mit Datenbank-engine von MySQL und PostgreSQL.<\/p>\n<p>In unserem Portfolio haben wir Anwendungsprogramme, die die Arbeit sowohl bei kleinen, als auch bei gro\u00dfen Unternehmen unterst\u00fctzen. Dies sind z. B.:<\/p>\n<p>&#8211;\u00a0\u00a0\u00a0\u00a0\u00a0\u00a0 Bestellungssystem f\u00fcr Ersatzteilen eines Busherstellers &#8222;Solaris Bus &#038; Coach S.A.\u201c, dessen Kunden die Ersatzteile \u00fcber Internet bestellen k\u00f6nnen,<\/p>\n<p>&#8211;\u00a0\u00a0\u00a0\u00a0\u00a0\u00a0 Ein Webportal des Poseners Fu\u00dfballklubs KKS Lech Pozna\u0144 S.A. samt Zentraldatenbank der Benutzer,<\/p>\n<p>&#8211;\u00a0\u00a0\u00a0\u00a0\u00a0\u00a0 EDV-Unterst\u00fctzes System des Kundendienstes und Kostenkontrolle bei Merchandising-Agentur &#8222;PMT Marketing System\u201c<\/p>\n<p><\/p>","protected":false},"excerpt":{"rendered":"<p>F\u00fcr die Kunden, die individuelle Programml\u00f6sungen verlangen bereiten wir fortgeschrittene Programme vor, die eine EDV-Unterst\u00fctzung von komplizierten Gesch\u00e4ftsverfahren erm\u00f6glichen. Unsere \u00a0\u00a0\u00a0\u00a0\u00a0\u00a0\u00a0\u00a0\u00a0\u00a0\u00a0 Berater und Programmierer f\u00fchren die Kunden durch den gesamten Prozess der Vorbereitung einer EDV-L\u00f6sung: &#8211;\u00a0\u00a0\u00a0\u00a0\u00a0\u00a0 Vorgespr\u00e4chen, Er\u00f6rtern der funktionellen Bed\u00fcrfnisse und operativen Vorgaben des angeforderten Software, &#8211;\u00a0\u00a0\u00a0\u00a0\u00a0\u00a0 Aufstellung der funktionellen Spezifikation, &#8211;\u00a0\u00a0\u00a0\u00a0\u00a0\u00a0 Auswahl der&hellip; <a class=\"continue\" href=\"https:\/\/www.horyzont.net\/de\/oferta\/aplikacje_na_zamowienie\/\">Wi\u0119cej<span> Programme auf Bestellung<\/span><\/a><\/p>\n","protected":false},"author":6,"featured_media":0,"parent":281,"menu_order":0,"comment_status":"closed","ping_status":"closed","template":"","meta":{"footnotes":""},"class_list":["post-307","page","type-page","status-publish","hentry"],"aioseo_notices":[],"_links":{"self":[{"href":"https:\/\/www.horyzont.net\/de\/wp-json\/wp\/v2\/pages\/307","targetHints":{"allow":["GET"]}}],"collection":[{"href":"https:\/\/www.horyzont.net\/de\/wp-json\/wp\/v2\/pages"}],"about":[{"href":"https:\/\/www.horyzont.net\/de\/wp-json\/wp\/v2\/types\/page"}],"author":[{"embeddable":true,"href":"https:\/\/www.horyzont.net\/de\/wp-json\/wp\/v2\/users\/6"}],"replies":[{"embeddable":true,"href":"https:\/\/www.horyzont.net\/de\/wp-json\/wp\/v2\/comments?post=307"}],"version-history":[{"count":13,"href":"https:\/\/www.horyzont.net\/de\/wp-json\/wp\/v2\/pages\/307\/revisions"}],"predecessor-version":[{"id":438,"href":"https:\/\/www.horyzont.net\/de\/wp-json\/wp\/v2\/pages\/307\/revisions\/438"}],"up":[{"embeddable":true,"href":"https:\/\/www.horyzont.net\/de\/wp-json\/wp\/v2\/pages\/281"}],"wp:attachment":[{"href":"https:\/\/www.horyzont.net\/de\/wp-json\/wp\/v2\/media?parent=307"}],"curies":[{"name":"wp","href":"https:\/\/api.w.org\/{rel}","templated":true}]}}