{"id":33,"date":"2012-10-29T13:58:52","date_gmt":"2012-10-29T12:58:52","guid":{"rendered":"http:\/\/directadmin.info.pl\/?page_id=33"},"modified":"2016-06-27T13:24:50","modified_gmt":"2016-06-27T11:24:50","slug":"kolokacja_serwerow","status":"publish","type":"page","link":"https:\/\/www.horyzont.net\/de\/oferta\/kolokacja_serwerow\/","title":{"rendered":"Server Hoteling"},"content":{"rendered":"<p><\/p>\n<p>Diese Dienstleistung stellt die Unterbringung des Kundenservers in unserem Datenzentrum dar, wobei alle f\u00fcr dessen Funktionalit\u00e4t notwendigen Medien, wie gesicherte Stromversorgung, K\u00fchlung und Internetanschluss bzw. Daten\u00fcbertragung gew\u00e4hrleistet werden.<\/p>\n<p>Server Hoteling ist f\u00fcr die Anspruchsvolle Kunden gedacht, die die hohe Zug\u00e4nglichkeit an seine Datenressourcen, eine physische Sicherheit und Sicherheit im Netz, sowie schnellen Zugriff an Server \u00fcber Internet bzw. \u00fcber Firmennetzwerk ben\u00f6tigen.<\/p>\n<p>Diese Dienstleistung, die unserseits angeboten wird, sichert Ihnen folgendes zu:<\/p>\n<p>&#8211;\u00a0\u00a0\u00a0\u00a0\u00a0\u00a0 gesicherte Stromversorgung \u00fcber zwei unabh\u00e4ngigen st\u00e4dtischen Einspeisungslinien<\/p>\n<p>&#8211;\u00a0\u00a0\u00a0\u00a0\u00a0\u00a0 Notstromaggregat<\/p>\n<p>&#8211;\u00a0\u00a0\u00a0\u00a0\u00a0\u00a0 Industrieklimaanlage mit gro\u00dfer Kapazit\u00e4t,<\/p>\n<p>&#8211;\u00a0\u00a0\u00a0\u00a0\u00a0\u00a0 hochempfindliche Rauchmeldeanlage,<\/p>\n<p>&#8211;\u00a0\u00a0\u00a0\u00a0\u00a0\u00a0 Feuerl\u00f6schsystem<\/p>\n<p>&#8211;\u00a0\u00a0\u00a0\u00a0\u00a0\u00a0 Zugang zum Internet und zur Daten\u00fcbertragung mit hoher Durchlassf\u00e4higkeit,<\/p>\n<p>&#8211;\u00a0\u00a0\u00a0\u00a0\u00a0\u00a0 Fernwartung \u2013 \u00dcberwachungsservice, wo f\u00fcr den Kunden einfache Bedienungst\u00e4tigkeiten, wie Zur\u00fccksetzen, Austausch von besch\u00e4digter Festplatte o. \u00e4. aus der Distanz ausgef\u00fchrt werden,<\/p>\n<p>&#8211;\u00a0\u00a0\u00a0\u00a0\u00a0\u00a0 Kontrolle des physischen Zutritt zum Server \u2013 die Raum\u00fcberwachung durch Bewachungsdienst,<\/p>\n<p>&#8211;\u00a0\u00a0\u00a0\u00a0\u00a0\u00a0 Datensicherheitskopien vom Kundenserver, die auf einer anderen Festplatte am anderen Standort gespeichert werden,<\/p>\n<p>&#8211;\u00a0\u00a0\u00a0\u00a0\u00a0\u00a0 Serverschutz mit einer Cisco-Systems-Firewall,<\/p>\n<p>&#8211;\u00a0\u00a0\u00a0\u00a0\u00a0\u00a0 Stromversorgung ferngesteuert &#8211; erm\u00f6glicht den Server durch unser Fachpersonal aus der Ferne vom Stromnetz abzuschalten,<\/p>\n<p>&#8211;\u00a0\u00a0\u00a0\u00a0\u00a0\u00a0 \u00dcberwachung der Serverzug\u00e4nglichkeit rund um die Uhr inkl. Feiertage, mit Kundenbenachrichtigung per SMS bzw. E-Mail,<\/p>\n<p>&#8211;\u00a0\u00a0\u00a0\u00a0\u00a0\u00a0 Onlinezugriff f\u00fcr den Kunden an Leitungsgebrauchsstatistik mittels Web-Browser<\/p>\n<p><\/p>","protected":false},"excerpt":{"rendered":"<p>Diese Dienstleistung stellt die Unterbringung des Kundenservers in unserem Datenzentrum dar, wobei alle f\u00fcr dessen Funktionalit\u00e4t notwendigen Medien, wie gesicherte Stromversorgung, K\u00fchlung und Internetanschluss bzw. Daten\u00fcbertragung gew\u00e4hrleistet werden. Server Hoteling ist f\u00fcr die Anspruchsvolle Kunden gedacht, die die hohe Zug\u00e4nglichkeit an seine Datenressourcen, eine physische Sicherheit und Sicherheit im Netz, sowie schnellen Zugriff an Server&hellip; <a class=\"continue\" href=\"https:\/\/www.horyzont.net\/de\/oferta\/kolokacja_serwerow\/\">Wi\u0119cej<span> Server Hoteling<\/span><\/a><\/p>\n","protected":false},"author":6,"featured_media":0,"parent":281,"menu_order":0,"comment_status":"closed","ping_status":"closed","template":"collocation.php","meta":{"footnotes":""},"class_list":["post-33","page","type-page","status-publish","hentry"],"aioseo_notices":[],"_links":{"self":[{"href":"https:\/\/www.horyzont.net\/de\/wp-json\/wp\/v2\/pages\/33","targetHints":{"allow":["GET"]}}],"collection":[{"href":"https:\/\/www.horyzont.net\/de\/wp-json\/wp\/v2\/pages"}],"about":[{"href":"https:\/\/www.horyzont.net\/de\/wp-json\/wp\/v2\/types\/page"}],"author":[{"embeddable":true,"href":"https:\/\/www.horyzont.net\/de\/wp-json\/wp\/v2\/users\/6"}],"replies":[{"embeddable":true,"href":"https:\/\/www.horyzont.net\/de\/wp-json\/wp\/v2\/comments?post=33"}],"version-history":[{"count":36,"href":"https:\/\/www.horyzont.net\/de\/wp-json\/wp\/v2\/pages\/33\/revisions"}],"predecessor-version":[{"id":1790,"href":"https:\/\/www.horyzont.net\/de\/wp-json\/wp\/v2\/pages\/33\/revisions\/1790"}],"up":[{"embeddable":true,"href":"https:\/\/www.horyzont.net\/de\/wp-json\/wp\/v2\/pages\/281"}],"wp:attachment":[{"href":"https:\/\/www.horyzont.net\/de\/wp-json\/wp\/v2\/media?parent=33"}],"curies":[{"name":"wp","href":"https:\/\/api.w.org\/{rel}","templated":true}]}}