{"id":36,"date":"2012-10-29T13:59:28","date_gmt":"2012-10-29T12:59:28","guid":{"rendered":"http:\/\/directadmin.info.pl\/?page_id=36"},"modified":"2012-12-20T13:30:25","modified_gmt":"2012-12-20T12:30:25","slug":"serwery_dedykowane","status":"publish","type":"page","link":"https:\/\/www.horyzont.net\/de\/oferta\/serwery_dedykowane\/","title":{"rendered":"Dedizierte Server"},"content":{"rendered":"<p><\/p>\n<p>Diese Dienstleistung besteht darin, dass wir einen physischen Server mit vorgegebenen Parameter dem Kunden in einem Rechenzentrum zur Verf\u00fcgung stellen.<\/p>\n<p>Als Partner der Firma Sun Microsystems empfehlen wir den Kunden gepr\u00fcfte und effiziente L\u00f6sungen dieses Herstellers f\u00fcr Sever- und Datenaufbewahrungstechnik.<\/p>\n<p>Das Portfolio der Fa. Sun beinhaltet im Bereich Servertechnik supereffiziente Server, aufgebaut auf UltraSparc-Prozessoren, sowie Standardserver der PC-Klasse, mit Prozessoren der Fa. AMD, bzw. Intel.<\/p>\n<p>Die volle technische Unterst\u00fctzung ist Bestandteil des Auftrages, sodass unser Kunde in Frage Netzwerkl\u00f6sungen v\u00f6llig entlastet wird.<\/p>\n<p>Die Server von Sun sind auch eine Basis f\u00fcr unser Hosting-Plattform.<\/p>\n<p>Die Plattformen, die mit Prozessoren UltraSparc ausgestattet sind, arbeiten unter Solaris-Betriebssystem. Die Server AMD- und Interprozessoren arbeiten in der Regel unter Debian Linux. Auf Kundenwunsch k\u00f6nnen dedizierte Server mit einem Betriebssystem der Fa. Microsoft ausgestattet werden.<\/p>\n<p>Auf Kundenwunsch liefern wir auch die Server von Hersteller wie DELL, IBM, HP, Fujitsu-Siemens.<\/p>\n<p><\/p>","protected":false},"excerpt":{"rendered":"<p>Diese Dienstleistung besteht darin, dass wir einen physischen Server mit vorgegebenen Parameter dem Kunden in einem Rechenzentrum zur Verf\u00fcgung stellen. Als Partner der Firma Sun Microsystems empfehlen wir den Kunden gepr\u00fcfte und effiziente L\u00f6sungen dieses Herstellers f\u00fcr Sever- und Datenaufbewahrungstechnik. Das Portfolio der Fa. Sun beinhaltet im Bereich Servertechnik supereffiziente Server, aufgebaut auf UltraSparc-Prozessoren, sowie&hellip; <a class=\"continue\" href=\"https:\/\/www.horyzont.net\/de\/oferta\/serwery_dedykowane\/\">Wi\u0119cej<span> Dedizierte Server<\/span><\/a><\/p>\n","protected":false},"author":6,"featured_media":0,"parent":281,"menu_order":0,"comment_status":"closed","ping_status":"closed","template":"","meta":{"footnotes":""},"class_list":["post-36","page","type-page","status-publish","hentry"],"aioseo_notices":[],"_links":{"self":[{"href":"https:\/\/www.horyzont.net\/de\/wp-json\/wp\/v2\/pages\/36","targetHints":{"allow":["GET"]}}],"collection":[{"href":"https:\/\/www.horyzont.net\/de\/wp-json\/wp\/v2\/pages"}],"about":[{"href":"https:\/\/www.horyzont.net\/de\/wp-json\/wp\/v2\/types\/page"}],"author":[{"embeddable":true,"href":"https:\/\/www.horyzont.net\/de\/wp-json\/wp\/v2\/users\/6"}],"replies":[{"embeddable":true,"href":"https:\/\/www.horyzont.net\/de\/wp-json\/wp\/v2\/comments?post=36"}],"version-history":[{"count":13,"href":"https:\/\/www.horyzont.net\/de\/wp-json\/wp\/v2\/pages\/36\/revisions"}],"predecessor-version":[{"id":391,"href":"https:\/\/www.horyzont.net\/de\/wp-json\/wp\/v2\/pages\/36\/revisions\/391"}],"up":[{"embeddable":true,"href":"https:\/\/www.horyzont.net\/de\/wp-json\/wp\/v2\/pages\/281"}],"wp:attachment":[{"href":"https:\/\/www.horyzont.net\/de\/wp-json\/wp\/v2\/media?parent=36"}],"curies":[{"name":"wp","href":"https:\/\/api.w.org\/{rel}","templated":true}]}}