{"id":45,"date":"2012-10-29T14:01:32","date_gmt":"2012-10-29T13:01:32","guid":{"rendered":"http:\/\/directadmin.info.pl\/?page_id=45"},"modified":"2016-06-30T13:03:17","modified_gmt":"2016-06-30T11:03:17","slug":"uslugi_dostepne_w_systemie_voip","status":"publish","type":"page","link":"https:\/\/www.horyzont.net\/de\/oferta\/telefonia-voip\/uslugi_dostepne_w_systemie_voip\/","title":{"rendered":"Dienstleistungen im VoIP-System"},"content":{"rendered":"<p>Au\u00dfer standardm\u00e4\u00dfiger Funktionalit\u00e4t, die das Anrufen und (nach dem Kauf einer Rufnummer) auch das Entgegennehmen eines Telefonates bieten wir eine breite Palette weiterer Dienstleistungen:<\/p>\n<p><strong>Feste Rufumleitung<\/strong><\/p>\n<p>Diese Dienstleistung bedeutet unbedingtes Weiterleiten eingehenden Anrufe an andere, frei gew\u00e4hlte Nummer, egal ob im Fest- oder Mobilfunknetz bzw. auf den Mailbox.<\/p>\n<p><strong>Rufumleitung wenn besetzt<\/strong><\/p>\n<p>Die Umleitung erfolgt wie oben beschrieben, allerdings nur dann, wenn die Leitung besetzt wird.<\/p>\n<p><strong>Rufumleitung bei Nichtmelden<\/strong><\/p>\n<p>Die Umleitung erfolgt, wenn der eingehende Anruf nach bestimmter Zeit nicht entgegen genommen wird.<\/p>\n<p><strong>3er Konferenz<\/strong><\/p>\n<p>Diese Dienstleitung erm\u00f6glicht eine Verbindung zwischen drei Teilnehmer zur gleichen Zeit.<\/p>\n<p><strong>Anklopfen<\/strong><\/p>\n<p>W\u00e4hrend des Telefonats erf\u00e4hrt der Anwender (mittels diskreten Ton im H\u00f6rer), dass ein weiteres Gespr\u00e4ch auf sein Telefon eingeht.<\/p>\n<p><strong>Anrufererkennung<\/strong><strong> (CLIP)<\/strong><\/p>\n<p>Diese Dienstleitung bedeutet identifizieren der Nummer des Anrufers. Die Nummer wird am Display angezeigt noch vor entgegennehmen des Anrufs. Die gesch\u00fctzten Nummer werden nicht angezeigt, sowie die Nummer die aus technischen Gr\u00fcnden nicht erreichbar sind.<\/p>\n<p><strong>Rufnummernunterdr\u00fcckung (CLIR)<\/strong><\/p>\n<p>Diese Dienstleistung erm\u00f6glicht die \u00dcbermittlung der Rufnummer des rufenden Teilnehmers zu unterdr\u00fccken.<\/p>\n<p><strong>Bestimmte ausgehende Anrufe sperren<\/strong><\/p>\n<p>Diese Dienstleitung erm\u00f6glicht ausgew\u00e4hlte Verbindungstypen zu sperren, die von gegebener Teilnehmer im automatischem Verkehr ausgehen. Ausgenommen werden die Notrufe.<\/p>\n<p><strong>Mailbox<\/strong><\/p>\n<p>Ein automatischer Anrufbeantworter erm\u00f6glicht dem Anrufer eine Nachricht zu hinterlassen.<\/p>\n<p><strong>Virtuelle Telefonzentrale (Virtual PBX)<\/strong><\/p>\n<p>Diese Dienstleistung funktioniert wie eine Telefonzentrale, die auf Internet-Basis die Verbindungen zwischen VoIP-Teilnehmer herstellt.<\/p>","protected":false},"excerpt":{"rendered":"<p>Au\u00dfer standardm\u00e4\u00dfiger Funktionalit\u00e4t, die das Anrufen und (nach dem Kauf einer Rufnummer) auch das Entgegennehmen eines Telefonates bieten wir eine breite Palette weiterer Dienstleistungen: Feste Rufumleitung Diese Dienstleistung bedeutet unbedingtes Weiterleiten eingehenden Anrufe an andere, frei gew\u00e4hlte Nummer, egal ob im Fest- oder Mobilfunknetz bzw. auf den Mailbox. Rufumleitung wenn besetzt Die Umleitung erfolgt wie&hellip; <a class=\"continue\" href=\"https:\/\/www.horyzont.net\/de\/oferta\/telefonia-voip\/uslugi_dostepne_w_systemie_voip\/\">Wi\u0119cej<span> Dienstleistungen im VoIP-System<\/span><\/a><\/p>\n","protected":false},"author":6,"featured_media":0,"parent":39,"menu_order":0,"comment_status":"closed","ping_status":"closed","template":"","meta":{"footnotes":""},"class_list":["post-45","page","type-page","status-publish","hentry"],"aioseo_notices":[],"_links":{"self":[{"href":"https:\/\/www.horyzont.net\/de\/wp-json\/wp\/v2\/pages\/45","targetHints":{"allow":["GET"]}}],"collection":[{"href":"https:\/\/www.horyzont.net\/de\/wp-json\/wp\/v2\/pages"}],"about":[{"href":"https:\/\/www.horyzont.net\/de\/wp-json\/wp\/v2\/types\/page"}],"author":[{"embeddable":true,"href":"https:\/\/www.horyzont.net\/de\/wp-json\/wp\/v2\/users\/6"}],"replies":[{"embeddable":true,"href":"https:\/\/www.horyzont.net\/de\/wp-json\/wp\/v2\/comments?post=45"}],"version-history":[{"count":20,"href":"https:\/\/www.horyzont.net\/de\/wp-json\/wp\/v2\/pages\/45\/revisions"}],"predecessor-version":[{"id":1841,"href":"https:\/\/www.horyzont.net\/de\/wp-json\/wp\/v2\/pages\/45\/revisions\/1841"}],"up":[{"embeddable":true,"href":"https:\/\/www.horyzont.net\/de\/wp-json\/wp\/v2\/pages\/39"}],"wp:attachment":[{"href":"https:\/\/www.horyzont.net\/de\/wp-json\/wp\/v2\/media?parent=45"}],"curies":[{"name":"wp","href":"https:\/\/api.w.org\/{rel}","templated":true}]}}