{"id":519,"date":"2012-11-14T10:28:28","date_gmt":"2012-11-14T09:28:28","guid":{"rendered":"http:\/\/directadmin.info.pl\/?page_id=519"},"modified":"2013-07-18T13:44:25","modified_gmt":"2013-07-18T11:44:25","slug":"dynamiczny_rozwoj","status":"publish","type":"page","link":"https:\/\/www.horyzont.net\/de\/dynamiczny_rozwoj\/","title":{"rendered":"Dynamische Entwicklung"},"content":{"rendered":"<p><\/p>\n<p>Die Firma \u201eHoryzont Technologie Internetowe\u201d wurde 1997 gegr\u00fcndet.<\/p>\n<p>Seitdem entwickeln wir uns sehr dynamisch, die Meinungen und Bewertungen unseren Kunden folgend. Unsere Dienstleistungen werden wir an die spezifischen Bed\u00fcrfnisse jedes Projektes angepasst. Wir verwenden verschiedene Abrechnungsmodi, um den Kunden unterschiedliche Formen der Zusammenarbeit anzubieten.<\/p>\n<p>Eigenes st\u00e4dtisches Netzwerk von Lichtfaserleitungen gew\u00e4hrleistet die h\u00f6chste Betriebssicherheit und Zuverl\u00e4ssigkeit unserer Dienstleistungen. Das Hosting auf Cluster-Basis und verstreute Struktur der Archivierungsanlagen erm\u00f6glicht die Unterst\u00fctzung von Webseiten oder Webanwendungen ohne Angst, dass die uns anvertrauten Daten verloren gehen bzw. unzug\u00e4nglich werden.<\/p>\n<p>Professionelles und erfahrenes Team ist bereit Sie zu Beraten und entwickeln von h\u00f6chst komplizierten L\u00f6sungen im Bereich Netzwerk, Hosting, Daten\u00fcbertragung oder fortgeschrittenen Backup-Systemen. Wir bleiben aufgeschlossen f\u00fcr Sonderprojekte, die eine Herausforderung f\u00fcr unser Team werden.<\/p>\n<p>Wir laden Sie ein den Kontakt mit der Firma \u201eHoryzont Technologie Internetowe\u201d aufzunehmen und unsere Kompetenzen zu testen.<\/p>\n<p><\/p>","protected":false},"excerpt":{"rendered":"<p>Die Firma \u201eHoryzont Technologie Internetowe\u201d wurde 1997 gegr\u00fcndet. Seitdem entwickeln wir uns sehr dynamisch, die Meinungen und Bewertungen unseren Kunden folgend. Unsere Dienstleistungen werden wir an die spezifischen Bed\u00fcrfnisse jedes Projektes angepasst. Wir verwenden verschiedene Abrechnungsmodi, um den Kunden unterschiedliche Formen der Zusammenarbeit anzubieten. Eigenes st\u00e4dtisches Netzwerk von Lichtfaserleitungen gew\u00e4hrleistet die h\u00f6chste Betriebssicherheit und Zuverl\u00e4ssigkeit&hellip; <a class=\"continue\" href=\"https:\/\/www.horyzont.net\/de\/dynamiczny_rozwoj\/\">Wi\u0119cej<span> Dynamische Entwicklung<\/span><\/a><\/p>\n","protected":false},"author":6,"featured_media":0,"parent":0,"menu_order":0,"comment_status":"closed","ping_status":"open","template":"","meta":{"footnotes":""},"class_list":["post-519","page","type-page","status-publish","hentry"],"aioseo_notices":[],"_links":{"self":[{"href":"https:\/\/www.horyzont.net\/de\/wp-json\/wp\/v2\/pages\/519","targetHints":{"allow":["GET"]}}],"collection":[{"href":"https:\/\/www.horyzont.net\/de\/wp-json\/wp\/v2\/pages"}],"about":[{"href":"https:\/\/www.horyzont.net\/de\/wp-json\/wp\/v2\/types\/page"}],"author":[{"embeddable":true,"href":"https:\/\/www.horyzont.net\/de\/wp-json\/wp\/v2\/users\/6"}],"replies":[{"embeddable":true,"href":"https:\/\/www.horyzont.net\/de\/wp-json\/wp\/v2\/comments?post=519"}],"version-history":[{"count":15,"href":"https:\/\/www.horyzont.net\/de\/wp-json\/wp\/v2\/pages\/519\/revisions"}],"predecessor-version":[{"id":1553,"href":"https:\/\/www.horyzont.net\/de\/wp-json\/wp\/v2\/pages\/519\/revisions\/1553"}],"wp:attachment":[{"href":"https:\/\/www.horyzont.net\/de\/wp-json\/wp\/v2\/media?parent=519"}],"curies":[{"name":"wp","href":"https:\/\/api.w.org\/{rel}","templated":true}]}}