{"id":526,"date":"2012-11-14T11:54:43","date_gmt":"2012-11-14T10:54:43","guid":{"rendered":"http:\/\/directadmin.info.pl\/?page_id=526"},"modified":"2013-04-03T11:23:28","modified_gmt":"2013-04-03T09:23:28","slug":"warunki_korzystania_z_serwisu","status":"publish","type":"page","link":"https:\/\/www.horyzont.net\/de\/warunki_korzystania_z_serwisu\/","title":{"rendered":"Regeln der Service-Nutzung"},"content":{"rendered":"<p><\/p>\n<ol>\n<li>Alle Markenzeichen und Namen, die im Inhalt dieses Internetservices erw\u00e4hnt sind, wurden nur zwecks Identifizierung der beschriebenen Produkte genutzt und stehen unter rechtlichem Markenschutz.<\/li>\n<li>Die Firma \u201eHoryzont Technologie Internetowe\u201d erm\u00e4chtigt alle Benutzer die Inhalte eigenes Services im World Wide Web durchzusehen und herunterladen unter Bedingung, dass die kopierten Inhalte unver\u00e4ndert bleiben und mit Hinweisen auf Urheberrechte versehen werden.<\/li>\n<li>Das Material, das sich auf unserem Portal befindet wird urheberrechtlich gesch\u00fctzt, und zwar als Inhalt und auch als Layout (Text- und Bildgestaltung, Zusammensetzung der Inhalt usw.)<\/li>\n<li>Die Firma \u201eHoryzont Technologie Internetowe\u201d und Personen bzw. Firmen, die im Service erw\u00e4hnt werden, k\u00f6nnen f\u00fcr eventuelle Sch\u00e4den nicht verantwortlich gemacht werden (insbesondere f\u00fcr verlorengegangenen Gewinne, Daten oder f\u00fcr St\u00f6rungen bei der Aus\u00fcbung der T\u00e4tigkeiten), die infolge der Nutzung dieses Services bzw. infolge der St\u00f6rung, des Ausfalls oder des Datenverlustes entstanden. Dies gilt auch f\u00fcr die im Service befindliche Links.<\/li>\n<li>Alle Daten die durch Personen o. Firmen als Benutzer des Internet-Service an die Firma \u201eHoryzont Technologie Internetowe\u201d gesandt werden unterliegen dem rechtlichen Datenschutzgesetz (Amtsblatt Dz. Ust. Nr 133 poz. 883 vom 29.08.97)<\/li>\n<\/ol>\n<p><\/p>","protected":false},"excerpt":{"rendered":"<p>Alle Markenzeichen und Namen, die im Inhalt dieses Internetservices erw\u00e4hnt sind, wurden nur zwecks Identifizierung der beschriebenen Produkte genutzt und stehen unter rechtlichem Markenschutz. Die Firma \u201eHoryzont Technologie Internetowe\u201d erm\u00e4chtigt alle Benutzer die Inhalte eigenes Services im World Wide Web durchzusehen und herunterladen unter Bedingung, dass die kopierten Inhalte unver\u00e4ndert bleiben und mit Hinweisen auf&hellip; <a class=\"continue\" href=\"https:\/\/www.horyzont.net\/de\/warunki_korzystania_z_serwisu\/\">Wi\u0119cej<span> Regeln der Service-Nutzung<\/span><\/a><\/p>\n","protected":false},"author":6,"featured_media":0,"parent":0,"menu_order":0,"comment_status":"closed","ping_status":"open","template":"","meta":{"footnotes":""},"class_list":["post-526","page","type-page","status-publish","hentry"],"aioseo_notices":[],"_links":{"self":[{"href":"https:\/\/www.horyzont.net\/de\/wp-json\/wp\/v2\/pages\/526","targetHints":{"allow":["GET"]}}],"collection":[{"href":"https:\/\/www.horyzont.net\/de\/wp-json\/wp\/v2\/pages"}],"about":[{"href":"https:\/\/www.horyzont.net\/de\/wp-json\/wp\/v2\/types\/page"}],"author":[{"embeddable":true,"href":"https:\/\/www.horyzont.net\/de\/wp-json\/wp\/v2\/users\/6"}],"replies":[{"embeddable":true,"href":"https:\/\/www.horyzont.net\/de\/wp-json\/wp\/v2\/comments?post=526"}],"version-history":[{"count":9,"href":"https:\/\/www.horyzont.net\/de\/wp-json\/wp\/v2\/pages\/526\/revisions"}],"predecessor-version":[{"id":1178,"href":"https:\/\/www.horyzont.net\/de\/wp-json\/wp\/v2\/pages\/526\/revisions\/1178"}],"wp:attachment":[{"href":"https:\/\/www.horyzont.net\/de\/wp-json\/wp\/v2\/media?parent=526"}],"curies":[{"name":"wp","href":"https:\/\/api.w.org\/{rel}","templated":true}]}}