{"id":60,"date":"2012-10-29T14:03:43","date_gmt":"2012-10-29T13:03:43","guid":{"rendered":"http:\/\/directadmin.info.pl\/?page_id=60"},"modified":"2016-06-27T12:41:05","modified_gmt":"2016-06-27T10:41:05","slug":"bezpieczna_poczta_elektroniczna","status":"publish","type":"page","link":"https:\/\/www.horyzont.net\/de\/oferta\/bezpieczna_poczta_elektroniczna\/","title":{"rendered":"Elektronische Post"},"content":{"rendered":"<p><\/p>\n<p>Die E-Mail ist heutzutage die popul\u00e4rste Internet-Dienstleistung. Die Benutzerkonten, die unsere Firma anbietet werden mit allen unentbehrlichen Funktionen f\u00fcr allt\u00e4glichen Aufgaben ausgestattet.<\/p>\n<p>Sie erf\u00fcllen die h\u00f6chsten Anforderungen an die Funktionalit\u00e4t und Sicherheit.<\/p>\n<p>Die Benutzerkonten, die unserseits angeboten werden, sichern folgendes zu:<\/p>\n<p><strong>Hohes Sicherheitsniveau<\/strong><\/p>\n<p>Integriertes Antispam-filter und Virenschutz der Fa. Barracuda Networks sorgt f\u00fcr eine Post\u00fcberwachung auf mehreren Ebenen. Es werden folgende Schutzma\u00dfnahmen vorgenommen:<\/p>\n<p>&#8211;\u00a0\u00a0\u00a0\u00a0\u00a0\u00a0 <em>Der Antispam-Filter<\/em> &#8211; verhindert, dass Ihr Posteingang mit unerw\u00fcnschten E-Mails \u00fcberflutet wird,<\/p>\n<p>&#8211;\u00a0\u00a0\u00a0\u00a0\u00a0\u00a0 <em>Der Virenschutz<\/em> \u2013 blockiert die Computerviren, die mit der E-Mail versandt werden<\/p>\n<p>&#8211;\u00a0\u00a0\u00a0\u00a0\u00a0\u00a0 <em>Antispoofing (Identit\u00e4tsschutz)<\/em> \u2013 eine Abwehr von Paketen, die mit gef\u00e4lschter Absender IP-Adresse im Namen des eigentlichen Benutzers gesendet werden,<\/p>\n<p>&#8211;\u00a0\u00a0\u00a0\u00a0\u00a0\u00a0 <em>Antiphishing<\/em> \u2013 ein Schutz der elektronischer Post vor Versuch die vertraulichen Daten eines Internet-Benutzers zu stehlen,<\/p>\n<p>&#8211;\u00a0\u00a0\u00a0\u00a0\u00a0\u00a0 <em>Anti-Spyware \u2013 <\/em>ein Schutz vor Schn\u00fcffelprogrammen, die \u00fcber E-Mail an die Benutzer gesendet werden<\/p>\n<p>&#8211;\u00a0\u00a0\u00a0\u00a0\u00a0\u00a0 <em>Serverschutz vor DoS-Angriff \u2013 <\/em>ein Schutz des Post-Server vor einem mutwilligem Angriff, der als eine \u00dcbersch\u00fcttung von E-Mails durch unberechtigte Absender bezeichnet wird.<\/p>\n<p>F\u00fcr den komplexen Schutz der elektronischen Post verwendet der Ani-Spam-Firewall folgende Mechanismen:<\/p>\n<p>&#8211;\u00a0\u00a0\u00a0\u00a0\u00a0\u00a0 Liste der Blockierten und Zugelassenen IP-Adressen der Absender,<\/p>\n<p>&#8211;\u00a0\u00a0\u00a0\u00a0\u00a0\u00a0 die Anzahlkontrolle der gesendeten Nachrichten,<\/p>\n<p>&#8211;\u00a0\u00a0\u00a0\u00a0\u00a0\u00a0 \u00dcberpr\u00fcfung des Absenders und Empf\u00e4ngers,<\/p>\n<p>&#8211;\u00a0\u00a0\u00a0\u00a0\u00a0\u00a0 Scannen mittels Antiviren-Software inkl. Auspacken der komprimierten Dateien,<\/p>\n<p>&#8211;\u00a0\u00a0\u00a0\u00a0\u00a0\u00a0 Scannen mittels Antiviren-Software Barracuda,<\/p>\n<p>&#8211;\u00a0\u00a0\u00a0\u00a0\u00a0\u00a0 Bildung der Prinzipien zum Nachrichtenfiltern f\u00fcr Gruppen, bzw. einzelnen Benutzer,<\/p>\n<p>&#8211;\u00a0\u00a0\u00a0\u00a0\u00a0\u00a0 \u00dcberpr\u00fcfen von \u201eNachricht-Fingerabdr\u00fccken\u201c <em>(Spam Fingerprint),<\/em><\/p>\n<p>&#8211;\u00a0\u00a0\u00a0\u00a0\u00a0\u00a0 Absichten-Analyse des Absenders,<\/p>\n<p>&#8211;\u00a0\u00a0\u00a0\u00a0\u00a0\u00a0 Analyse der beigef\u00fcgten graphischen Dateien und Untersuchung diesen auf die Spam-Graphik,<\/p>\n<p>&#8211;\u00a0\u00a0\u00a0\u00a0\u00a0\u00a0 Statistische Analyse nach Bayes-Methode,<\/p>\n<p>&#8211;\u00a0\u00a0\u00a0\u00a0\u00a0\u00a0 Internes Punktwertungssystem f\u00fcr Nachrichten,<\/p>\n<p><strong>Flexibler Zugriff auf E-Mail-Konto<\/strong><\/p>\n<p>&#8211;\u00a0\u00a0\u00a0\u00a0\u00a0\u00a0 Protokolls f\u00fcr eingehende Nachrichten: POP3, POP3 over SSL, IMAP4, IMAP4 over SSL,<\/p>\n<p>&#8211;\u00a0\u00a0\u00a0\u00a0\u00a0\u00a0 Protokolls f\u00fcr gesendeten Nachrichten SMTP, SMTP over SSL\/TLS,<\/p>\n<p>&#8211;\u00a0\u00a0\u00a0\u00a0\u00a0\u00a0 Postzugriff vom Webbrowser aus: Webmail,<\/p>\n<p>&#8211;\u00a0\u00a0\u00a0\u00a0\u00a0\u00a0 Autorisierter Zugriff zum SMTP-Server<\/p>\n<p><strong>\u00a0<\/strong><\/p>\n<p><strong>Kundenverwaltung der Dienstleistungen<\/strong><\/p>\n<p>&#8211;\u00a0\u00a0\u00a0\u00a0\u00a0\u00a0 Password-Wechsel f\u00fcr E-Mail-Benutzer,<\/p>\n<p>&#8211;\u00a0\u00a0\u00a0\u00a0\u00a0\u00a0 Hinzuf\u00fcgen von neuen und L\u00f6schen von alten E-Mail-Konto,<\/p>\n<p>&#8211;\u00a0\u00a0\u00a0\u00a0\u00a0\u00a0 Ausf\u00fchren von Alias-Namen und weiterleiten an E-Mail-Konto,<\/p>\n<p>&#8211;\u00a0\u00a0\u00a0\u00a0\u00a0\u00a0 Voreinstellen einer Beantworterfunktion des E-Mail-Servers,<\/p>\n<p>&#8211;\u00a0\u00a0\u00a0\u00a0\u00a0\u00a0 Verwalten Mailinglisten (hinzuf\u00fcgen und l\u00f6schen von Subskribenten dieser Listen, sowie von Funktionsregeln f\u00fcr Listen)<\/p>\n<p><strong>Zusatzoptionen:<\/strong><\/p>\n<p>&#8211;\u00a0\u00a0\u00a0\u00a0\u00a0\u00a0 Ausf\u00fchren von Kopie der eingehenden und gesendeten Nachrichten per Benutzer oder per Domain,<\/p>\n<p>&#8211;\u00a0\u00a0\u00a0\u00a0\u00a0\u00a0 elektronische Ablage von E-Mail-Kopien auf CD\/DVD<\/p>\n<p>&#8211;\u00a0\u00a0\u00a0\u00a0\u00a0\u00a0 Zugriff zur Verkehrsstatistik der Webdomain \u00fcber Web-Browser<\/p>\n<p><\/p>","protected":false},"excerpt":{"rendered":"<p>Die E-Mail ist heutzutage die popul\u00e4rste Internet-Dienstleistung. Die Benutzerkonten, die unsere Firma anbietet werden mit allen unentbehrlichen Funktionen f\u00fcr allt\u00e4glichen Aufgaben ausgestattet. Sie erf\u00fcllen die h\u00f6chsten Anforderungen an die Funktionalit\u00e4t und Sicherheit. Die Benutzerkonten, die unserseits angeboten werden, sichern folgendes zu: Hohes Sicherheitsniveau Integriertes Antispam-filter und Virenschutz der Fa. Barracuda Networks sorgt f\u00fcr eine Post\u00fcberwachung&hellip; <a class=\"continue\" href=\"https:\/\/www.horyzont.net\/de\/oferta\/bezpieczna_poczta_elektroniczna\/\">Wi\u0119cej<span> Elektronische Post<\/span><\/a><\/p>\n","protected":false},"author":6,"featured_media":0,"parent":281,"menu_order":0,"comment_status":"closed","ping_status":"closed","template":"","meta":{"footnotes":""},"class_list":["post-60","page","type-page","status-publish","hentry"],"aioseo_notices":[],"_links":{"self":[{"href":"https:\/\/www.horyzont.net\/de\/wp-json\/wp\/v2\/pages\/60","targetHints":{"allow":["GET"]}}],"collection":[{"href":"https:\/\/www.horyzont.net\/de\/wp-json\/wp\/v2\/pages"}],"about":[{"href":"https:\/\/www.horyzont.net\/de\/wp-json\/wp\/v2\/types\/page"}],"author":[{"embeddable":true,"href":"https:\/\/www.horyzont.net\/de\/wp-json\/wp\/v2\/users\/6"}],"replies":[{"embeddable":true,"href":"https:\/\/www.horyzont.net\/de\/wp-json\/wp\/v2\/comments?post=60"}],"version-history":[{"count":16,"href":"https:\/\/www.horyzont.net\/de\/wp-json\/wp\/v2\/pages\/60\/revisions"}],"predecessor-version":[{"id":1788,"href":"https:\/\/www.horyzont.net\/de\/wp-json\/wp\/v2\/pages\/60\/revisions\/1788"}],"up":[{"embeddable":true,"href":"https:\/\/www.horyzont.net\/de\/wp-json\/wp\/v2\/pages\/281"}],"wp:attachment":[{"href":"https:\/\/www.horyzont.net\/de\/wp-json\/wp\/v2\/media?parent=60"}],"curies":[{"name":"wp","href":"https:\/\/api.w.org\/{rel}","templated":true}]}}