{"id":69,"date":"2012-10-29T14:04:45","date_gmt":"2012-10-29T13:04:45","guid":{"rendered":"http:\/\/directadmin.info.pl\/?page_id=69"},"modified":"2013-07-18T14:07:22","modified_gmt":"2013-07-18T12:07:22","slug":"serwery_list_dyskusyjnych","status":"publish","type":"page","link":"https:\/\/www.horyzont.net\/de\/oferta\/serwery_list_dyskusyjnych\/","title":{"rendered":"Diskussionslisten"},"content":{"rendered":"<p><\/p>\n<p>Die Diskussionslisten sind die \u00e4lteste Weise des Informationsaustauschs zwischen Personen einer Gruppe, die gleichen Interessen teilen.<\/p>\n<p>\u00dcber E-Mail werden ein paarmal am Tag die Nachrichten an alle Listenteilnehmer gesendet.<\/p>\n<p>Die Server f\u00fcr Diskussionslisten die wir anbieten geben eine breite Palette der m\u00f6glichen Konfigurationen, Bildung von Listenarchivs zug\u00e4nglich \u00fcber Web-Browser und Moderieren der Diskussionen gleichzeitig durch mehrere Moderatoren.<\/p>\n<p><\/p>","protected":false},"excerpt":{"rendered":"<p>Die Diskussionslisten sind die \u00e4lteste Weise des Informationsaustauschs zwischen Personen einer Gruppe, die gleichen Interessen teilen. \u00dcber E-Mail werden ein paarmal am Tag die Nachrichten an alle Listenteilnehmer gesendet. Die Server f\u00fcr Diskussionslisten die wir anbieten geben eine breite Palette der m\u00f6glichen Konfigurationen, Bildung von Listenarchivs zug\u00e4nglich \u00fcber Web-Browser und Moderieren der Diskussionen gleichzeitig durch&hellip; <a class=\"continue\" href=\"https:\/\/www.horyzont.net\/de\/oferta\/serwery_list_dyskusyjnych\/\">Wi\u0119cej<span> Diskussionslisten<\/span><\/a><\/p>\n","protected":false},"author":6,"featured_media":0,"parent":281,"menu_order":0,"comment_status":"closed","ping_status":"closed","template":"","meta":{"footnotes":""},"class_list":["post-69","page","type-page","status-publish","hentry"],"aioseo_notices":[],"_links":{"self":[{"href":"https:\/\/www.horyzont.net\/de\/wp-json\/wp\/v2\/pages\/69","targetHints":{"allow":["GET"]}}],"collection":[{"href":"https:\/\/www.horyzont.net\/de\/wp-json\/wp\/v2\/pages"}],"about":[{"href":"https:\/\/www.horyzont.net\/de\/wp-json\/wp\/v2\/types\/page"}],"author":[{"embeddable":true,"href":"https:\/\/www.horyzont.net\/de\/wp-json\/wp\/v2\/users\/6"}],"replies":[{"embeddable":true,"href":"https:\/\/www.horyzont.net\/de\/wp-json\/wp\/v2\/comments?post=69"}],"version-history":[{"count":18,"href":"https:\/\/www.horyzont.net\/de\/wp-json\/wp\/v2\/pages\/69\/revisions"}],"predecessor-version":[{"id":1279,"href":"https:\/\/www.horyzont.net\/de\/wp-json\/wp\/v2\/pages\/69\/revisions\/1279"}],"up":[{"embeddable":true,"href":"https:\/\/www.horyzont.net\/de\/wp-json\/wp\/v2\/pages\/281"}],"wp:attachment":[{"href":"https:\/\/www.horyzont.net\/de\/wp-json\/wp\/v2\/media?parent=69"}],"curies":[{"name":"wp","href":"https:\/\/api.w.org\/{rel}","templated":true}]}}