{"id":84,"date":"2012-10-29T14:06:33","date_gmt":"2012-10-29T13:06:33","guid":{"rendered":"http:\/\/directadmin.info.pl\/?page_id=84"},"modified":"2023-10-06T16:03:56","modified_gmt":"2023-10-06T14:03:56","slug":"proxmox-kvm","status":"publish","type":"page","link":"https:\/\/www.horyzont.net\/de\/oferta\/proxmox-kvm\/","title":{"rendered":"Proxmox KVM"},"content":{"rendered":"<p><br \/>\n<\/p>\n<p>F\u00fcr Kunden, die separierte Serverressourcen und zugleich dedizierte Ressourcen f\u00fcr Datenverarbeitung verlangen, bieten wir auf unseren Server virtuelle Rechner an.<\/p>\n<p>Diese L\u00f6sung l\u00e4sst die Gr\u00f6\u00dfe der genutzten Ressourcen, wie Prozessoren, Arbeitsspeicher, Datenspeicher (eigentliche Ablage und Backup) flexibel gestalten.<\/p>\n<p>Zurzeit bieten wir M\u00f6glichkeit der Unterbringung virtueller Rechner an, basierend auf Virtualisierung-Software von Proxmox KVM.<\/p>\n<p>Diese Dienstleistung bieten wir auf Basis unserer folgenden Server-Infrastruktur an:<\/p>\n<p>&#8211;\u00a0\u00a0\u00a0\u00a0\u00a0\u00a0 Server von HP und Dell mit Prozessoren Intel Xeon<\/p>\n<p><\/p>","protected":false},"excerpt":{"rendered":"<p>F\u00fcr Kunden, die separierte Serverressourcen und zugleich dedizierte Ressourcen f\u00fcr Datenverarbeitung verlangen, bieten wir auf unseren Server virtuelle Rechner an. Diese L\u00f6sung l\u00e4sst die Gr\u00f6\u00dfe der genutzten Ressourcen, wie Prozessoren, Arbeitsspeicher, Datenspeicher (eigentliche Ablage und Backup) flexibel gestalten. Zurzeit bieten wir M\u00f6glichkeit der Unterbringung virtueller Rechner an, basierend auf Virtualisierung-Software von Proxmox KVM. Diese Dienstleistung&hellip; <a class=\"continue\" href=\"https:\/\/www.horyzont.net\/de\/oferta\/proxmox-kvm\/\">Wi\u0119cej<span> Proxmox KVM<\/span><\/a><\/p>\n","protected":false},"author":6,"featured_media":0,"parent":281,"menu_order":0,"comment_status":"closed","ping_status":"closed","template":"","meta":{"footnotes":""},"class_list":["post-84","page","type-page","status-publish","hentry"],"aioseo_notices":[],"_links":{"self":[{"href":"https:\/\/www.horyzont.net\/de\/wp-json\/wp\/v2\/pages\/84","targetHints":{"allow":["GET"]}}],"collection":[{"href":"https:\/\/www.horyzont.net\/de\/wp-json\/wp\/v2\/pages"}],"about":[{"href":"https:\/\/www.horyzont.net\/de\/wp-json\/wp\/v2\/types\/page"}],"author":[{"embeddable":true,"href":"https:\/\/www.horyzont.net\/de\/wp-json\/wp\/v2\/users\/6"}],"replies":[{"embeddable":true,"href":"https:\/\/www.horyzont.net\/de\/wp-json\/wp\/v2\/comments?post=84"}],"version-history":[{"count":48,"href":"https:\/\/www.horyzont.net\/de\/wp-json\/wp\/v2\/pages\/84\/revisions"}],"predecessor-version":[{"id":2331,"href":"https:\/\/www.horyzont.net\/de\/wp-json\/wp\/v2\/pages\/84\/revisions\/2331"}],"up":[{"embeddable":true,"href":"https:\/\/www.horyzont.net\/de\/wp-json\/wp\/v2\/pages\/281"}],"wp:attachment":[{"href":"https:\/\/www.horyzont.net\/de\/wp-json\/wp\/v2\/media?parent=84"}],"curies":[{"name":"wp","href":"https:\/\/api.w.org\/{rel}","templated":true}]}}