{"id":136,"date":"2012-10-29T14:34:42","date_gmt":"2012-10-29T13:34:42","guid":{"rendered":"http:\/\/directadmin.info.pl\/?page_id=136"},"modified":"2017-02-14T13:51:36","modified_gmt":"2017-02-14T12:51:36","slug":"diagnostyka_sieci","status":"publish","type":"page","link":"https:\/\/www.horyzont.net\/en\/pomoc\/diagnostyka_sieci\/","title":{"rendered":"Network diagnostics"},"content":{"rendered":"<p>Below is a diagnostic tool for IP networks are available on our servers:<\/p>\n<p>&#8211; <a href=\"http:\/\/www.horyzont.net\/speedtest\" target=\"_blank\">Speed Test<\/a><\/p>\n<p>&#8211; <a href=\"http:\/\/lg.hti.pl\" target=\"_blank\">Looking Glass<\/a><\/p>\n<div class=\"b1px ac w100p\">\n<h3>\u0141\u0105czysz si\u0119 z adresu IP: 216.73.217.89<\/h3>\n<\/div>\n<p><\/p>","protected":false},"excerpt":{"rendered":"<p>Below is a diagnostic tool for IP networks are available on our servers: &#8211; Speed Test &#8211; Looking Glass \u0141\u0105czysz si\u0119 z adresu IP:<\/p>\n","protected":false},"author":6,"featured_media":0,"parent":367,"menu_order":0,"comment_status":"closed","ping_status":"closed","template":"","meta":{"footnotes":""},"class_list":["post-136","page","type-page","status-publish","hentry"],"aioseo_notices":[],"_links":{"self":[{"href":"https:\/\/www.horyzont.net\/en\/wp-json\/wp\/v2\/pages\/136","targetHints":{"allow":["GET"]}}],"collection":[{"href":"https:\/\/www.horyzont.net\/en\/wp-json\/wp\/v2\/pages"}],"about":[{"href":"https:\/\/www.horyzont.net\/en\/wp-json\/wp\/v2\/types\/page"}],"author":[{"embeddable":true,"href":"https:\/\/www.horyzont.net\/en\/wp-json\/wp\/v2\/users\/6"}],"replies":[{"embeddable":true,"href":"https:\/\/www.horyzont.net\/en\/wp-json\/wp\/v2\/comments?post=136"}],"version-history":[{"count":23,"href":"https:\/\/www.horyzont.net\/en\/wp-json\/wp\/v2\/pages\/136\/revisions"}],"predecessor-version":[{"id":1845,"href":"https:\/\/www.horyzont.net\/en\/wp-json\/wp\/v2\/pages\/136\/revisions\/1845"}],"up":[{"embeddable":true,"href":"https:\/\/www.horyzont.net\/en\/wp-json\/wp\/v2\/pages\/367"}],"wp:attachment":[{"href":"https:\/\/www.horyzont.net\/en\/wp-json\/wp\/v2\/media?parent=136"}],"curies":[{"name":"wp","href":"https:\/\/api.w.org\/{rel}","templated":true}]}}