{"id":159,"date":"2012-10-29T14:39:30","date_gmt":"2012-10-29T13:39:30","guid":{"rendered":"http:\/\/directadmin.info.pl\/?page_id=159"},"modified":"2025-10-10T23:26:23","modified_gmt":"2025-10-10T21:26:23","slug":"dane_rejestrowe","status":"publish","type":"page","link":"https:\/\/www.horyzont.net\/en\/kontakt\/dane_rejestrowe\/","title":{"rendered":"Registration details"},"content":{"rendered":"<p>Company name:<\/p>\n<p>Horyzont Technologie Internetowe LLC.<\/p>\n<p>Company seat:<\/p>\n<p>Bu\u0142garska 17 street<\/p>\n<p>60-320 Poznan<\/p>\n<p>Foundation capital:<\/p>\n<p>245 000 PLN<\/p>\n<p>Management:<\/p>\n<p>Chairman of the Board &#8211; Tomasz \u0141ukia\u0144czyk<\/p>\n<p>Member of the Board &#8211; Szymon Piotr Zieziula<\/p>\n<p>Registrartion numbers<\/p>\n<p>National Court Register KRS: 0000404163<\/p>\n<p>Tax Identification Number NIP: 9720799332<\/p>\n<p>Statistical register number REGON: 631001896<\/p>\n<p>Register of Business Telecommunications: 5980<\/p>\n<p>Bank account number:<\/p>\n<p>Pekao SA<\/p>\n<p>97 1240 6292 1111 0011 0231 8590<\/p>","protected":false},"excerpt":{"rendered":"<p>Company name: Horyzont Technologie Internetowe LLC. Company seat: Bu\u0142garska 17 street 60-320 Poznan Foundation capital: 245 000 PLN Management: Chairman of the Board &#8211; Tomasz \u0141ukia\u0144czyk Member of the Board &#8211; Szymon Piotr Zieziula Registrartion numbers National Court Register KRS: 0000404163 Tax Identification Number NIP: 9720799332 Statistical register number REGON: 631001896 Register of Business Telecommunications:&hellip; <a class=\"continue\" href=\"https:\/\/www.horyzont.net\/en\/kontakt\/dane_rejestrowe\/\">Wi\u0119cej<span> Registration details<\/span><\/a><\/p>\n","protected":false},"author":6,"featured_media":0,"parent":252,"menu_order":0,"comment_status":"closed","ping_status":"closed","template":"","meta":{"footnotes":""},"class_list":["post-159","page","type-page","status-publish","hentry"],"aioseo_notices":[],"_links":{"self":[{"href":"https:\/\/www.horyzont.net\/en\/wp-json\/wp\/v2\/pages\/159","targetHints":{"allow":["GET"]}}],"collection":[{"href":"https:\/\/www.horyzont.net\/en\/wp-json\/wp\/v2\/pages"}],"about":[{"href":"https:\/\/www.horyzont.net\/en\/wp-json\/wp\/v2\/types\/page"}],"author":[{"embeddable":true,"href":"https:\/\/www.horyzont.net\/en\/wp-json\/wp\/v2\/users\/6"}],"replies":[{"embeddable":true,"href":"https:\/\/www.horyzont.net\/en\/wp-json\/wp\/v2\/comments?post=159"}],"version-history":[{"count":25,"href":"https:\/\/www.horyzont.net\/en\/wp-json\/wp\/v2\/pages\/159\/revisions"}],"predecessor-version":[{"id":2417,"href":"https:\/\/www.horyzont.net\/en\/wp-json\/wp\/v2\/pages\/159\/revisions\/2417"}],"up":[{"embeddable":true,"href":"https:\/\/www.horyzont.net\/en\/wp-json\/wp\/v2\/pages\/252"}],"wp:attachment":[{"href":"https:\/\/www.horyzont.net\/en\/wp-json\/wp\/v2\/media?parent=159"}],"curies":[{"name":"wp","href":"https:\/\/api.w.org\/{rel}","templated":true}]}}