{"id":233,"date":"2012-11-07T10:27:05","date_gmt":"2012-11-07T09:27:05","guid":{"rendered":"http:\/\/directadmin.info.pl\/?page_id=233"},"modified":"2013-07-18T13:52:02","modified_gmt":"2013-07-18T11:52:02","slug":"referencje","status":"publish","type":"page","link":"https:\/\/www.horyzont.net\/en\/referencje\/","title":{"rendered":"Reference"},"content":{"rendered":"<p><\/p>\n<p>Horyzont Internet Technologies currently provides Internet services for hudreds business and institutional customers.<\/p>\n<p>The most famous of these include:<\/p>\n<p><a href=\"http:\/\/www.allegro.pl\" target=\"_blank\">Allegro.pl<\/a><\/p>\n<p><a href=\"http:\/\/www.alma.biz.pl\" target=\"_blank\">Alma<\/a><\/p>\n<p><a href=\"http:\/\/www.aquanet.pl\" target=\"_blank\">Aquanet<\/a><\/p>\n<p><a href=\"http:\/\/www.babiaczyk-skrocki.pl\" target=\"_blank\">Babiaczyk, Skrocki i Wsp\u00f3lnicy<\/a><\/p>\n<p><a href=\"http:\/\/www.bzwbk.pl\" target=\"_blank\">Bank Zachodni WBK<\/a><\/p>\n<p><a href=\"http:\/\/www.bcc.com.pl\" target=\"_blank\">BCC<\/a><\/p>\n<p><a href=\"http:\/\/www.eccoholiday.pl\" target=\"_blank\">Eccoholiday<\/a><\/p>\n<p><a href=\"http:\/\/www.enea.pl\" target=\"_blank\">Enea<\/a><\/p>\n<p><a href=\"http:\/\/www.exatel.pl\" target=\"_blank\">Exatel<\/a><\/p>\n<p><a href=\"http:\/\/www.feroco.pl\" target=\"_blank\">Feroco<\/a><\/p>\n<p><a href=\"http:\/\/www.andersiahotel.pl\/\" target=\"_blank\">Hotel IBB Andersia<\/a><\/p>\n<p><a href=\"http:\/\/www.lechpoznan.pl\" target=\"_blank\">KKS Lech Pozna\u0144<\/a><\/p>\n<p><a href=\"http:\/\/www.komputronik.pl\" target=\"_blank\">Komputronik<\/a><\/p>\n<p><a href=\"http:\/\/www.komster.net\">Komster<\/a><\/p>\n<p><a href=\"http:\/\/www.lisner.pl\" target=\"_blank\">Lisner<\/a><\/p>\n<p><a href=\"http:\/\/www.nfz-poznan.pl\" target=\"_blank\">Narodowy Fundusz Zdrowia w Poznaniu<\/a><\/p>\n<p><a href=\"http:\/\/www.ntpp.pl\" target=\"_blank\">Nickel Technology Park Pozna\u0144<\/a><\/p>\n<p><a href=\"http:\/\/www.przelewy24.pl\" target=\"_blank\">Przelewy24.pl<\/a><\/p>\n<p><a href=\"http:\/\/www.solarisbus.pl\" target=\"_blank\">Solaris Bus &#038; Coach<\/a><\/p>\n<p><a href=\"http:\/\/www.sote.pl\" target=\"_blank\">Sote<\/a><\/p>\n<p><a href=\"http:\/\/www.studioads.pl\" target=\"_blank\">Studio ADS<\/a><\/p>\n<p><a href=\"http:\/\/www.sunnyline.com.pl\" target=\"_blank\">Sunnyline<\/a><\/p>\n<p><a href=\"http:\/\/www.sunrisesystem.pl\" target=\"_blank\">Sunrise System<\/a><\/p>\n<p><a href=\"http:\/\/www.talex.pl\" target=\"_blank\">Talex<\/a><\/p>\n<p><a href=\"http:\/\/www.teb.pl\/\" target=\"_blank\">Towarzystwo Edukacji Bankowej<\/a><\/p>\n<p><a href=\"http:\/\/www.tuevpolska.pl\" target=\"_blank\">Tuev Polska<\/a><\/p>\n<p><a href=\"http:\/\/www.umww.pl\" target=\"_blank\">Urz\u0105d Marsza\u0142kowski Wojew\u00f3dztwa Wielkopolskiego<\/a><\/p>\n<p><a href=\"http:\/\/www.warp.org.pl\" target=\"_blank\">Wielkopolska Agencja Rozwoju Przedsi\u0119biorczo\u015bci<\/a><\/p>\n<p><a href=\"http:\/\/www.wtvk.pl\" target=\"_blank\">Winogradzka Telewizja Kablowa<\/a><\/p>\n<p><a href=\"http:\/\/www.law.com.pl\" target=\"_blank\">Ziemski i Partnerzy<\/a><\/p>\n<p><\/p>","protected":false},"excerpt":{"rendered":"<p>Horyzont Internet Technologies currently provides Internet services for hudreds business and institutional customers. The most famous of these include: Allegro.pl Alma Aquanet Babiaczyk, Skrocki i Wsp\u00f3lnicy Bank Zachodni WBK BCC Eccoholiday Enea Exatel Feroco Hotel IBB Andersia KKS Lech Pozna\u0144 Komputronik Komster Lisner Narodowy Fundusz Zdrowia w Poznaniu Nickel Technology Park Pozna\u0144 Przelewy24.pl Solaris Bus&hellip; <a class=\"continue\" href=\"https:\/\/www.horyzont.net\/en\/referencje\/\">Wi\u0119cej<span> Reference<\/span><\/a><\/p>\n","protected":false},"author":6,"featured_media":0,"parent":0,"menu_order":0,"comment_status":"closed","ping_status":"open","template":"","meta":{"footnotes":""},"class_list":["post-233","page","type-page","status-publish","hentry"],"aioseo_notices":[],"_links":{"self":[{"href":"https:\/\/www.horyzont.net\/en\/wp-json\/wp\/v2\/pages\/233","targetHints":{"allow":["GET"]}}],"collection":[{"href":"https:\/\/www.horyzont.net\/en\/wp-json\/wp\/v2\/pages"}],"about":[{"href":"https:\/\/www.horyzont.net\/en\/wp-json\/wp\/v2\/types\/page"}],"author":[{"embeddable":true,"href":"https:\/\/www.horyzont.net\/en\/wp-json\/wp\/v2\/users\/6"}],"replies":[{"embeddable":true,"href":"https:\/\/www.horyzont.net\/en\/wp-json\/wp\/v2\/comments?post=233"}],"version-history":[{"count":28,"href":"https:\/\/www.horyzont.net\/en\/wp-json\/wp\/v2\/pages\/233\/revisions"}],"predecessor-version":[{"id":484,"href":"https:\/\/www.horyzont.net\/en\/wp-json\/wp\/v2\/pages\/233\/revisions\/484"}],"wp:attachment":[{"href":"https:\/\/www.horyzont.net\/en\/wp-json\/wp\/v2\/media?parent=233"}],"curies":[{"name":"wp","href":"https:\/\/api.w.org\/{rel}","templated":true}]}}