{"id":2380,"date":"2025-06-27T09:17:46","date_gmt":"2025-06-27T07:17:46","guid":{"rendered":"https:\/\/www.horyzont.net\/?page_id=2380"},"modified":"2026-03-16T10:33:19","modified_gmt":"2026-03-16T09:33:19","slug":"udogodnienia-dla-osob-z-niepelnosprawnosciami","status":"publish","type":"page","link":"https:\/\/www.horyzont.net\/en\/udogodnienia-dla-osob-z-niepelnosprawnosciami\/","title":{"rendered":"Udogodnienia dla os\u00f3b z niepe\u0142nosprawno\u015bciami"},"content":{"rendered":"\n<p class=\"has-medium-font-size\">HORYZONT TECHNOLOGIE INTERNETOWE buduje i wspiera Spo\u0142eczn\u0105 Odpowiedzialno\u015b\u0107 Biznesu. Jeste\u015bmy firm\u0105 odpowiedzialn\u0105 spo\u0142ecznie, co wynika z naszego przekonania, \u017ce organizacja o tak du\u017cym zapleczu i potencjale powinna aktywnie i wszechstronnie budowa\u0107 i rozwija\u0107 relacje ze swoimi Klientami. Powodowani t\u0105 odpowiedzialno\u015bci\u0105 podejmujemy i wsp\u00f3\u0142tworzymy lokalne i og\u00f3lnopolskie przedsi\u0119wzi\u0119cia o charakterze spo\u0142ecznym, edukacyjnym i kulturalnym, traktuj\u0105c je jako nasz cenny wk\u0142ad w codzienno\u015b\u0107 poszczeg\u00f3lnych grup u\u017cytkownik\u00f3w naszych us\u0142ug oraz lokalnych spo\u0142eczno\u015bci.<\/p>\n\n\n\n<p class=\"has-medium-font-size\">Nad potrzebami os\u00f3b kt\u00f3re ze wzgl\u0119du na swoje cechy zewn\u0119trzne lub wewn\u0119trzne albo ze wzgl\u0119du na okoliczno\u015bci w kt\u00f3rych si\u0119 znajduj\u0105 musz\u0105 podj\u0105\u0107 dodatkowe dzia\u0142ania lub zastosowa\u0107 dodatkowe \u015brodki w celu przezwyci\u0119\u017cenia barier, aby uczestniczy\u0107 w r\u00f3\u017cnych sferach \u017cycia na zasadzie r\u00f3wno\u015bci z innymi osobami pochylamy si\u0119 ze szczeg\u00f3ln\u0105 wra\u017cliwo\u015bci\u0105 i uwag\u0105.<\/p>\n\n\n\n<p class=\"has-medium-font-size\">Przenosz\u0105c Spo\u0142eczn\u0105 Odpowiedzialno\u015b\u0107 Biznesu na grunt prowadzonej dzia\u0142alno\u015bci chcemy, aby \u015bwiadczone przez nas us\u0142ugi by\u0142y w pe\u0142ni dost\u0119pne r\u00f3wnie\u017c dla os\u00f3b, kt\u00f3re maj\u0105 szczeg\u00f3lne potrzeby.<\/p>\n\n\n\n<p class=\"has-medium-font-size\">Zapewniamy osobom ze szczeg\u00f3lnymi potrzebami, w tym z niepe\u0142nosprawno\u015bciami udogodnienia oraz odpowiednie warunki \u015bwiadczenia naszych us\u0142ug oraz obs\u0142ugi. Nasze wysi\u0142ki zmierzaj\u0105 ku temu, by osoby ze szczeg\u00f3lnymi potrzebami, w tym z niepe\u0142nosprawno\u015bciami mog\u0142y korzysta\u0107 z naszych us\u0142ug oraz z obs\u0142ugi mo\u017cliwie samodzielnie, w spos\u00f3b buduj\u0105cy ich podmiotowo\u015b\u0107, dostosowan\u0105 do ich potrzeb.<\/p>\n\n\n\n<p class=\"has-medium-font-size\">Obs\u0142uga naszych abonent\u00f3w, kt\u00f3rych cechuj\u0105 szczeg\u00f3lne potrzeby w tym niepe\u0142nosprawno\u015bci polega na zasadach, kt\u00f3re przedstawiamy poni\u017cej.<\/p>\n\n\n\n<p class=\"has-medium-font-size\">1. Zawarcie umowy o \u015bwiadczenie us\u0142ug komunikacji elektronicznej z nasz\u0105 sp\u00f3\u0142k\u0105 jest mo\u017cliwe podczas wizyty w naszych Biurach Obs\u0142ugi Klienta lub telefonicznie.<\/p>\n\n\n\n<p class=\"has-medium-font-size\">2. Nasi konsultanci s\u0142u\u017c\u0105 Pa\u0144stwu pomoc\u0105 w wyja\u015bnieniu wszystkich kwestii <strong>zwi\u0105zanych ze \u015bwiadczonymi przez nas us\u0142ugami komunikacji elektronicznej oraz z zawarciem umowy<\/strong> na te us\u0142ugi. Dzi\u0119ki swojej wiedzy nasi pracownicy wyt\u0142umacz\u0105 wszelkie zawi\u0142o\u015bci<strong> dokumentacji abonenckiej <\/strong>i przeka\u017c\u0105 informacje niezb\u0119dne do korzystania z us\u0142ug<strong>.<\/strong> Dane do kontaktu z nami dost\u0119pne s\u0105 <strong><a href=\"https:\/\/www.horyzont.net\/kontakt\/adresy_i_telefony\/\">tutaj<\/a>.<\/strong><\/p>\n\n\n\n<p class=\"has-medium-font-size\">3. Pomagamy Pa\u0144stwu na ka\u017cdym etapie wsp\u00f3\u0142pracy. <strong>Przy zawieraniu Umowy<\/strong> o \u015bwiadczenie us\u0142ug komunikacji elektronicznej z osobami ze szczeg\u00f3lnymi potrzebami, w tym z niepe\u0142nosprawno\u015bciami, a tak\u017ce na ka\u017cde \u017c\u0105danie takiej osoby, <strong>oferujemy pomoc uprawnionej osoby<\/strong> we w\u0142a\u015bciwym <strong>skonfigurowaniu Urz\u0105dzenia Abonenckiego<\/strong> oraz <strong>uruchomieniu \u015bwiadczonej Us\u0142ugi<\/strong>.<\/p>\n\n\n\n<p class=\"has-medium-font-size\">Z pomocy naszego asystenta mo\u017cecie Pa\u0144stwo skorzysta\u0107 w naszych Biurach Obs\u0142ugi Klienta oraz Salonach Firmowych, a tak\u017ce telefonicznie.<\/p>\n\n\n\n<p class=\"has-medium-font-size\">4. Zapewniaj\u0105c dost\u0119pno\u015b\u0107 naszych us\u0142ug dla os\u00f3b ze szczeg\u00f3lnymi potrzebami, w tym z niepe\u0142nosprawno\u015bciami, <strong>dostosowali\u015bmy nasz\u0105 dokumentacj\u0119<\/strong>, w tym widoczne tu tre\u015bci <strong>do odczytu maszynowego<\/strong> z wykorzystaniem aplikacji do tego dedykowanych.<\/p>\n\n\n\n<p class=\"has-medium-font-size\">5. <strong>Wyposa\u017cyli\u015bmy<\/strong> nasze Biura Obs\u0142ugi Klienta oraz Salony Firmowe <strong>w urz\u0105dzenie umo\u017cliwiaj\u0105ce komunikacj\u0119 z osob\u0105 nies\u0142ysz\u0105c\u0105 lub z osob\u0105 niem\u00f3wi\u0105c\u0105 oraz u\u0142atwiaj\u0105ce komunikacj\u0119 z osob\u0105 niewidom\u0105 lub z osob\u0105 s\u0142abowidz\u0105c\u0105<\/strong>.<\/p>\n\n\n\n<p class=\"has-medium-font-size\">Z my\u015bl\u0105 o osobach ze szczeg\u00f3lnymi potrzebami w tym z niepe\u0142nosprawno\u015bciami w naszych Biurach Obs\u0142ugi Klienta i Salonach Firmowych <strong>udost\u0119pniamy stanowiska<\/strong> do obs\u0142ugi, kt\u00f3re <strong>s\u0105 wyposa\u017cone w komputer z panelem do nawigowania<\/strong>. Panel nie tylko umo\u017cliwia powi\u0119kszenie na ekranie czcionki i tre\u015bci co najmniej trzykrotnie ale tak\u017ce pozwala indywidualnie dostosowa\u0107 kontrast ekranu do osoby ze szczeg\u00f3lnymi potrzebami, w tym z niepe\u0142nosprawno\u015bci\u0105.<\/p>\n\n\n\n<p class=\"has-medium-font-size\">Niezmiennie wa\u017cne s\u0105 dla nas osoby ze szczeg\u00f3lnymi potrzebami w tym z niepe\u0142nosprawno\u015bciami, kt\u00f3re wp\u0142ywaj\u0105 na narz\u0105d ruch i dlatego <strong>wybrane Biura Obs\u0142ugi Klienta i Salony Firmowe s\u0105 przystosowane do obs\u0142ugi os\u00f3b z tego rodzaju ograniczeniami<\/strong>.<\/p>\n\n\n\n<p class=\"has-medium-font-size\">Lista Biur Obs\u0142ugi Klienta oraz Salon\u00f3w Firmowych, o kt\u00f3rych mowa powy\u017cej dost\u0119pna jest <strong><a href=\"\/kontakt\/adresy_i_telefony\/\" title=\"Adresy i telefony\">tutaj<\/a><\/strong>.<\/p>\n\n\n\n<p class=\"has-medium-font-size\">6. W naszych Biurach Obs\u0142ugi Klienta oraz Salonach Firmowych <strong>zapewniamy dost\u0119p do t\u0142umacza polskiego j\u0119zyka migowego<\/strong> Mazowieckiego Oddzia\u0142u Polskiego Zwi\u0105zku G\u0142uchych. To wsparcie dost\u0119pne jest dla wszystkich os\u00f3b potrzebuj\u0105cych w dni robocze od poniedzia\u0142ku do pi\u0105tku w godzinach pracy poszczeg\u00f3lnych Biur Obs\u0142ugi Klienta i Salon\u00f3w Firmowych .<\/p>\n\n\n\n<p class=\"has-medium-font-size\">Aby\u015bmy mogli zapewni\u0107 osobie potrzebuj\u0105cej dost\u0119p do t\u0142umacza polskiego j\u0119zyka migowego potrzebujemy indywidualnego zg\u0142oszenia. Musi ono dotrze\u0107 do nas z wyprzedzeniem co najmniej 3 dni roboczych przed dniem, w kt\u00f3rym chcecie Pa\u0144stwo skorzysta\u0107 z opisanego wsparcia.<\/p>\n\n\n\n<p class=\"has-medium-font-size\">Zg\u0142oszenie mo\u017cna przekaza\u0107 do nas w formie dost\u0119pnej dla os\u00f3b ze szczeg\u00f3lnymi potrzebami, w tym z niepe\u0142nosprawno\u015bci\u0105, w szczeg\u00f3lno\u015bci telefonicznie lub za po\u015brednictwem poczty elektronicznej na adres e-mail: <a href=\"mailto:udogodnienia@vectra.pl\">udogodnienia@vectra.pl<\/a><\/p>\n\n\n\n<p class=\"has-medium-font-size\">Jest wa\u017cne, aby w ka\u017cdym zg\u0142oszeniu wskaza\u0107 wybrane Biuro Obs\u0142ugi Klienta lub Salon Firmowy, kt\u00f3ry zapewnia to udogodnienie i w kt\u00f3rym chcecie Pa\u0144stwo z niego skorzysta\u0107.<\/p>\n\n\n\n<p class=\"has-medium-font-size\">Lista Biur Obs\u0142ugi Klienta oraz Salon\u00f3w Firmowych kt\u00f3re zapewniaj\u0105 to udogodnienie dost\u0119pna jest <strong><a href=\"\/kontakt\/adresy_i_telefony\/\" title=\"Adresy i telefony\">tutaj<\/a><\/strong>.<\/p>\n\n\n\n<p class=\"has-medium-font-size\"><a><\/a>7. Z my\u015bl\u0105 o propagowaniu wsparcia dla os\u00f3b ze szczeg\u00f3lnymi potrzebami, w tym z niepe\u0142nosprawno\u015bciami <strong>w naszych Biurach Obs\u0142ugi Klienta oraz na naszej stronie internetowej<\/strong> www.horyzont.net\/ w zak\u0142adce \/udogodnienia-dla-osob-niepelnosprawnych <strong>stale udost\u0119pniamy wzorce dokumentacji abonenckiej<\/strong>, kt\u00f3rej u\u017cywamy w celu zawarcia Umowy o \u015bwiadczenie us\u0142ug komunikacji elektronicznej.<\/p>\n\n\n\n<p class=\"has-medium-font-size\"><a><\/a>Dokumenty dost\u0119pne w Biurach Obs\u0142ugi Klienta oraz w Salonach Firmowych maj\u0105 <strong>form\u0119 papierow\u0105 z du\u017c\u0105 czcionk\u0105<\/strong>, a te kt\u00f3re udost\u0119pniamy za po\u015brednictwem naszej <strong>strony internetowej s\u0105 dost\u0119pne cyfrowo i nadaj\u0105 si\u0119 do odczytu maszynowego<\/strong>.<\/p>\n\n\n\n<p class=\"has-medium-font-size\">8. Osobie ze szczeg\u00f3lnymi potrzebami, w tym z niepe\u0142nosprawno\u015bci\u0105 narz\u0105du wzroku tj. osobie niewidomej lub osobie s\u0142abowidz\u0105cej na jej \u017c\u0105danie, <strong>udost\u0119pniamy informacje przedumowne, zwi\u0119z\u0142e podsumowanie warunk\u00f3w umowy oraz pozosta\u0142e informacje wymagane w Umowie<\/strong> o \u015bwiadczenie publicznie dost\u0119pnych us\u0142ug komunikacji elektronicznej. Tak\u0105 dokumentacj\u0119 przekazujemy wnioskodawcy w terminie 30 dni od momentu otrzymania wniosku, na wskazany w \u017c\u0105daniu adres korespondencyjny lub na wskazany adres poczty elektronicznej. Dokumenty udost\u0119pniamy na trwa\u0142ym no\u015bniku, w formie, kt\u00f3r\u0105 osoba potrzebuj\u0105ca sama wybiera, stosownie do swoich potrzeb.<\/p>\n\n\n\n<p class=\"has-medium-font-size\">Opcje wyboru, w zakresie dostarczenia dokument\u00f3w na adres korespondencyjny, s\u0105 nast\u0119puj\u0105ce: <strong>no\u015bnik elektroniczny w formacie tekstowym<\/strong> lub z<strong> form\u0105 dost\u0119pn\u0105 cyfrowo, kt\u00f3ra nadaje si\u0119 do odczytu maszynowego<\/strong> lub <strong>forma papierowa z alfabetem Braille\u2019a<\/strong> albo z <strong>du\u017c\u0105 czcionk\u0105<\/strong>.<\/p>\n\n\n\n<p class=\"has-medium-font-size\">Je\u015bli dokumentacj\u0119 dostarczamy na podany nam w tym celu adres poczty elektronicznej mo\u017cliwo\u015bci wyboru s\u0105 nast\u0119puj\u0105ce: <strong>format tekstowy lub forma cyfrowa, kt\u00f3ra umo\u017cliwia odczyt maszynowy<\/strong>.<\/p>\n\n\n\n<p class=\"has-medium-font-size\">9. Odpowiadamy na indywidualne potrzeby w zakresie wzor\u00f3w dokument\u00f3w. Osobie ze szczeg\u00f3lnymi potrzebami, w tym z niepe\u0142nosprawno\u015bci\u0105 narz\u0105du wzroku tj. osobie niewidomej lub osobie s\u0142abowidz\u0105cej, na jej \u017c\u0105danie <strong>udost\u0119pniamy<\/strong> <strong>wzorce Umowy o \u015bwiadczenie us\u0142ug komunikacji elektronicznej , og\u00f3lne warunki Umowy oraz wzorce Cennik\u00f3w, Regulaminu \u015bwiadczenia us\u0142ug oraz Regulamin\u00f3w Szczeg\u00f3\u0142owych<\/strong>. Wskazane dokumenty przekazujemy wnioskodawcy w terminie 30 dni od dnia zg\u0142oszenia nam takiego \u017c\u0105dania. Dokumenty mo\u017cemy przekaza\u0107 na wskazany w \u017c\u0105daniu adres korespondencyjny lub na wskazany adres poczty elektronicznej.<\/p>\n\n\n\n<p class=\"has-medium-font-size\">Opcje wyboru, w zakresie dostarczenia dokument\u00f3w na adres korespondencyjny, s\u0105 nast\u0119puj\u0105ce: <strong>no\u015bnik elektroniczny w formacie tekstowym<\/strong> lub z<strong> form\u0105 dost\u0119pn\u0105 cyfrowo, kt\u00f3ra nadaje si\u0119 do odczytu maszynowego<\/strong> lub <strong>forma papierowa z alfabetem Braille\u2019a<\/strong> albo z <strong>du\u017c\u0105 czcionk\u0105<\/strong>.<\/p>\n\n\n\n<p class=\"has-medium-font-size\">Je\u015bli dokumentacj\u0119 dostarczamy na podany nam w tym celu adres poczty elektronicznej mo\u017cliwo\u015bci wyboru s\u0105 nast\u0119puj\u0105ce: <strong>format tekstowy lub forma cyfrowa, kt\u00f3ra umo\u017cliwia odczyt maszynowy<\/strong>.<\/p>\n\n\n\n<p class=\"has-medium-font-size\">10. Chcemy, aby informacje o udogodnieniach dociera\u0142y do adresat\u00f3w i dlatego osobie ze szczeg\u00f3lnymi potrzebami, w tym z niepe\u0142nosprawno\u015bci\u0105, na jej \u017c\u0105danie, <strong>przekazujemy informacje o wszystkich oferowanych przez nas udogodnieniach dla os\u00f3b ze szczeg\u00f3lnymi potrzebami<\/strong>, w tym z niepe\u0142nosprawno\u015bciami. Powy\u017csze informacje przeka\u017cemy wnioskodawcy w terminie 30 dni od dnia zg\u0142oszenia nam takiego \u017c\u0105dania, wed\u0142ug jego wyboru: <strong>w postaci papierowej<\/strong> lub <strong>w postaci elektronicznej <\/strong>na wskazany w tym celu adres poczty elektronicznej.<\/p>\n\n\n\n<p class=\"has-medium-font-size\">Je\u015bli wnioskodawc\u0105 b\u0119dzie osoba z niepe\u0142nosprawno\u015bci\u0105 narz\u0105du wzroku, tj. osoba niewidoma lub osoba s\u0142abowidz\u0105ca to wed\u0142ug jej wyboru przeka\u017cemy informacje <strong>na papierze w alfabecie Braille\u2019a<\/strong> lub <strong>na papierze przy u\u017cyciu du\u017cej czcionki<\/strong> lub <strong>na no\u015bniku elektronicznym w formacie tekstowym<\/strong> lub <strong>w formie dost\u0119pnej cyfrowo, kt\u00f3ra nadaje si\u0119 do odczytu maszynowego<\/strong>.<\/p>\n\n\n\n<p class=\"has-medium-font-size\">Je\u015bli jednak wnioskodawca poprosi o przes\u0142anie ich poczt\u0105 elektroniczn\u0105, b\u0119d\u0105 one mia\u0142y <strong>format tekstowy<\/strong> lub <strong>form\u0119 dost\u0119pn\u0105 cyfrowo nadaj\u0105c\u0105 si\u0119 do odczytu maszynowego<\/strong>.<\/p>\n\n\n\n<p class=\"has-medium-font-size\">11. Jednocze\u015bnie w naszych Biurach Obs\u0142ugi Klienta oraz Salonach Firmowych, a tak\u017ce na stronie internetowej www.horyzont.net\/ w zak\u0142adce \/udogodnienia-dla-osob-niepelnosprawnych <strong>stale udost\u0119pniamy informacje o wszystkich udogodnieniach<\/strong>, kt\u00f3re stawiamy do dyspozycji os\u00f3b ze szczeg\u00f3lnymi potrzebami, w tym z niepe\u0142nosprawno\u015bciami.<\/p>\n\n\n\n<p class=\"has-medium-font-size\"><strong>Informacje<\/strong> dost\u0119pne w Biurach Obs\u0142ugi Klienta oraz w Salonach Firmowych <strong>maj\u0105 form\u0119 papierow\u0105 z du\u017c\u0105 czcionk\u0105<\/strong>, a te kt\u00f3re udost\u0119pniamy za po\u015brednictwem naszej strony internetowej <strong>s\u0105 dost\u0119pne cyfrowo i nadaj\u0105 si\u0119 do odczytu maszynowego<\/strong>.<\/p>\n\n\n\n<p class=\"has-medium-font-size\">12. Wspieramy u\u017cytkownik\u00f3w ko\u0144cowych naszych us\u0142ug w dost\u0119pie do rzetelnej informacji i dlatego osobie ze szczeg\u00f3lnymi potrzebami, w tym z niepe\u0142nosprawno\u015bci\u0105 narz\u0105du wzroku tj. osobie niewidomej lub osobie s\u0142abowidz\u0105cej, na jej \u017c\u0105danie, <strong>udost\u0119pniamy<\/strong> <strong>informacje o danych zawartych na fakturze wraz z podstawowym wykazem wykonanych us\u0142ug<\/strong> komunikacji elektronicznej lub szczeg\u00f3\u0142owy wykaz wykonanych us\u0142ug telekomunikacyjnych.<\/p>\n\n\n\n<p class=\"has-medium-font-size\"><a><\/a>Informacje o danych zawartych na fakturze wraz z podstawowym wykazem wykonanych us\u0142ug komunikacji elektronicznej udost\u0119pniamy wed\u0142ug wyboru wnioskodawcy <strong>na papierze w alfabecie Brailla\u2019e, na papierze przy u\u017cyciu du\u017cej czcionki<\/strong> albo przesy\u0142amy je na wskazany w tym celu adres poczty elektronicznej w <strong>formacie tekstowym<\/strong>.<\/p>\n\n\n\n<p class=\"has-medium-font-size\"><a><\/a>Je\u015bli wnioskodawca przeka\u017ce do nas taki wniosek przed rozpocz\u0119ciem lub w trakcie trwaj\u0105cego okresu rozliczeniowego, za kt\u00f3ry dopiero wystawimy faktur\u0119, wtedy przeka\u017cemy informacje wskazane we wniosku niezw\u0142ocznie po wystawieniu faktury.<\/p>\n\n\n\n<p class=\"has-medium-font-size\">Je\u015bli za\u015b wnioskodawca przeka\u017ce do nas wniosek, kt\u00f3ry dotyczy\u0107 b\u0119dzie okresu rozliczeniowego, za kt\u00f3ry ju\u017c wystawili\u015bmy faktur\u0119, wtedy przeka\u017cemy w\u0142a\u015bciwe informacje terminie 30 dni od dnia, w kt\u00f3rym otrzymali\u015bmy zg\u0142oszenie.<\/p>\n\n\n\n<p class=\"has-medium-font-size\"><strong>Informacje<\/strong> sk\u0142adaj\u0105ce si\u0119 na szczeg\u00f3\u0142owy wykaz wykonanych us\u0142ug komunikacji elektronicznej <strong>udost\u0119pniamy<\/strong> wed\u0142ug wyboru wnioskodawcy, <strong>na papierze przy u\u017cyciu du\u017cej czcionki<\/strong> albo <strong>przesy\u0142amy<\/strong> je na wskazany w tym celu adres poczty elektronicznej <strong>w formacie tekstowym<\/strong>.<\/p>\n\n\n\n<p class=\"has-medium-font-size\">13. Do korzystania z naszych us\u0142ug, w szczeg\u00f3lno\u015bci us\u0142ugi telewizji cyfrowej, Internetu i telefonii stacjonarnej dostarczamy i instalujemy zawsze ca\u0142y niezb\u0119dny sprz\u0119t w ramach us\u0142ugi.<\/p>\n\n\n\n<p class=\"has-medium-font-size\">Realizuj\u0105c wymagania dost\u0119pno\u015bci zapewniamy instrukta\u017c u\u017cytkowania tych urz\u0105dze\u0144 ka\u017cdorazowo w trakcie instalacji oraz udost\u0119pniamy instrukcje ich obs\u0142ugi za po\u015brednictwem naszej strony internetowej. Instrukcje, w postaci cyfrowej i nadaj\u0105ce si\u0119 do odczytu maszynowego dost\u0119pne s\u0105 <strong><a href=\"\/pomoc\/dzial_pomocy_technicznej\/\" title=\"\">tutaj<\/a><\/strong>.<\/p>\n\n\n\n<p class=\"has-medium-font-size\">14. Poni\u017cej udost\u0119pniamy Pa\u0144stwu dostosowan\u0105<strong> do odczytu maszynowego<\/strong> <strong>dokumentacj\u0119<\/strong>, w tym Regulaminy szczeg\u00f3\u0142owe, zawieraj\u0105ce niezb\u0119dne <strong>informacje o \u015bwiadczonych przez nas us\u0142ugach komunikacji elektronicznej<\/strong>.<\/p>\n\n\n\n<div data-wp-interactive=\"core\/file\" class=\"wp-block-file\"><object data-wp-bind--hidden=\"!state.hasPdfPreview\" hidden class=\"wp-block-file__embed\" data=\"https:\/\/www.horyzont.net\/wp-content\/uploads\/HTI-Umowa.pdf\" type=\"application\/pdf\" style=\"width:100%;height:600px\" aria-label=\"Embed of HTI Umowa.\"><\/object><a id=\"wp-block-file--media-6c48944a-f3dc-4de3-8a12-5e3bba89ed95\" href=\"https:\/\/www.horyzont.net\/wp-content\/uploads\/HTI-Umowa.pdf\">HTI Umowa<\/a><a href=\"https:\/\/www.horyzont.net\/wp-content\/uploads\/HTI-Umowa.pdf\" class=\"wp-block-file__button wp-element-button\" download aria-describedby=\"wp-block-file--media-6c48944a-f3dc-4de3-8a12-5e3bba89ed95\">Pobierz<\/a><\/div>\n\n\n\n<div class=\"wp-block-file\"><object class=\"wp-block-file__embed\" data=\"https:\/\/www.horyzont.net\/wp-content\/uploads\/REGULAMIN-SWIADCZENIA-USLUG-ORAZ-DOSTARCZANIA-USLUG-HTI-obowiazujacy-od-14.03.2026-r.pdf\" type=\"application\/pdf\" style=\"width:100%;height:600px\" aria-label=\"REGULAMIN \u015aWIADCZENIA US\u0141UG ORAZ DOSTARCZANIA US\u0141UG - HTI\"><\/object><a id=\"wp-block-file--media-05f03447-9c4d-40db-83f0-eb93992c8ff6\" href=\"https:\/\/www.horyzont.net\/wp-content\/uploads\/REGULAMIN-SWIADCZENIA-USLUG-ORAZ-DOSTARCZANIA-USLUG-HTI-obowiazujacy-od-14.03.2026-r.pdf\">REGULAMIN \u015aWIADCZENIA US\u0141UG ORAZ DOSTARCZANIA US\u0141UG &#8211; HTI<\/a><a href=\"https:\/\/www.horyzont.net\/wp-content\/uploads\/REGULAMIN-SWIADCZENIA-USLUG-ORAZ-DOSTARCZANIA-USLUG-HTI-obowiazujacy-od-14.03.2026-r.pdf\" class=\"wp-block-file__button wp-element-button\" download aria-describedby=\"wp-block-file--media-05f03447-9c4d-40db-83f0-eb93992c8ff6\">Pobierz<\/a><\/div>\n\n\n\n<div data-wp-interactive=\"core\/file\" class=\"wp-block-file\"><object data-wp-bind--hidden=\"!state.hasPdfPreview\" hidden class=\"wp-block-file__embed\" data=\"https:\/\/www.horyzont.net\/wp-content\/uploads\/HTI-Podsumowanie.pdf\" type=\"application\/pdf\" style=\"width:100%;height:600px\" aria-label=\"Embed of HTI Podsumowanie.\"><\/object><a id=\"wp-block-file--media-5d0d314f-4c4b-4fd4-ad4c-f3d595569c73\" href=\"https:\/\/www.horyzont.net\/wp-content\/uploads\/HTI-Podsumowanie.pdf\">HTI Podsumowanie<\/a><a href=\"https:\/\/www.horyzont.net\/wp-content\/uploads\/HTI-Podsumowanie.pdf\" class=\"wp-block-file__button wp-element-button\" download aria-describedby=\"wp-block-file--media-5d0d314f-4c4b-4fd4-ad4c-f3d595569c73\">Pobierz<\/a><\/div>\n\n\n\n<div data-wp-interactive=\"core\/file\" class=\"wp-block-file\"><object data-wp-bind--hidden=\"!state.hasPdfPreview\" hidden class=\"wp-block-file__embed\" data=\"https:\/\/www.horyzont.net\/wp-content\/uploads\/HTI-Zrzeczenie.pdf\" type=\"application\/pdf\" style=\"width:100%;height:600px\" aria-label=\"Embed of HTI Zrzeczenie.\"><\/object><a id=\"wp-block-file--media-1b799a5f-a21f-4f68-81ae-79263aa645ac\" href=\"https:\/\/www.horyzont.net\/wp-content\/uploads\/HTI-Zrzeczenie.pdf\">HTI Zrzeczenie<\/a><a href=\"https:\/\/www.horyzont.net\/wp-content\/uploads\/HTI-Zrzeczenie.pdf\" class=\"wp-block-file__button wp-element-button\" download aria-describedby=\"wp-block-file--media-1b799a5f-a21f-4f68-81ae-79263aa645ac\">Pobierz<\/a><\/div>\n\n\n\n<div data-wp-interactive=\"core\/file\" class=\"wp-block-file\"><object data-wp-bind--hidden=\"!state.hasPdfPreview\" hidden class=\"wp-block-file__embed\" data=\"https:\/\/www.horyzont.net\/wp-content\/uploads\/HTI-Oswiadczenie.pdf\" type=\"application\/pdf\" style=\"width:100%;height:600px\" aria-label=\"Embed of HTI O\u015bwiadczenie.\"><\/object><a id=\"wp-block-file--media-ac1173eb-f5f1-4488-ab26-cbb376c60b5e\" href=\"https:\/\/www.horyzont.net\/wp-content\/uploads\/HTI-Oswiadczenie.pdf\">HTI O\u015bwiadczenie<\/a><a href=\"https:\/\/www.horyzont.net\/wp-content\/uploads\/HTI-Oswiadczenie.pdf\" class=\"wp-block-file__button wp-element-button\" download aria-describedby=\"wp-block-file--media-ac1173eb-f5f1-4488-ab26-cbb376c60b5e\">Pobierz<\/a><\/div>\n\n\n\n<div data-wp-interactive=\"core\/file\" class=\"wp-block-file\"><object data-wp-bind--hidden=\"!state.hasPdfPreview\" hidden class=\"wp-block-file__embed\" data=\"https:\/\/www.horyzont.net\/wp-content\/uploads\/HTI-IPU.pdf\" type=\"application\/pdf\" style=\"width:100%;height:600px\" aria-label=\"Embed of HTI IPU.\"><\/object><a id=\"wp-block-file--media-639c2bcf-8b11-4fd0-a350-8174e5803f0f\" href=\"https:\/\/www.horyzont.net\/wp-content\/uploads\/HTI-IPU.pdf\">HTI IPU<\/a><a href=\"https:\/\/www.horyzont.net\/wp-content\/uploads\/HTI-IPU.pdf\" class=\"wp-block-file__button wp-element-button\" download aria-describedby=\"wp-block-file--media-639c2bcf-8b11-4fd0-a350-8174e5803f0f\">Pobierz<\/a><\/div>\n","protected":false},"excerpt":{"rendered":"<p>HORYZONT TECHNOLOGIE INTERNETOWE buduje i wspiera Spo\u0142eczn\u0105 Odpowiedzialno\u015b\u0107 Biznesu. Jeste\u015bmy firm\u0105 odpowiedzialn\u0105 spo\u0142ecznie, co wynika z naszego przekonania, \u017ce organizacja o tak du\u017cym zapleczu i potencjale powinna aktywnie i wszechstronnie budowa\u0107 i rozwija\u0107 relacje ze swoimi Klientami. Powodowani t\u0105 odpowiedzialno\u015bci\u0105 podejmujemy i wsp\u00f3\u0142tworzymy lokalne i og\u00f3lnopolskie przedsi\u0119wzi\u0119cia o charakterze spo\u0142ecznym, edukacyjnym i kulturalnym, traktuj\u0105c je&hellip; <a class=\"continue\" href=\"https:\/\/www.horyzont.net\/en\/udogodnienia-dla-osob-z-niepelnosprawnosciami\/\">Wi\u0119cej<span> Udogodnienia dla os\u00f3b z niepe\u0142nosprawno\u015bciami<\/span><\/a><\/p>\n","protected":false},"author":6,"featured_media":0,"parent":0,"menu_order":0,"comment_status":"closed","ping_status":"closed","template":"","meta":{"footnotes":""},"class_list":["post-2380","page","type-page","status-publish","hentry"],"aioseo_notices":[],"_links":{"self":[{"href":"https:\/\/www.horyzont.net\/en\/wp-json\/wp\/v2\/pages\/2380","targetHints":{"allow":["GET"]}}],"collection":[{"href":"https:\/\/www.horyzont.net\/en\/wp-json\/wp\/v2\/pages"}],"about":[{"href":"https:\/\/www.horyzont.net\/en\/wp-json\/wp\/v2\/types\/page"}],"author":[{"embeddable":true,"href":"https:\/\/www.horyzont.net\/en\/wp-json\/wp\/v2\/users\/6"}],"replies":[{"embeddable":true,"href":"https:\/\/www.horyzont.net\/en\/wp-json\/wp\/v2\/comments?post=2380"}],"version-history":[{"count":7,"href":"https:\/\/www.horyzont.net\/en\/wp-json\/wp\/v2\/pages\/2380\/revisions"}],"predecessor-version":[{"id":2437,"href":"https:\/\/www.horyzont.net\/en\/wp-json\/wp\/v2\/pages\/2380\/revisions\/2437"}],"wp:attachment":[{"href":"https:\/\/www.horyzont.net\/en\/wp-json\/wp\/v2\/media?parent=2380"}],"curies":[{"name":"wp","href":"https:\/\/api.w.org\/{rel}","templated":true}]}}