{"id":48,"date":"2012-10-29T14:01:55","date_gmt":"2012-10-29T13:01:55","guid":{"rendered":"http:\/\/directadmin.info.pl\/?page_id=48"},"modified":"2013-04-03T11:10:53","modified_gmt":"2013-04-03T09:10:53","slug":"strefy_numeracyjne_voip","status":"publish","type":"page","link":"https:\/\/www.horyzont.net\/en\/oferta\/telefonia-voip\/strefy_numeracyjne_voip\/","title":{"rendered":"Available numbering zones"},"content":{"rendered":"<p><\/p>\n<p>\nWe offer the following telephone numbers numbering zones:<\/p>\n<p>Bia\u0142ostocka 085<\/p>\n<p>Bia\u0142opodlaska 083<\/p>\n<p>Bielska 033<\/p>\n<p>Bydgoska 052<\/p>\n<p>Che\u0142mska 082<\/p>\n<p>Ciechanowska 023<\/p>\n<p>Cz\u0119stochowska 034<\/p>\n<p>Elbl\u0105ska 055<\/p>\n<p>Gda\u0144ska 058<\/p>\n<p>Gorzowska 095<\/p>\n<p>Jeleniog\u00f3rska 075<\/p>\n<p>Kaliska 062<\/p>\n<p>Katowicka 032<\/p>\n<p>Kielecka 041<\/p>\n<p>Koni\u0144ska 063<\/p>\n<p>Koszali\u0144ska 094<\/p>\n<p>Krakowska 012<\/p>\n<p>Kro\u015bnie\u0144ska\u00a0 013<\/p>\n<p>Legnicka 076<\/p>\n<p>Lubelska 081<\/p>\n<p>\u0141\u00f3dzka 042<\/p>\n<p>Nowos\u0105decka 018<\/p>\n<p>Olszty\u0144ska 089<\/p>\n<p>Opolska 077<\/p>\n<p>Ostro\u0142\u0119cka 029<\/p>\n<p>Pilska 067<\/p>\n<p>Piotrkowska 044<\/p>\n<p>P\u0142ocka 024<\/p>\n<p>Pozna\u0144ska 061<\/p>\n<p>Przemyska 016<\/p>\n<p>Radomska 048<\/p>\n<p>Rzeszowska 017<\/p>\n<p>Siedlecka 025<\/p>\n<p>Sieradzka 043<\/p>\n<p>Skierniewicka 046<\/p>\n<p>S\u0142upska 059<\/p>\n<p>Suwalska 087<\/p>\n<p>Szczeci\u0144ska 091<\/p>\n<p>Tarnobrzeska 015<\/p>\n<p>Tarnowska 015<\/p>\n<p>Toru\u0144ska 056<\/p>\n<p>Wa\u0142brzyska 074<\/p>\n<p>Warszawska 022<\/p>\n<p>W\u0142oc\u0142awska 054<\/p>\n<p>Wroc\u0142awska 071<\/p>\n<p>Zamojska 084<\/p>\n<p>Zielonog\u00f3rska 068<\/p>\n<p><a href=\"mailto:sales@horyzont.net?subject=Zapytanie%20w%20sprawie%20telefonii%20voip%20ze%20strony%20www.horyzont.net&#038;body=Tutaj%20wpisz%20tre%C5%9B%C4%87%20zapytania\">Zapytanie w sprawie telefonii VOIP<\/a><\/p>\n<p><\/p>","protected":false},"excerpt":{"rendered":"<p>We offer the following telephone numbers numbering zones: Bia\u0142ostocka 085 Bia\u0142opodlaska 083 Bielska 033 Bydgoska 052 Che\u0142mska 082 Ciechanowska 023 Cz\u0119stochowska 034 Elbl\u0105ska 055 Gda\u0144ska 058 Gorzowska 095 Jeleniog\u00f3rska 075 Kaliska 062 Katowicka 032 Kielecka 041 Koni\u0144ska 063 Koszali\u0144ska 094 Krakowska 012 Kro\u015bnie\u0144ska\u00a0 013 Legnicka 076 Lubelska 081 \u0141\u00f3dzka 042 Nowos\u0105decka 018 Olszty\u0144ska 089 Opolska&hellip; <a class=\"continue\" href=\"https:\/\/www.horyzont.net\/en\/oferta\/telefonia-voip\/strefy_numeracyjne_voip\/\">Wi\u0119cej<span> Available numbering zones<\/span><\/a><\/p>\n","protected":false},"author":6,"featured_media":0,"parent":39,"menu_order":0,"comment_status":"closed","ping_status":"closed","template":"","meta":{"footnotes":""},"class_list":["post-48","page","type-page","status-publish","hentry"],"aioseo_notices":[],"_links":{"self":[{"href":"https:\/\/www.horyzont.net\/en\/wp-json\/wp\/v2\/pages\/48","targetHints":{"allow":["GET"]}}],"collection":[{"href":"https:\/\/www.horyzont.net\/en\/wp-json\/wp\/v2\/pages"}],"about":[{"href":"https:\/\/www.horyzont.net\/en\/wp-json\/wp\/v2\/types\/page"}],"author":[{"embeddable":true,"href":"https:\/\/www.horyzont.net\/en\/wp-json\/wp\/v2\/users\/6"}],"replies":[{"embeddable":true,"href":"https:\/\/www.horyzont.net\/en\/wp-json\/wp\/v2\/comments?post=48"}],"version-history":[{"count":11,"href":"https:\/\/www.horyzont.net\/en\/wp-json\/wp\/v2\/pages\/48\/revisions"}],"predecessor-version":[{"id":1173,"href":"https:\/\/www.horyzont.net\/en\/wp-json\/wp\/v2\/pages\/48\/revisions\/1173"}],"up":[{"embeddable":true,"href":"https:\/\/www.horyzont.net\/en\/wp-json\/wp\/v2\/pages\/39"}],"wp:attachment":[{"href":"https:\/\/www.horyzont.net\/en\/wp-json\/wp\/v2\/media?parent=48"}],"curies":[{"name":"wp","href":"https:\/\/api.w.org\/{rel}","templated":true}]}}