{"id":125,"date":"2012-10-29T14:28:19","date_gmt":"2012-10-29T13:28:19","guid":{"rendered":"http:\/\/directadmin.info.pl\/?page_id=125"},"modified":"2017-10-23T10:22:28","modified_gmt":"2017-10-23T08:22:28","slug":"konfiguracja_poczty","status":"publish","type":"page","link":"https:\/\/www.horyzont.net\/ru\/pomoc\/konfiguracja_poczty\/","title":{"rendered":"\u041a\u043e\u043d\u0444\u0438\u0433\u0443\u0440\u0430\u0446\u0438\u044f \u043f\u043e\u0447\u0442\u044b"},"content":{"rendered":"<p><span lang=\"ru\"><span title=\"System poczty elektronicznej naszej firmy oferuje obs\u0142ug\u0119 nast\u0119puj\u0105cych protoko\u0142\u00f3w sieciowych: SMTP (z szyfrowaniem transmisji STARTTLS), POP3 (z szyfrowaniem STARTTLS), IMAP (r\u00f3wnie\u017c w wersji ze STARTTLS).Adres serwera pocztowego dla wszystkich protoko\u0142\u00f3w to:\">\u041d\u0430\u0448\u0430 \u043f\u043e\u0447\u0442\u043e\u0432\u0430\u044f \u0441\u0438\u0441\u0442\u0435\u043c\u0430 \u043f\u043e\u0434\u0434\u0435\u0440\u0436\u0438\u0432\u0430\u0435\u0442 \u0441\u043b\u0435\u0434\u0443\u044e\u0449\u0438\u0435 \u0441\u0435\u0442\u0435\u0432\u044b\u0435 \u043f\u0440\u043e\u0442\u043e\u043a\u043e\u043b\u044b: SMTP (\u0441 \u0448\u0438\u0444\u0440\u043e\u0432\u0430\u043d\u0438\u0435\u043c STARTTLS), POP3 (\u0441 \u0438\u0441\u043f\u043e\u043b\u044c\u0437\u043e\u0432\u0430\u043d\u0438\u0435\u043c \u0448\u0438\u0444\u0440\u043e\u0432\u0430\u043d\u0438\u044f STARTTLS), IMAP (\u0442\u0430\u043a\u0436\u0435 \u0441 STARTTLS). \u0410\u0434\u0440\u0435\u0441\u0430 \u043f\u043e\u0447\u0442\u043e\u0432\u044b\u0445 \u0441\u0435\u0440\u0432\u0435\u0440\u043e\u0432 \u0434\u043b\u044f \u0432\u0441\u0435\u0445 \u043f\u0440\u043e\u0442\u043e\u043a\u043e\u043b\u043e\u0432:<\/span><\/span><\/p>\n<p><span style=\"color: #339966;\"><strong>poczta.hti.pl<\/strong><\/span><\/p>\n<p><span title=\"Wa\u017cne!\">\u0412\u0430\u0436\u043d\u043e!<br \/>\n<\/span><span title=\"Nazwa konta pocztowego jest identyczna z pe\u0142nym adresem e-mail.\">\u0418\u043c\u044f \u0443\u0447\u0435\u0442\u043d\u043e\u0439 \u0437\u0430\u043f\u0438\u0441\u0438 \u044d\u043b\u0435\u043a\u0442\u0440\u043e\u043d\u043d\u043e\u0439 \u043f\u043e\u0447\u0442\u044b \u0441\u043e\u0432\u043f\u0430\u0434\u0430\u0435\u0442 \u0441 \u043f\u043e\u043b\u043d\u044b\u043c \u0430\u0434\u0440\u0435\u0441\u043e\u043c \u044d\u043b\u0435\u043a\u0442\u0440\u043e\u043d\u043d\u043e\u0439 \u043f\u043e\u0447\u0442\u044b. <\/span><span title=\"Tak wi\u0119c konfiguruj\u0105c konto pocztowe w programie do obs\u0142ugi poczty nale\u017cy przy podawaniu nazwy konta wpisa\u0107 pe\u0142ny adres email.\">\u041f\u043e\u044d\u0442\u043e\u043c\u0443, \u043a\u043e\u0433\u0434\u0430 \u0432\u044b \u043d\u0430\u0441\u0442\u0440\u0430\u0438\u0432\u0430\u0435\u0442\u0435 \u0441\u0432\u043e\u044e \u0443\u0447\u0435\u0442\u043d\u0443\u044e \u0437\u0430\u043f\u0438\u0441\u044c \u044d\u043b\u0435\u043a\u0442\u0440\u043e\u043d\u043d\u043e\u0439 \u043f\u043e\u0447\u0442\u044b \u0432 \u0441\u0432\u043e\u0435\u0439 \u043f\u043e\u0447\u0442\u043e\u0432\u043e\u0439 \u043f\u0440\u043e\u0433\u0440\u0430\u043c\u043c\u0435, \u0432\u0432\u0435\u0434\u0438\u0442\u0435 \u0441\u0432\u043e\u0439 \u043f\u043e\u043b\u043d\u044b\u0439 \u0430\u0434\u0440\u0435\u0441 \u044d\u043b\u0435\u043a\u0442\u0440\u043e\u043d\u043d\u043e\u0439 \u043f\u043e\u0447\u0442\u044b \u043f\u0440\u0438 \u0432\u0432\u043e\u0434\u0435 \u0438\u043c\u0435\u043d\u0438 \u0441\u0432\u043e\u0435\u0439 \u0443\u0447\u0435\u0442\u043d\u043e\u0439 \u0437\u0430\u043f\u0438\u0441\u0438.<br \/>\n<\/span><span title=\"Na kolejnych stronach przedstawiamy krok po kroku instrukcje rekonfiguracji najpopularniejszych program\u00f3w do obs\u0142ugi poczty elektronicznej z szyfrowaniem.\">\u041d\u0430 \u0441\u043b\u0435\u0434\u0443\u044e\u0449\u0438\u0445 \u0441\u0442\u0440\u0430\u043d\u0438\u0446\u0430\u0445 \u043f\u0440\u0435\u0434\u0441\u0442\u0430\u0432\u043b\u0435\u043d\u044b \u043f\u043e\u0448\u0430\u0433\u043e\u0432\u044b\u0435 \u0438\u043d\u0441\u0442\u0440\u0443\u043a\u0446\u0438\u0438 \u043f\u043e \u043f\u0435\u0440\u0435\u043d\u0430\u0441\u0442\u0440\u043e\u0439\u043a\u0435 \u043d\u0430\u0438\u0431\u043e\u043b\u0435\u0435 \u043f\u043e\u043f\u0443\u043b\u044f\u0440\u043d\u044b\u0445 \u043f\u0440\u043e\u0433\u0440\u0430\u043c\u043c \u044d\u043b\u0435\u043a\u0442\u0440\u043e\u043d\u043d\u043e\u0439 \u043f\u043e\u0447\u0442\u044b \u0441 \u0448\u0438\u0444\u0440\u043e\u0432\u0430\u043d\u0438\u0435\u043c.<\/span><\/p>\n<p><a href=\"https:\/\/www.horyzont.net\/pomoc\/konfiguracja_poczty\/android-pop3smtp\/\">&#8212; <\/a><a href=\"https:\/\/www.horyzont.net\/pomoc\/konfiguracja_poczty\/microsoft-outlook-2003-imapsmtp\/\">Microsoft Outlook 2003 IMAP + SMTP<\/a><a href=\"https:\/\/www.horyzont.net\/pomoc\/konfiguracja_poczty\/android-pop3smtp\/\"><br \/>\n&#8212; <\/a><a href=\"https:\/\/www.horyzont.net\/pomoc\/konfiguracja_poczty\/microsoft-outlook-2003-pop3smtp\/\">Microsoft Outlook 2003 POP3 + SMTP<\/a><a href=\"https:\/\/www.horyzont.net\/pomoc\/konfiguracja_poczty\/android-pop3smtp\/\"><br \/>\n&#8212; <\/a><a href=\"https:\/\/www.horyzont.net\/pomoc\/konfiguracja_poczty\/microsoft-outlook-2007-imapsmtp\/\">Microsoft Outlook 2007 IMAP + SMTP<\/a><a href=\"https:\/\/www.horyzont.net\/pomoc\/konfiguracja_poczty\/android-pop3smtp\/\"><br \/>\n&#8212; <\/a><a href=\"https:\/\/www.horyzont.net\/pomoc\/konfiguracja_poczty\/microsoft-outlook-2007-pop3smtp\/\">Microsoft Outlook 2007 POP3 + SMTP<\/a><a href=\"https:\/\/www.horyzont.net\/pomoc\/konfiguracja_poczty\/android-pop3smtp\/\"><br \/>\n&#8212; <\/a><a href=\"https:\/\/www.horyzont.net\/pomoc\/konfiguracja_poczty\/microsoft-outlook-201020132016-imapsmtp\/\">Microsoft Outlook 2010,2013,2016 IMAP + SMTP<\/a><a href=\"https:\/\/www.horyzont.net\/pomoc\/konfiguracja_poczty\/android-pop3smtp\/\"><br \/>\n&#8212; <\/a><a href=\"https:\/\/www.horyzont.net\/pomoc\/konfiguracja_poczty\/microsoft-outlook-201020132016-pop3smtp\/\">Microsoft Outlook 2010,2013,2016 POP3 + SMTP<\/a><a href=\"https:\/\/www.horyzont.net\/pomoc\/konfiguracja_poczty\/android-pop3smtp\/\"><br \/>\n&#8212; <\/a><a href=\"https:\/\/www.horyzont.net\/pomoc\/konfiguracja_poczty\/windows-live-mail-imapsmtp\/\">Windows Live Mail IMAP + SMTP<\/a><a href=\"https:\/\/www.horyzont.net\/pomoc\/konfiguracja_poczty\/android-pop3smtp\/\"><br \/>\n&#8212; <\/a><a href=\"https:\/\/www.horyzont.net\/pomoc\/konfiguracja_poczty\/windows-live-mail-pop3smtp\/\">Windows Live Mail POP3 + SMTP<\/a><a href=\"https:\/\/www.horyzont.net\/pomoc\/konfiguracja_poczty\/android-pop3smtp\/\"><br \/>\n&#8212; <\/a><a href=\"https:\/\/www.horyzont.net\/pomoc\/konfiguracja_poczty\/mozilla-thunderbird-imapsmtp\/\">Mozilla Thunderbird IMAP + SMTP<\/a><a href=\"https:\/\/www.horyzont.net\/pomoc\/konfiguracja_poczty\/android-pop3smtp\/\"><br \/>\n&#8212; <\/a><a href=\"https:\/\/www.horyzont.net\/pomoc\/konfiguracja_poczty\/mozilla-thunderbird-pop3smtp\/\">Mozilla Thunderbird POP3 + SMTP<\/a><a href=\"https:\/\/www.horyzont.net\/pomoc\/konfiguracja_poczty\/android-pop3smtp\/\"><br \/>\n&#8212; <\/a><a href=\"https:\/\/www.horyzont.net\/pomoc\/konfiguracja_poczty\/mail-macos-imapsmtp\/\">Mail (MacOS) IMAP + SMTP<\/a><a href=\"https:\/\/www.horyzont.net\/pomoc\/konfiguracja_poczty\/android-pop3smtp\/\"><br \/>\n&#8212; <\/a><a href=\"https:\/\/www.horyzont.net\/pomoc\/konfiguracja_poczty\/mail-macos-pop3smtp\/\">Mail (MacOS) POP3 + SMTP<\/a><a href=\"https:\/\/www.horyzont.net\/pomoc\/konfiguracja_poczty\/android-pop3smtp\/\"><br \/>\n&#8212; <\/a><a href=\"https:\/\/www.horyzont.net\/pomoc\/konfiguracja_poczty\/outlook-2016-for-macos-imap-smtp\/\">Outlook 2016 for MacOS IMAP + SMTP<\/a><a href=\"https:\/\/www.horyzont.net\/pomoc\/konfiguracja_poczty\/android-pop3smtp\/\"><br \/>\n&#8212; <\/a><a href=\"https:\/\/www.horyzont.net\/pomoc\/konfiguracja_poczty\/outlook-2016-for-macos-pop3-smtp\/\">Outlook 2016 for MacOS POP3 + SMTP<\/a><a href=\"https:\/\/www.horyzont.net\/pomoc\/konfiguracja_poczty\/android-pop3smtp\/\"><br \/>\n&#8212; <\/a><a href=\"https:\/\/www.horyzont.net\/pomoc\/konfiguracja_poczty\/mail-iphone-imapsmtp\/\">Mail (iPhone) IMAP + SMTP<\/a><a href=\"https:\/\/www.horyzont.net\/pomoc\/konfiguracja_poczty\/android-pop3smtp\/\"><br \/>\n&#8212; <\/a><a href=\"https:\/\/www.horyzont.net\/pomoc\/konfiguracja_poczty\/mail-iphone-pop3smtp\/\">Mail (iPhone) POP3 + SMTP<\/a><a href=\"https:\/\/www.horyzont.net\/pomoc\/konfiguracja_poczty\/android-pop3smtp\/\"><br \/>\n&#8212; <\/a><a href=\"https:\/\/www.horyzont.net\/pomoc\/konfiguracja_poczty\/android-pop3smtp\/\">Android IMAP + SMTP<\/a><a href=\"https:\/\/www.horyzont.net\/pomoc\/konfiguracja_poczty\/android-pop3smtp\/\"><br \/>\n&#8212; <\/a><a href=\"https:\/\/www.horyzont.net\/pomoc\/konfiguracja_poczty\/android-pop3smtp\/\">Android POP3 + SMTP<\/a><a href=\"https:\/\/www.horyzont.net\/pomoc\/konfiguracja_poczty\/android-pop3smtp\/\"><\/a><\/p>","protected":false},"excerpt":{"rendered":"<p>\u041d\u0430\u0448\u0430 \u043f\u043e\u0447\u0442\u043e\u0432\u0430\u044f \u0441\u0438\u0441\u0442\u0435\u043c\u0430 \u043f\u043e\u0434\u0434\u0435\u0440\u0436\u0438\u0432\u0430\u0435\u0442 \u0441\u043b\u0435\u0434\u0443\u044e\u0449\u0438\u0435 \u0441\u0435\u0442\u0435\u0432\u044b\u0435 \u043f\u0440\u043e\u0442\u043e\u043a\u043e\u043b\u044b: SMTP (\u0441 \u0448\u0438\u0444\u0440\u043e\u0432\u0430\u043d\u0438\u0435\u043c STARTTLS), POP3 (\u0441 \u0438\u0441\u043f\u043e\u043b\u044c\u0437\u043e\u0432\u0430\u043d\u0438\u0435\u043c \u0448\u0438\u0444\u0440\u043e\u0432\u0430\u043d\u0438\u044f STARTTLS), IMAP (\u0442\u0430\u043a\u0436\u0435 \u0441 STARTTLS). \u0410\u0434\u0440\u0435\u0441\u0430 \u043f\u043e\u0447\u0442\u043e\u0432\u044b\u0445 \u0441\u0435\u0440\u0432\u0435\u0440\u043e\u0432 \u0434\u043b\u044f \u0432\u0441\u0435\u0445 \u043f\u0440\u043e\u0442\u043e\u043a\u043e\u043b\u043e\u0432: poczta.hti.pl \u0412\u0430\u0436\u043d\u043e! \u0418\u043c\u044f \u0443\u0447\u0435\u0442\u043d\u043e\u0439 \u0437\u0430\u043f\u0438\u0441\u0438 \u044d\u043b\u0435\u043a\u0442\u0440\u043e\u043d\u043d\u043e\u0439 \u043f\u043e\u0447\u0442\u044b \u0441\u043e\u0432\u043f\u0430\u0434\u0430\u0435\u0442 \u0441 \u043f\u043e\u043b\u043d\u044b\u043c \u0430\u0434\u0440\u0435\u0441\u043e\u043c \u044d\u043b\u0435\u043a\u0442\u0440\u043e\u043d\u043d\u043e\u0439 \u043f\u043e\u0447\u0442\u044b. \u041f\u043e\u044d\u0442\u043e\u043c\u0443, \u043a\u043e\u0433\u0434\u0430 \u0432\u044b \u043d\u0430\u0441\u0442\u0440\u0430\u0438\u0432\u0430\u0435\u0442\u0435 \u0441\u0432\u043e\u044e \u0443\u0447\u0435\u0442\u043d\u0443\u044e \u0437\u0430\u043f\u0438\u0441\u044c \u044d\u043b\u0435\u043a\u0442\u0440\u043e\u043d\u043d\u043e\u0439 \u043f\u043e\u0447\u0442\u044b \u0432 \u0441\u0432\u043e\u0435\u0439 \u043f\u043e\u0447\u0442\u043e\u0432\u043e\u0439 \u043f\u0440\u043e\u0433\u0440\u0430\u043c\u043c\u0435, \u0432\u0432\u0435\u0434\u0438\u0442\u0435 \u0441\u0432\u043e\u0439 \u043f\u043e\u043b\u043d\u044b\u0439&hellip; <a class=\"continue\" href=\"https:\/\/www.horyzont.net\/ru\/pomoc\/konfiguracja_poczty\/\">Wi\u0119cej<span> \u041a\u043e\u043d\u0444\u0438\u0433\u0443\u0440\u0430\u0446\u0438\u044f \u043f\u043e\u0447\u0442\u044b<\/span><\/a><\/p>\n","protected":false},"author":6,"featured_media":0,"parent":367,"menu_order":0,"comment_status":"closed","ping_status":"closed","template":"","meta":{"footnotes":""},"class_list":["post-125","page","type-page","status-publish","hentry"],"aioseo_notices":[],"_links":{"self":[{"href":"https:\/\/www.horyzont.net\/ru\/wp-json\/wp\/v2\/pages\/125","targetHints":{"allow":["GET"]}}],"collection":[{"href":"https:\/\/www.horyzont.net\/ru\/wp-json\/wp\/v2\/pages"}],"about":[{"href":"https:\/\/www.horyzont.net\/ru\/wp-json\/wp\/v2\/types\/page"}],"author":[{"embeddable":true,"href":"https:\/\/www.horyzont.net\/ru\/wp-json\/wp\/v2\/users\/6"}],"replies":[{"embeddable":true,"href":"https:\/\/www.horyzont.net\/ru\/wp-json\/wp\/v2\/comments?post=125"}],"version-history":[{"count":55,"href":"https:\/\/www.horyzont.net\/ru\/wp-json\/wp\/v2\/pages\/125\/revisions"}],"predecessor-version":[{"id":2132,"href":"https:\/\/www.horyzont.net\/ru\/wp-json\/wp\/v2\/pages\/125\/revisions\/2132"}],"up":[{"embeddable":true,"href":"https:\/\/www.horyzont.net\/ru\/wp-json\/wp\/v2\/pages\/367"}],"wp:attachment":[{"href":"https:\/\/www.horyzont.net\/ru\/wp-json\/wp\/v2\/media?parent=125"}],"curies":[{"name":"wp","href":"https:\/\/api.w.org\/{rel}","templated":true}]}}