{"id":136,"date":"2012-10-29T14:34:42","date_gmt":"2012-10-29T13:34:42","guid":{"rendered":"http:\/\/directadmin.info.pl\/?page_id=136"},"modified":"2017-02-14T13:51:36","modified_gmt":"2017-02-14T12:51:36","slug":"diagnostyka_sieci","status":"publish","type":"page","link":"https:\/\/www.horyzont.net\/ru\/pomoc\/diagnostyka_sieci\/","title":{"rendered":"\u0414\u0438\u0430\u0433\u043d\u043e\u0441\u0442\u0438\u043a\u0430 \u0441\u0435\u0442\u0438"},"content":{"rendered":"<p><\/p>\n<p>\u041d\u0438\u0436\u0435 \u043f\u0440\u0438\u0432\u0435\u0434\u0435\u043d \u0434\u0438\u0430\u0433\u043d\u043e\u0441\u0442\u0438\u0447\u0435\u0441\u043a\u0438\u0439 \u0438\u043d\u0441\u0442\u0440\u0443\u043c\u0435\u043d\u0442 \u0434\u043b\u044f IP-\u0441\u0435\u0442\u0435\u0439, \u043a\u043e\u0442\u043e\u0440\u044b\u0435 \u0434\u043e\u0441\u0442\u0443\u043f\u043d\u044b \u043d\u0430 \u043d\u0430\u0448\u0435\u043c \u0441\u0435\u0440\u0432\u0435\u0440\u0435:<\/p>\n<p>&#8212; <a title=\"Speedtest\" href=\"http:\/\/speedtest.horyzont.net\" target=\"_blank\">Speed Test<\/a><\/p>\n<p>&#8212; <a href=\"http:\/\/lg.hti.pl\" target=\"_blank\">Looking Glass<\/a><\/p>\n<div class=\"w100p b1px p5px ac\">\n<h3>\u0141\u0105czysz si\u0119 z adresu IP: 216.73.216.142<\/h3>\n<\/div>\n<p><\/p>","protected":false},"excerpt":{"rendered":"<p>\u041d\u0438\u0436\u0435 \u043f\u0440\u0438\u0432\u0435\u0434\u0435\u043d \u0434\u0438\u0430\u0433\u043d\u043e\u0441\u0442\u0438\u0447\u0435\u0441\u043a\u0438\u0439 \u0438\u043d\u0441\u0442\u0440\u0443\u043c\u0435\u043d\u0442 \u0434\u043b\u044f IP-\u0441\u0435\u0442\u0435\u0439, \u043a\u043e\u0442\u043e\u0440\u044b\u0435 \u0434\u043e\u0441\u0442\u0443\u043f\u043d\u044b \u043d\u0430 \u043d\u0430\u0448\u0435\u043c \u0441\u0435\u0440\u0432\u0435\u0440\u0435: &#8212; Speed Test &#8212; Looking Glass \u0141\u0105czysz si\u0119 z adresu IP:<\/p>\n","protected":false},"author":6,"featured_media":0,"parent":367,"menu_order":0,"comment_status":"closed","ping_status":"closed","template":"","meta":{"footnotes":""},"class_list":["post-136","page","type-page","status-publish","hentry"],"aioseo_notices":[],"_links":{"self":[{"href":"https:\/\/www.horyzont.net\/ru\/wp-json\/wp\/v2\/pages\/136","targetHints":{"allow":["GET"]}}],"collection":[{"href":"https:\/\/www.horyzont.net\/ru\/wp-json\/wp\/v2\/pages"}],"about":[{"href":"https:\/\/www.horyzont.net\/ru\/wp-json\/wp\/v2\/types\/page"}],"author":[{"embeddable":true,"href":"https:\/\/www.horyzont.net\/ru\/wp-json\/wp\/v2\/users\/6"}],"replies":[{"embeddable":true,"href":"https:\/\/www.horyzont.net\/ru\/wp-json\/wp\/v2\/comments?post=136"}],"version-history":[{"count":23,"href":"https:\/\/www.horyzont.net\/ru\/wp-json\/wp\/v2\/pages\/136\/revisions"}],"predecessor-version":[{"id":1845,"href":"https:\/\/www.horyzont.net\/ru\/wp-json\/wp\/v2\/pages\/136\/revisions\/1845"}],"up":[{"embeddable":true,"href":"https:\/\/www.horyzont.net\/ru\/wp-json\/wp\/v2\/pages\/367"}],"wp:attachment":[{"href":"https:\/\/www.horyzont.net\/ru\/wp-json\/wp\/v2\/media?parent=136"}],"curies":[{"name":"wp","href":"https:\/\/api.w.org\/{rel}","templated":true}]}}