{"id":153,"date":"2012-10-29T14:37:31","date_gmt":"2012-10-29T13:37:31","guid":{"rendered":"http:\/\/directadmin.info.pl\/?page_id=153"},"modified":"2014-07-16T23:38:56","modified_gmt":"2014-07-16T21:38:56","slug":"pro_publico_bono","status":"publish","type":"page","link":"https:\/\/www.horyzont.net\/ru\/o_firmie\/pro_publico_bono\/","title":{"rendered":"\u0411\u043b\u0430\u0433\u043e\u0442\u0432\u043e\u0440\u0438\u0442\u0435\u043b\u044c\u043d\u0430\u044f \u0434\u0435\u044f\u0442\u0435\u043b\u044c\u043d\u043e\u0441\u0442\u044c"},"content":{"rendered":"<p>\u0424\u0438\u0440\u043c\u0430 Horyzont Technologie Internetowe \u043e\u043a\u0430\u0437\u044b\u0432\u0430\u0435\u0442 \u043f\u043e\u0434\u0434\u0435\u0440\u0436\u043a\u0443 \u0434\u0435\u044f\u0442\u0435\u043b\u044c\u043d\u043e\u0441\u0442\u0438 \u043d\u0435\u043a\u043e\u043c\u043c\u0435\u0440\u0447\u0435\u0441\u043a\u0438\u0445 \u043e\u0440\u0433\u0430\u043d\u0438\u0437\u0430\u0446\u0438\u0439, \u043e\u0431\u0441\u043b\u0443\u0436\u0438\u0432\u0430\u044f \u0432\u0435\u0431-\u0441\u0430\u0439\u0442\u044b \u0447\u0430\u0441\u0442\u043d\u044b\u0445 \u043b\u0438\u0446 \u0438 \u043e\u0440\u0433\u0430\u043d\u0438\u0437\u0430\u0446\u0438\u0439, \u0434\u0435\u044f\u0442\u0435\u043b\u044c\u043d\u043e\u0441\u0442\u044c \u043a\u043e\u0442\u043e\u0440\u044b\u0445 \u043d\u0435 \u043d\u043e\u0441\u0438\u0442 \u043a\u043e\u043c\u043c\u0435\u0440\u0447\u0435\u0441\u043a\u0438\u0439 \u0445\u0430\u0440\u0430\u043a\u0442\u0435\u0440:<\/p>\n<p><span style=\"color: #666699;\"><em><strong><a href=\"http:\/\/www.jezyce.poznan.pl\/\" target=\"_blank\"><span style=\"color: #666699;\">Rada Osiedla Pozna\u0144 Je\u017cyce.<\/span><\/a><\/strong><\/em><\/span><\/p>\n<p><span style=\"color: #666699;\"><em><strong><a href=\"http:\/\/www.stacjamuranow.art.pl\" target=\"_blank\"><span style=\"color: #666699;\">Stacja Muran\u00f3w &#8212; serwis po\u015bwi\u0119cony architekturze i historii warszawskiej dzielnicy Muran\u00f3w<\/span><\/a><\/strong><\/em><\/span><\/p>\n<p><span style=\"color: #666699;\"><em><strong><a title=\"Flaga RP w obiektywie\" href=\"http:\/\/www.flagarp.pl\" target=\"_blank\"><span style=\"color: #666699;\">Strona Konkursu Fotograficznego &#187; Flaga Rzeczypospolitej Polskiej w obiektywie&#187;<\/span><\/a><\/strong><\/em><\/span><\/p>\n<p><a href=\"http:\/\/www.tzmpolska.org\/\" target=\"_blank\"><span style=\"color: #666699;\"><em><strong><span style=\"color: #666699;\">Zeitgeist Movement Polska<\/span><\/strong><\/em><\/span><\/a><\/p>\n<p><a href=\"http:\/\/www.panorama.poznan.pl\" target=\"_blank\"><span style=\"color: #666699;\"><span style=\"color: #666699;\"><em><strong>Internetowa Panorama Poznania<\/strong><\/em><\/span><\/span><\/a><\/p>\n<p>\u0424\u0438\u0437\u0438\u0447\u0435\u0441\u043a\u0438\u0435 \u043b\u0438\u0446\u0430 \u0438\u043b\u0438 \u043e\u0440\u0433\u0430\u043d\u0438\u0437\u0430\u0446\u0438\u0438, \u0437\u0430\u0438\u043d\u0442\u0435\u0440\u0435\u0441\u043e\u0432\u0430\u043d\u043d\u044b\u0435 \u0432 \u043d\u0430\u0448\u0435\u043c \u043f\u0440\u0435\u0434\u043b\u043e\u0436\u0435\u043d\u0438\u0438 \u043f\u043e\u043c\u043e\u0449\u0438 \u0432 \u043d\u0435\u043a\u043e\u043c\u043c\u0435\u0440\u0447\u0435\u0441\u043a\u043e\u0439\u00a0 \u0434\u0435\u044f\u0442\u0435\u043b\u044c\u043d\u043e\u0441\u0442\u0438 \u043f\u043e \u0418\u043d\u0442\u0435\u0440\u043d\u0435\u0442-\u0443\u0441\u043b\u0443\u0433\u0430\u043c, \u043f\u043e\u0436\u0430\u043b\u0443\u0439\u0441\u0442\u0430 \u043e\u0431\u0440\u0430\u0449\u0430\u0439\u0442\u0435\u0441\u044c \u0432 \u043d\u0430\u0448 \u043e\u0444\u0438\u0441.<\/p>","protected":false},"excerpt":{"rendered":"<p>\u0424\u0438\u0440\u043c\u0430 Horyzont Technologie Internetowe \u043e\u043a\u0430\u0437\u044b\u0432\u0430\u0435\u0442 \u043f\u043e\u0434\u0434\u0435\u0440\u0436\u043a\u0443 \u0434\u0435\u044f\u0442\u0435\u043b\u044c\u043d\u043e\u0441\u0442\u0438 \u043d\u0435\u043a\u043e\u043c\u043c\u0435\u0440\u0447\u0435\u0441\u043a\u0438\u0445 \u043e\u0440\u0433\u0430\u043d\u0438\u0437\u0430\u0446\u0438\u0439, \u043e\u0431\u0441\u043b\u0443\u0436\u0438\u0432\u0430\u044f \u0432\u0435\u0431-\u0441\u0430\u0439\u0442\u044b \u0447\u0430\u0441\u0442\u043d\u044b\u0445 \u043b\u0438\u0446 \u0438 \u043e\u0440\u0433\u0430\u043d\u0438\u0437\u0430\u0446\u0438\u0439, \u0434\u0435\u044f\u0442\u0435\u043b\u044c\u043d\u043e\u0441\u0442\u044c \u043a\u043e\u0442\u043e\u0440\u044b\u0445 \u043d\u0435 \u043d\u043e\u0441\u0438\u0442 \u043a\u043e\u043c\u043c\u0435\u0440\u0447\u0435\u0441\u043a\u0438\u0439 \u0445\u0430\u0440\u0430\u043a\u0442\u0435\u0440: Rada Osiedla Pozna\u0144 Je\u017cyce. Stacja Muran\u00f3w &#8212; serwis po\u015bwi\u0119cony architekturze i historii warszawskiej dzielnicy Muran\u00f3w Strona Konkursu Fotograficznego &#187; Flaga Rzeczypospolitej Polskiej w obiektywie&#187; Zeitgeist Movement Polska Internetowa Panorama Poznania \u0424\u0438\u0437\u0438\u0447\u0435\u0441\u043a\u0438\u0435 \u043b\u0438\u0446\u0430 \u0438\u043b\u0438 \u043e\u0440\u0433\u0430\u043d\u0438\u0437\u0430\u0446\u0438\u0438,&hellip; <a class=\"continue\" href=\"https:\/\/www.horyzont.net\/ru\/o_firmie\/pro_publico_bono\/\">Wi\u0119cej<span> \u0411\u043b\u0430\u0433\u043e\u0442\u0432\u043e\u0440\u0438\u0442\u0435\u043b\u044c\u043d\u0430\u044f \u0434\u0435\u044f\u0442\u0435\u043b\u044c\u043d\u043e\u0441\u0442\u044c<\/span><\/a><\/p>\n","protected":false},"author":6,"featured_media":0,"parent":261,"menu_order":0,"comment_status":"closed","ping_status":"closed","template":"","meta":{"footnotes":""},"class_list":["post-153","page","type-page","status-publish","hentry"],"aioseo_notices":[],"_links":{"self":[{"href":"https:\/\/www.horyzont.net\/ru\/wp-json\/wp\/v2\/pages\/153","targetHints":{"allow":["GET"]}}],"collection":[{"href":"https:\/\/www.horyzont.net\/ru\/wp-json\/wp\/v2\/pages"}],"about":[{"href":"https:\/\/www.horyzont.net\/ru\/wp-json\/wp\/v2\/types\/page"}],"author":[{"embeddable":true,"href":"https:\/\/www.horyzont.net\/ru\/wp-json\/wp\/v2\/users\/6"}],"replies":[{"embeddable":true,"href":"https:\/\/www.horyzont.net\/ru\/wp-json\/wp\/v2\/comments?post=153"}],"version-history":[{"count":37,"href":"https:\/\/www.horyzont.net\/ru\/wp-json\/wp\/v2\/pages\/153\/revisions"}],"predecessor-version":[{"id":1492,"href":"https:\/\/www.horyzont.net\/ru\/wp-json\/wp\/v2\/pages\/153\/revisions\/1492"}],"up":[{"embeddable":true,"href":"https:\/\/www.horyzont.net\/ru\/wp-json\/wp\/v2\/pages\/261"}],"wp:attachment":[{"href":"https:\/\/www.horyzont.net\/ru\/wp-json\/wp\/v2\/media?parent=153"}],"curies":[{"name":"wp","href":"https:\/\/api.w.org\/{rel}","templated":true}]}}