{"id":2245,"date":"2022-12-29T10:53:28","date_gmt":"2022-12-29T09:53:28","guid":{"rendered":"https:\/\/www.horyzont.net\/?page_id=2245"},"modified":"2022-12-29T13:40:08","modified_gmt":"2022-12-29T12:40:08","slug":"cennik","status":"publish","type":"page","link":"https:\/\/www.horyzont.net\/ru\/cennik\/","title":{"rendered":"\u0426\u0435\u043d\u043d\u0438\u043a \u0443\u0441\u043b\u0443\u0433"},"content":{"rendered":"\n<p>Oferty cenowe s\u0105 przygotowywane indywidualnie w zale\u017cno\u015bci od potrzeb klienta. W celu uzyskania oferty prosimy o kontakt z naszym Dzia\u0142em Handlowym poprzez kontakt e-mail: <a href=\"mailto:dh@horyzont.net\">dh@horyzont.net<\/a>, kontakt telefoniczny tel: +48 61 8582255&nbsp; lub formularz na stronie internetowej: <a href=\"https:\/\/www.horyzont.net\/kontakt\/adresy_i_telefony\/\">https:\/\/www.horyzont.net\/kontakt\/adresy_i_telefony\/<\/a> zak\u0142adka \u201ePytania do Dzia\u0142u Handlowego\u201d.<br><br>W zapytaniu o ofert\u0119 prosimy poda\u0107 wymagane parametry \u0142\u0105cza takie jak przepustowo\u015b\u0107 \u0142\u0105cza w obu kierunkach, ilo\u015b\u0107 publicznych adres\u00f3w IP oraz dok\u0142adn\u0105 lokalizacj\u0119 odbioru us\u0142ugi.<br><br>Zakres \u015bwiadczonych us\u0142ug:<br>&#8212; \u015awiat\u0142owodowy Internet symetryczny i nie symetryczny<br>&#8212; Telefonia VOIP<br>&#8212; Transmisja danych<br>&#8212; Kolokacja<br>&#8212; Dzier\u017cawa Ciemnych W\u0142\u00f3kien<br>&#8212; Dzier\u017cawa Wirtualnych Serwer\u00f3w<br>&#8212; Us\u0142ugi Sponsora LIR<br>&#8212; Dost\u0119p do Punktu Wymiany Ruchu POZIX<\/p>\n","protected":false},"excerpt":{"rendered":"<p>Oferty cenowe s\u0105 przygotowywane indywidualnie w zale\u017cno\u015bci od potrzeb klienta. W celu uzyskania oferty prosimy o kontakt z naszym Dzia\u0142em Handlowym poprzez kontakt e-mail: dh@horyzont.net, kontakt telefoniczny tel: +48 61 8582255&nbsp; lub formularz na stronie internetowej: https:\/\/www.horyzont.net\/kontakt\/adresy_i_telefony\/ zak\u0142adka \u201ePytania do Dzia\u0142u Handlowego\u201d. W zapytaniu o ofert\u0119 prosimy poda\u0107 wymagane parametry \u0142\u0105cza takie jak przepustowo\u015b\u0107 \u0142\u0105cza&hellip; <a class=\"continue\" href=\"https:\/\/www.horyzont.net\/ru\/cennik\/\">Wi\u0119cej<span> \u0426\u0435\u043d\u043d\u0438\u043a \u0443\u0441\u043b\u0443\u0433<\/span><\/a><\/p>\n","protected":false},"author":6,"featured_media":0,"parent":0,"menu_order":0,"comment_status":"closed","ping_status":"closed","template":"","meta":{"footnotes":""},"class_list":["post-2245","page","type-page","status-publish","hentry"],"aioseo_notices":[],"_links":{"self":[{"href":"https:\/\/www.horyzont.net\/ru\/wp-json\/wp\/v2\/pages\/2245","targetHints":{"allow":["GET"]}}],"collection":[{"href":"https:\/\/www.horyzont.net\/ru\/wp-json\/wp\/v2\/pages"}],"about":[{"href":"https:\/\/www.horyzont.net\/ru\/wp-json\/wp\/v2\/types\/page"}],"author":[{"embeddable":true,"href":"https:\/\/www.horyzont.net\/ru\/wp-json\/wp\/v2\/users\/6"}],"replies":[{"embeddable":true,"href":"https:\/\/www.horyzont.net\/ru\/wp-json\/wp\/v2\/comments?post=2245"}],"version-history":[{"count":2,"href":"https:\/\/www.horyzont.net\/ru\/wp-json\/wp\/v2\/pages\/2245\/revisions"}],"predecessor-version":[{"id":2252,"href":"https:\/\/www.horyzont.net\/ru\/wp-json\/wp\/v2\/pages\/2245\/revisions\/2252"}],"wp:attachment":[{"href":"https:\/\/www.horyzont.net\/ru\/wp-json\/wp\/v2\/media?parent=2245"}],"curies":[{"name":"wp","href":"https:\/\/api.w.org\/{rel}","templated":true}]}}