{"id":2334,"date":"2024-10-10T16:04:47","date_gmt":"2024-10-10T14:04:47","guid":{"rendered":"https:\/\/www.horyzont.net\/?page_id=2334"},"modified":"2024-10-10T21:31:26","modified_gmt":"2024-10-10T19:31:26","slug":"prawo-komunikacji-elektronicznej-z-dnia-12-lipca-2024-r-zmiana-przepisow-dostosowujacych-umowy-o-swiadczenie-uslug","status":"publish","type":"page","link":"https:\/\/www.horyzont.net\/ru\/prawo-komunikacji-elektronicznej-z-dnia-12-lipca-2024-r-zmiana-przepisow-dostosowujacych-umowy-o-swiadczenie-uslug\/","title":{"rendered":"Prawo komunikacji elektronicznej z dnia 12 lipca 2024 r. \u2013 zmiana przepis\u00f3w dostosowuj\u0105cych Umowy o \u015bwiadczenie Us\u0142ug"},"content":{"rendered":"\n<p><br>dla Abonent\u00f3w, kt\u00f3rzy zawarli umowy na wzorcach umownych, zawieraj\u0105cych postanowienia odnosz\u0105ce si\u0119 do konsument\u00f3w<\/p>\n\n\n\n<p><a href=\"https:\/\/www.horyzont.net\/wp-content\/uploads\/Horyzont-informacja-na-www.pdf\" title=\"\">Informacja &#8212; Pobierz<\/a><\/p>\n\n\n\n<p><a href=\"https:\/\/www.horyzont.net\/wp-content\/uploads\/ZMO_ZMIANY-OGOLNE-Horyzont.pdf\" title=\"\">Og\u00f3lny wykaz zmian &#8212; Pobierz<\/a><\/p>\n\n\n\n<div data-wp-interactive=\"core\/file\" class=\"wp-block-file\"><object data-wp-bind--hidden=\"!state.hasPdfPreview\" hidden class=\"wp-block-file__embed\" data=\"https:\/\/www.horyzont.net\/wp-content\/uploads\/Horyzont-informacja-na-www.pdf\" type=\"application\/pdf\" style=\"width:100%;height:600px\" aria-label=\"\u0412\u0441\u0442\u0430\u0432\u043a\u0430 Horyzont - informacja na www\"><\/object><a id=\"wp-block-file--media-269790a9-e5c3-4490-a1fe-828a34e430a4\" href=\"https:\/\/www.horyzont.net\/wp-content\/uploads\/Horyzont-informacja-na-www.pdf\">Horyzont &#8212; informacja na www<\/a><a href=\"https:\/\/www.horyzont.net\/wp-content\/uploads\/Horyzont-informacja-na-www.pdf\" class=\"wp-block-file__button wp-element-button\" download aria-describedby=\"wp-block-file--media-269790a9-e5c3-4490-a1fe-828a34e430a4\">Pobierz<\/a><\/div>\n\n\n\n<div data-wp-interactive=\"core\/file\" class=\"wp-block-file\"><object data-wp-bind--hidden=\"!state.hasPdfPreview\" hidden class=\"wp-block-file__embed\" data=\"https:\/\/www.horyzont.net\/wp-content\/uploads\/ZMO_ZMIANY-OGOLNE-Horyzont.pdf\" type=\"application\/pdf\" style=\"width:100%;height:600px\" aria-label=\"\u0412\u0441\u0442\u0430\u0432\u043a\u0430 ZMO_ZMIANY OG\u00d3LNE Horyzont\"><\/object><a id=\"wp-block-file--media-61d34d16-beea-451c-bcb6-ae93e314a926\" href=\"https:\/\/www.horyzont.net\/wp-content\/uploads\/ZMO_ZMIANY-OGOLNE-Horyzont.pdf\">ZMO_ZMIANY OG\u00d3LNE Horyzont<\/a><a href=\"https:\/\/www.horyzont.net\/wp-content\/uploads\/ZMO_ZMIANY-OGOLNE-Horyzont.pdf\" class=\"wp-block-file__button wp-element-button\" download aria-describedby=\"wp-block-file--media-61d34d16-beea-451c-bcb6-ae93e314a926\">Pobierz<\/a><\/div>\n","protected":false},"excerpt":{"rendered":"<p>dla Abonent\u00f3w, kt\u00f3rzy zawarli umowy na wzorcach umownych, zawieraj\u0105cych postanowienia odnosz\u0105ce si\u0119 do konsument\u00f3w Informacja &#8212; Pobierz Og\u00f3lny wykaz zmian &#8212; Pobierz<\/p>\n","protected":false},"author":6,"featured_media":0,"parent":0,"menu_order":0,"comment_status":"closed","ping_status":"closed","template":"","meta":{"footnotes":""},"class_list":["post-2334","page","type-page","status-publish","hentry"],"aioseo_notices":[],"_links":{"self":[{"href":"https:\/\/www.horyzont.net\/ru\/wp-json\/wp\/v2\/pages\/2334","targetHints":{"allow":["GET"]}}],"collection":[{"href":"https:\/\/www.horyzont.net\/ru\/wp-json\/wp\/v2\/pages"}],"about":[{"href":"https:\/\/www.horyzont.net\/ru\/wp-json\/wp\/v2\/types\/page"}],"author":[{"embeddable":true,"href":"https:\/\/www.horyzont.net\/ru\/wp-json\/wp\/v2\/users\/6"}],"replies":[{"embeddable":true,"href":"https:\/\/www.horyzont.net\/ru\/wp-json\/wp\/v2\/comments?post=2334"}],"version-history":[{"count":3,"href":"https:\/\/www.horyzont.net\/ru\/wp-json\/wp\/v2\/pages\/2334\/revisions"}],"predecessor-version":[{"id":2351,"href":"https:\/\/www.horyzont.net\/ru\/wp-json\/wp\/v2\/pages\/2334\/revisions\/2351"}],"wp:attachment":[{"href":"https:\/\/www.horyzont.net\/ru\/wp-json\/wp\/v2\/media?parent=2334"}],"curies":[{"name":"wp","href":"https:\/\/api.w.org\/{rel}","templated":true}]}}