{"id":2339,"date":"2024-10-10T16:06:11","date_gmt":"2024-10-10T14:06:11","guid":{"rendered":"https:\/\/www.horyzont.net\/?page_id=2339"},"modified":"2024-10-10T21:33:13","modified_gmt":"2024-10-10T19:33:13","slug":"prawo-komunikacji-elektronicznej-z-dnia-12-lipca-2024-r-zmiana-przepisow-dostosowujacych-umowy-o-swiadczenie-uslug-2","status":"publish","type":"page","link":"https:\/\/www.horyzont.net\/ru\/prawo-komunikacji-elektronicznej-z-dnia-12-lipca-2024-r-zmiana-przepisow-dostosowujacych-umowy-o-swiadczenie-uslug-2\/","title":{"rendered":"Prawo komunikacji elektronicznej z dnia 12 lipca 2024 r. \u2013 zmiana przepis\u00f3w dostosowuj\u0105cych Umowy o \u015bwiadczenie Us\u0142ug"},"content":{"rendered":"\n<p><strong>dla pozosta\u0142ych Abonent\u00f3w<\/strong><\/p>\n\n\n\n<p><a href=\"https:\/\/www.horyzont.net\/wp-content\/uploads\/Horyzont-informacja-na-www-1.pdf\" title=\"\">Informacja &#8212; Pobierz<\/a><\/p>\n\n\n\n<p><a href=\"https:\/\/www.horyzont.net\/wp-content\/uploads\/ZMO_ZMIANY-OGOLNE-Horyzont-1.pdf\" title=\"\">Og\u00f3lny wykaz zmian &#8212; Pobierz<\/a><\/p>\n\n\n\n<div data-wp-interactive=\"core\/file\" class=\"wp-block-file\"><object data-wp-bind--hidden=\"!state.hasPdfPreview\" hidden class=\"wp-block-file__embed\" data=\"https:\/\/www.horyzont.net\/wp-content\/uploads\/Horyzont-informacja-na-www-1.pdf\" type=\"application\/pdf\" style=\"width:100%;height:600px\" aria-label=\"\u0412\u0441\u0442\u0430\u0432\u043a\u0430 Horyzont - informacja na www\"><\/object><a id=\"wp-block-file--media-32a75967-f21a-4e7c-a7df-fbcb8d8d78b9\" href=\"https:\/\/www.horyzont.net\/wp-content\/uploads\/Horyzont-informacja-na-www-1.pdf\">Horyzont &#8212; informacja na www<\/a><a href=\"https:\/\/www.horyzont.net\/wp-content\/uploads\/Horyzont-informacja-na-www-1.pdf\" class=\"wp-block-file__button wp-element-button\" download aria-describedby=\"wp-block-file--media-32a75967-f21a-4e7c-a7df-fbcb8d8d78b9\">Pobierz<\/a><\/div>\n\n\n\n<div data-wp-interactive=\"core\/file\" class=\"wp-block-file\"><object data-wp-bind--hidden=\"!state.hasPdfPreview\" hidden class=\"wp-block-file__embed\" data=\"https:\/\/www.horyzont.net\/wp-content\/uploads\/ZMO_ZMIANY-OGOLNE-Horyzont-1.pdf\" type=\"application\/pdf\" style=\"width:100%;height:600px\" aria-label=\"\u0412\u0441\u0442\u0430\u0432\u043a\u0430 ZMO_ZMIANY OG\u00d3LNE Horyzont\"><\/object><a id=\"wp-block-file--media-4fee636f-1e24-4ea8-a28e-32808ec9a233\" href=\"https:\/\/www.horyzont.net\/wp-content\/uploads\/ZMO_ZMIANY-OGOLNE-Horyzont-1.pdf\">ZMO_ZMIANY OG\u00d3LNE Horyzont<\/a><a href=\"https:\/\/www.horyzont.net\/wp-content\/uploads\/ZMO_ZMIANY-OGOLNE-Horyzont-1.pdf\" class=\"wp-block-file__button wp-element-button\" download aria-describedby=\"wp-block-file--media-4fee636f-1e24-4ea8-a28e-32808ec9a233\">Pobierz<\/a><\/div>\n","protected":false},"excerpt":{"rendered":"<p>dla pozosta\u0142ych Abonent\u00f3w Informacja &#8212; Pobierz Og\u00f3lny wykaz zmian &#8212; Pobierz<\/p>\n","protected":false},"author":6,"featured_media":0,"parent":0,"menu_order":0,"comment_status":"closed","ping_status":"closed","template":"","meta":{"footnotes":""},"class_list":["post-2339","page","type-page","status-publish","hentry"],"aioseo_notices":[],"_links":{"self":[{"href":"https:\/\/www.horyzont.net\/ru\/wp-json\/wp\/v2\/pages\/2339","targetHints":{"allow":["GET"]}}],"collection":[{"href":"https:\/\/www.horyzont.net\/ru\/wp-json\/wp\/v2\/pages"}],"about":[{"href":"https:\/\/www.horyzont.net\/ru\/wp-json\/wp\/v2\/types\/page"}],"author":[{"embeddable":true,"href":"https:\/\/www.horyzont.net\/ru\/wp-json\/wp\/v2\/users\/6"}],"replies":[{"embeddable":true,"href":"https:\/\/www.horyzont.net\/ru\/wp-json\/wp\/v2\/comments?post=2339"}],"version-history":[{"count":2,"href":"https:\/\/www.horyzont.net\/ru\/wp-json\/wp\/v2\/pages\/2339\/revisions"}],"predecessor-version":[{"id":2353,"href":"https:\/\/www.horyzont.net\/ru\/wp-json\/wp\/v2\/pages\/2339\/revisions\/2353"}],"wp:attachment":[{"href":"https:\/\/www.horyzont.net\/ru\/wp-json\/wp\/v2\/media?parent=2339"}],"curies":[{"name":"wp","href":"https:\/\/api.w.org\/{rel}","templated":true}]}}